{"id":7017,"date":"2020-11-02T22:08:38","date_gmt":"2020-11-02T21:08:38","guid":{"rendered":"https:\/\/www.scott.fr\/?post_type=product&#038;p=7017"},"modified":"2023-11-08T11:26:32","modified_gmt":"2023-11-08T10:26:32","slug":"t-shirt-nico-light-grey","status":"publish","type":"product","link":"https:\/\/www.scott.fr\/index.php\/produit\/t-shirt-nico-light-grey\/","title":{"rendered":"T-SHIRT RICO GRIS CLAIR"},"content":{"rendered":"","protected":false},"excerpt":{"rendered":"<p>T-shirt gris clair manches longues en pure coton avec un col rond, une s\u00e9rigraphie devant et des rayures au niveau des manches parfait pour look d\u00e9contract\u00e9.<\/p>\n<p>Composition: 100% coton<br \/>\nLavage: 30\u00b0 en machine<br \/>\nLogo: SCOTT<br \/>\nLe mannequin mesure 1m80 et porte la taille L.<\/p>\n","protected":false},"featured_media":7022,"comment_status":"open","ping_status":"closed","template":"","meta":{"_monsterinsights_skip_tracking":false,"_monsterinsights_sitenote_active":false,"_monsterinsights_sitenote_note":"","_monsterinsights_sitenote_category":0,"_themeisle_gutenberg_block_has_review":false,"_kad_post_transparent":"default","_kad_post_title":"","_kad_post_layout":"default","_kad_post_sidebar_id":"","_kad_post_content_style":"default","_kad_post_vertical_padding":"default","_kad_post_feature":"","_kad_post_feature_position":"","_kad_post_header":false,"_kad_post_footer":false},"product_cat":[16,19,65],"product_tag":[],"acf":[],"yoast_head":"<!-- This site is optimized with the Yoast SEO plugin v20.8 - https:\/\/yoast.com\/wordpress\/plugins\/seo\/ -->\n<title>T-SHIRT RICO GRIS CLAIR - SCOTT<\/title>\n<meta name=\"description\" content=\"Tee shirt col rond serigraphie Coloris : NAVY, LIGHT GREY Mati\u00e8re : 100% coton Entretien : lavage \u00e0 30\u00b0C\" \/>\n<meta name=\"robots\" content=\"index, follow, max-snippet:-1, max-image-preview:large, max-video-preview:-1\" \/>\n<link rel=\"canonical\" href=\"https:\/\/www.scott.fr\/index.php\/produit\/t-shirt-nico-light-grey\/\" \/>\n<meta property=\"og:locale\" content=\"fr_FR\" \/>\n<meta property=\"og:type\" content=\"article\" \/>\n<meta property=\"og:title\" content=\"T-SHIRT RICO GRIS CLAIR - SCOTT\" \/>\n<meta property=\"og:description\" content=\"Tee shirt col rond serigraphie Coloris : NAVY, LIGHT GREY Mati\u00e8re : 100% coton Entretien : lavage \u00e0 30\u00b0C\" \/>\n<meta property=\"og:url\" content=\"https:\/\/www.scott.fr\/index.php\/produit\/t-shirt-nico-light-grey\/\" \/>\n<meta property=\"og:site_name\" content=\"SCOTT\" \/>\n<meta property=\"article:publisher\" content=\"https:\/\/www.facebook.com\/ScottBrandFr\/\" \/>\n<meta property=\"article:modified_time\" content=\"2023-11-08T10:26:32+00:00\" \/>\n<meta property=\"og:image\" content=\"https:\/\/www.scott.fr\/wp-content\/uploads\/2020\/11\/1600248001-mg-1270-scaled.jpg\" \/>\n\t<meta property=\"og:image:width\" content=\"1707\" \/>\n\t<meta property=\"og:image:height\" content=\"2560\" \/>\n\t<meta property=\"og:image:type\" content=\"image\/jpeg\" \/>\n<meta name=\"twitter:card\" content=\"summary_large_image\" \/>\n<script type=\"application\/ld+json\" class=\"yoast-schema-graph\">{\"@context\":\"https:\/\/schema.org\",\"@graph\":[{\"@type\":\"WebPage\",\"@id\":\"https:\/\/www.scott.fr\/index.php\/produit\/t-shirt-nico-light-grey\/\",\"url\":\"https:\/\/www.scott.fr\/index.php\/produit\/t-shirt-nico-light-grey\/\",\"name\":\"T-SHIRT RICO GRIS CLAIR - SCOTT\",\"isPartOf\":{\"@id\":\"https:\/\/www.scott.fr\/#website\"},\"datePublished\":\"2020-11-02T21:08:38+00:00\",\"dateModified\":\"2023-11-08T10:26:32+00:00\",\"description\":\"Tee shirt col rond serigraphie Coloris : NAVY, LIGHT GREY Mati\u00e8re : 100% coton Entretien : lavage \u00e0 30\u00b0C\",\"breadcrumb\":{\"@id\":\"https:\/\/www.scott.fr\/index.php\/produit\/t-shirt-nico-light-grey\/#breadcrumb\"},\"inLanguage\":\"fr-FR\",\"potentialAction\":[{\"@type\":\"ReadAction\",\"target\":[\"https:\/\/www.scott.fr\/index.php\/produit\/t-shirt-nico-light-grey\/\"]}]},{\"@type\":\"BreadcrumbList\",\"@id\":\"https:\/\/www.scott.fr\/index.php\/produit\/t-shirt-nico-light-grey\/#breadcrumb\",\"itemListElement\":[{\"@type\":\"ListItem\",\"position\":1,\"name\":\"Accueil\",\"item\":\"https:\/\/www.scott.fr\/\"},{\"@type\":\"ListItem\",\"position\":2,\"name\":\"Produits\",\"item\":\"https:\/\/www.scott.fr\/index.php\/shop\/\"},{\"@type\":\"ListItem\",\"position\":3,\"name\":\"T-SHIRT RICO GRIS CLAIR\"}]},{\"@type\":\"WebSite\",\"@id\":\"https:\/\/www.scott.fr\/#website\",\"url\":\"https:\/\/www.scott.fr\/\",\"name\":\"SCOTT\",\"description\":\"Boutique de V\u00eatement Homme Femme et Enfant\",\"publisher\":{\"@id\":\"https:\/\/www.scott.fr\/#organization\"},\"potentialAction\":[{\"@type\":\"SearchAction\",\"target\":{\"@type\":\"EntryPoint\",\"urlTemplate\":\"https:\/\/www.scott.fr\/?s={search_term_string}\"},\"query-input\":\"required name=search_term_string\"}],\"inLanguage\":\"fr-FR\"},{\"@type\":\"Organization\",\"@id\":\"https:\/\/www.scott.fr\/#organization\",\"name\":\"Scott\",\"url\":\"https:\/\/www.scott.fr\/\",\"logo\":{\"@type\":\"ImageObject\",\"inLanguage\":\"fr-FR\",\"@id\":\"https:\/\/www.scott.fr\/#\/schema\/logo\/image\/\",\"url\":\"https:\/\/www.scott.fr\/wp-content\/uploads\/2021\/06\/Logo-Scott.png\",\"contentUrl\":\"https:\/\/www.scott.fr\/wp-content\/uploads\/2021\/06\/Logo-Scott.png\",\"width\":1080,\"height\":680,\"caption\":\"Scott\"},\"image\":{\"@id\":\"https:\/\/www.scott.fr\/#\/schema\/logo\/image\/\"},\"sameAs\":[\"https:\/\/www.facebook.com\/ScottBrandFr\/\",\"https:\/\/www.instagram.com\/scottbrandfr\/\"]}]}<\/script>\n<!-- \/ Yoast SEO plugin. -->","yoast_head_json":{"title":"T-SHIRT RICO GRIS CLAIR - SCOTT","description":"Tee shirt col rond serigraphie Coloris : NAVY, LIGHT GREY Mati\u00e8re : 100% coton Entretien : lavage \u00e0 30\u00b0C","robots":{"index":"index","follow":"follow","max-snippet":"max-snippet:-1","max-image-preview":"max-image-preview:large","max-video-preview":"max-video-preview:-1"},"canonical":"https:\/\/www.scott.fr\/index.php\/produit\/t-shirt-nico-light-grey\/","og_locale":"fr_FR","og_type":"article","og_title":"T-SHIRT RICO GRIS CLAIR - SCOTT","og_description":"Tee shirt col rond serigraphie Coloris : NAVY, LIGHT GREY Mati\u00e8re : 100% coton Entretien : lavage \u00e0 30\u00b0C","og_url":"https:\/\/www.scott.fr\/index.php\/produit\/t-shirt-nico-light-grey\/","og_site_name":"SCOTT","article_publisher":"https:\/\/www.facebook.com\/ScottBrandFr\/","article_modified_time":"2023-11-08T10:26:32+00:00","og_image":[{"width":1707,"height":2560,"url":"https:\/\/www.scott.fr\/wp-content\/uploads\/2020\/11\/1600248001-mg-1270-scaled.jpg","type":"image\/jpeg"}],"twitter_card":"summary_large_image","schema":{"@context":"https:\/\/schema.org","@graph":[{"@type":"WebPage","@id":"https:\/\/www.scott.fr\/index.php\/produit\/t-shirt-nico-light-grey\/","url":"https:\/\/www.scott.fr\/index.php\/produit\/t-shirt-nico-light-grey\/","name":"T-SHIRT RICO GRIS CLAIR - SCOTT","isPartOf":{"@id":"https:\/\/www.scott.fr\/#website"},"datePublished":"2020-11-02T21:08:38+00:00","dateModified":"2023-11-08T10:26:32+00:00","description":"Tee shirt col rond serigraphie Coloris : NAVY, LIGHT GREY Mati\u00e8re : 100% coton Entretien : lavage \u00e0 30\u00b0C","breadcrumb":{"@id":"https:\/\/www.scott.fr\/index.php\/produit\/t-shirt-nico-light-grey\/#breadcrumb"},"inLanguage":"fr-FR","potentialAction":[{"@type":"ReadAction","target":["https:\/\/www.scott.fr\/index.php\/produit\/t-shirt-nico-light-grey\/"]}]},{"@type":"BreadcrumbList","@id":"https:\/\/www.scott.fr\/index.php\/produit\/t-shirt-nico-light-grey\/#breadcrumb","itemListElement":[{"@type":"ListItem","position":1,"name":"Accueil","item":"https:\/\/www.scott.fr\/"},{"@type":"ListItem","position":2,"name":"Produits","item":"https:\/\/www.scott.fr\/index.php\/shop\/"},{"@type":"ListItem","position":3,"name":"T-SHIRT RICO GRIS CLAIR"}]},{"@type":"WebSite","@id":"https:\/\/www.scott.fr\/#website","url":"https:\/\/www.scott.fr\/","name":"SCOTT","description":"Boutique de V\u00eatement Homme Femme et Enfant","publisher":{"@id":"https:\/\/www.scott.fr\/#organization"},"potentialAction":[{"@type":"SearchAction","target":{"@type":"EntryPoint","urlTemplate":"https:\/\/www.scott.fr\/?s={search_term_string}"},"query-input":"required name=search_term_string"}],"inLanguage":"fr-FR"},{"@type":"Organization","@id":"https:\/\/www.scott.fr\/#organization","name":"Scott","url":"https:\/\/www.scott.fr\/","logo":{"@type":"ImageObject","inLanguage":"fr-FR","@id":"https:\/\/www.scott.fr\/#\/schema\/logo\/image\/","url":"https:\/\/www.scott.fr\/wp-content\/uploads\/2021\/06\/Logo-Scott.png","contentUrl":"https:\/\/www.scott.fr\/wp-content\/uploads\/2021\/06\/Logo-Scott.png","width":1080,"height":680,"caption":"Scott"},"image":{"@id":"https:\/\/www.scott.fr\/#\/schema\/logo\/image\/"},"sameAs":["https:\/\/www.facebook.com\/ScottBrandFr\/","https:\/\/www.instagram.com\/scottbrandfr\/"]}]}},"_links":{"self":[{"href":"https:\/\/www.scott.fr\/index.php\/wp-json\/wp\/v2\/product\/7017"}],"collection":[{"href":"https:\/\/www.scott.fr\/index.php\/wp-json\/wp\/v2\/product"}],"about":[{"href":"https:\/\/www.scott.fr\/index.php\/wp-json\/wp\/v2\/types\/product"}],"replies":[{"embeddable":true,"href":"https:\/\/www.scott.fr\/index.php\/wp-json\/wp\/v2\/comments?post=7017"}],"version-history":[{"count":4,"href":"https:\/\/www.scott.fr\/index.php\/wp-json\/wp\/v2\/product\/7017\/revisions"}],"predecessor-version":[{"id":17179,"href":"https:\/\/www.scott.fr\/index.php\/wp-json\/wp\/v2\/product\/7017\/revisions\/17179"}],"wp:featuredmedia":[{"embeddable":true,"href":"https:\/\/www.scott.fr\/index.php\/wp-json\/wp\/v2\/media\/7022"}],"wp:attachment":[{"href":"https:\/\/www.scott.fr\/index.php\/wp-json\/wp\/v2\/media?parent=7017"}],"wp:term":[{"taxonomy":"product_cat","embeddable":true,"href":"https:\/\/www.scott.fr\/index.php\/wp-json\/wp\/v2\/product_cat?post=7017"},{"taxonomy":"product_tag","embeddable":true,"href":"https:\/\/www.scott.fr\/index.php\/wp-json\/wp\/v2\/product_tag?post=7017"}],"curies":[{"name":"wp","href":"https:\/\/api.w.org\/{rel}","templated":true}]}}