{"id":4959,"date":"2019-07-04T15:33:37","date_gmt":"2019-07-04T13:33:37","guid":{"rendered":"https:\/\/www.scott.fr\/?post_type=product&#038;p=4959"},"modified":"2021-12-30T22:28:31","modified_gmt":"2021-12-30T21:28:31","slug":"parka-rudy-choco","status":"publish","type":"product","link":"https:\/\/www.scott.fr\/index.php\/produit\/parka-rudy-choco\/","title":{"rendered":"Parka Rudy &#8211; Choco fonc\u00e9"},"content":{"rendered":"","protected":false},"excerpt":{"rendered":"<div id=\"tabs-1\" class=\"ui-tabs-panel ui-widget-content ui-corner-bottom\" role=\"tabpanel\" aria-labelledby=\"ui-id-2\" aria-hidden=\"false\">Parka \u00e0 manches longues.<br \/>\nCol montant finition int\u00e9rieure velours c\u00f4tel\u00e9<br \/>\nCapuche et fausse synth\u00e9tique amovibles .<\/div>\n<div class=\"ui-tabs-panel ui-widget-content ui-corner-bottom\" role=\"tabpanel\" aria-labelledby=\"ui-id-2\" aria-hidden=\"false\">4 poches devant dont 2 avec\u00a0 zips .<\/div>\n<div class=\"ui-tabs-panel ui-widget-content ui-corner-bottom\" role=\"tabpanel\" aria-labelledby=\"ui-id-2\" aria-hidden=\"false\">Patch logo\u00a0 et petite poche zipp\u00e9e sur la manche .<\/div>\n<div class=\"ui-tabs-panel ui-widget-content ui-corner-bottom\" role=\"tabpanel\" aria-labelledby=\"ui-id-2\" aria-hidden=\"false\">2\u00a0 poches int\u00e9rieures dont 1 zipp\u00e9e<\/div>\n<div role=\"tabpanel\" aria-labelledby=\"ui-id-2\" aria-hidden=\"false\">Matelassage int\u00e9rieur<\/div>\n<div role=\"tabpanel\" aria-labelledby=\"ui-id-2\" aria-hidden=\"false\">Fermeture pressionn\u00e9e\u00a0 et zipp\u00e9e sous rabat<\/div>\n<div role=\"tabpanel\" aria-labelledby=\"ui-id-2\" aria-hidden=\"false\">Finition bord cote aux manches<\/div>\n<div role=\"tabpanel\" aria-labelledby=\"ui-id-2\" aria-hidden=\"false\">Cordon au dos \u00e0 la base<\/div>\n<div class=\"ui-tabs-panel ui-widget-content ui-corner-bottom\" role=\"tabpanel\" aria-labelledby=\"ui-id-2\" aria-hidden=\"false\">\n<p><b>Coloris<\/b> : choco fonc\u00e9<br \/>\n<b>Mati\u00e8re<\/b> : 100% polyester<br \/>\n<b>Mati\u00e8re doublure<\/b>\u00a0: 100% polyester<br \/>\n<b>Entretien<\/b>\u00a0: lavage \u00e0 30\u00b0C<\/p>\n<\/div>\n","protected":false},"featured_media":4964,"comment_status":"open","ping_status":"closed","template":"","meta":{"_monsterinsights_skip_tracking":false,"_monsterinsights_sitenote_active":false,"_monsterinsights_sitenote_note":"","_monsterinsights_sitenote_category":0,"_themeisle_gutenberg_block_has_review":false,"_kad_post_transparent":"","_kad_post_title":"","_kad_post_layout":"","_kad_post_sidebar_id":"","_kad_post_content_style":"","_kad_post_vertical_padding":"","_kad_post_feature":"","_kad_post_feature_position":"","_kad_post_header":false,"_kad_post_footer":false},"product_cat":[16,24],"product_tag":[],"acf":[],"yoast_head":"<!-- This site is optimized with the Yoast SEO plugin v20.8 - https:\/\/yoast.com\/wordpress\/plugins\/seo\/ -->\n<title>Parka Rudy - Choco fonc\u00e9 - SCOTT<\/title>\n<meta name=\"description\" content=\"Parka \u00e0 manches longues.Col montant finition int\u00e9rieure velours c\u00f4tel\u00e9Capuche et fausse synth\u00e9tique amovibles .4 poches devant dont 2 avec\u00a0 zips .Patch logo\u00a0 et petite poche zipp\u00e9e sur la manche .2\u00a0 poches int\u00e9rieures dont 1 zipp\u00e9eMatelassage int\u00e9rieurFermeture pressionn\u00e9e\u00a0 et zipp\u00e9e sous rabatFinition bord cote aux manchesCordon au dos \u00e0 la base\" \/>\n<meta name=\"robots\" content=\"index, follow, max-snippet:-1, max-image-preview:large, max-video-preview:-1\" \/>\n<link rel=\"canonical\" href=\"https:\/\/www.scott.fr\/index.php\/produit\/parka-rudy-choco\/\" \/>\n<meta property=\"og:locale\" content=\"fr_FR\" \/>\n<meta property=\"og:type\" content=\"article\" \/>\n<meta property=\"og:title\" content=\"Parka Rudy - Choco fonc\u00e9 - SCOTT\" \/>\n<meta property=\"og:description\" content=\"Parka \u00e0 manches longues.Col montant finition int\u00e9rieure velours c\u00f4tel\u00e9Capuche et fausse synth\u00e9tique amovibles .4 poches devant dont 2 avec\u00a0 zips .Patch logo\u00a0 et petite poche zipp\u00e9e sur la manche .2\u00a0 poches int\u00e9rieures dont 1 zipp\u00e9eMatelassage int\u00e9rieurFermeture pressionn\u00e9e\u00a0 et zipp\u00e9e sous rabatFinition bord cote aux manchesCordon au dos \u00e0 la base\" \/>\n<meta property=\"og:url\" content=\"https:\/\/www.scott.fr\/index.php\/produit\/parka-rudy-choco\/\" \/>\n<meta property=\"og:site_name\" content=\"SCOTT\" \/>\n<meta property=\"article:publisher\" content=\"https:\/\/www.facebook.com\/ScottBrandFr\/\" \/>\n<meta property=\"article:modified_time\" content=\"2021-12-30T21:28:31+00:00\" \/>\n<meta property=\"og:image\" content=\"https:\/\/www.scott.fr\/wp-content\/uploads\/2019\/07\/1.jpg\" \/>\n\t<meta property=\"og:image:width\" content=\"800\" \/>\n\t<meta property=\"og:image:height\" content=\"1200\" \/>\n\t<meta property=\"og:image:type\" content=\"image\/jpeg\" \/>\n<meta name=\"twitter:card\" content=\"summary_large_image\" \/>\n<script type=\"application\/ld+json\" class=\"yoast-schema-graph\">{\"@context\":\"https:\/\/schema.org\",\"@graph\":[{\"@type\":\"WebPage\",\"@id\":\"https:\/\/www.scott.fr\/index.php\/produit\/parka-rudy-choco\/\",\"url\":\"https:\/\/www.scott.fr\/index.php\/produit\/parka-rudy-choco\/\",\"name\":\"Parka Rudy - Choco fonc\u00e9 - SCOTT\",\"isPartOf\":{\"@id\":\"https:\/\/www.scott.fr\/#website\"},\"datePublished\":\"2019-07-04T13:33:37+00:00\",\"dateModified\":\"2021-12-30T21:28:31+00:00\",\"description\":\"Parka \u00e0 manches longues.Col montant finition int\u00e9rieure velours c\u00f4tel\u00e9Capuche et fausse synth\u00e9tique amovibles .4 poches devant dont 2 avec\u00a0 zips .Patch logo\u00a0 et petite poche zipp\u00e9e sur la manche .2\u00a0 poches int\u00e9rieures dont 1 zipp\u00e9eMatelassage int\u00e9rieurFermeture pressionn\u00e9e\u00a0 et zipp\u00e9e sous rabatFinition bord cote aux manchesCordon au dos \u00e0 la base\",\"breadcrumb\":{\"@id\":\"https:\/\/www.scott.fr\/index.php\/produit\/parka-rudy-choco\/#breadcrumb\"},\"inLanguage\":\"fr-FR\",\"potentialAction\":[{\"@type\":\"ReadAction\",\"target\":[\"https:\/\/www.scott.fr\/index.php\/produit\/parka-rudy-choco\/\"]}]},{\"@type\":\"BreadcrumbList\",\"@id\":\"https:\/\/www.scott.fr\/index.php\/produit\/parka-rudy-choco\/#breadcrumb\",\"itemListElement\":[{\"@type\":\"ListItem\",\"position\":1,\"name\":\"Accueil\",\"item\":\"https:\/\/www.scott.fr\/\"},{\"@type\":\"ListItem\",\"position\":2,\"name\":\"Produits\",\"item\":\"https:\/\/www.scott.fr\/index.php\/shop\/\"},{\"@type\":\"ListItem\",\"position\":3,\"name\":\"Parka Rudy &#8211; Choco fonc\u00e9\"}]},{\"@type\":\"WebSite\",\"@id\":\"https:\/\/www.scott.fr\/#website\",\"url\":\"https:\/\/www.scott.fr\/\",\"name\":\"SCOTT\",\"description\":\"Boutique de V\u00eatement Homme Femme et Enfant\",\"publisher\":{\"@id\":\"https:\/\/www.scott.fr\/#organization\"},\"potentialAction\":[{\"@type\":\"SearchAction\",\"target\":{\"@type\":\"EntryPoint\",\"urlTemplate\":\"https:\/\/www.scott.fr\/?s={search_term_string}\"},\"query-input\":\"required name=search_term_string\"}],\"inLanguage\":\"fr-FR\"},{\"@type\":\"Organization\",\"@id\":\"https:\/\/www.scott.fr\/#organization\",\"name\":\"Scott\",\"url\":\"https:\/\/www.scott.fr\/\",\"logo\":{\"@type\":\"ImageObject\",\"inLanguage\":\"fr-FR\",\"@id\":\"https:\/\/www.scott.fr\/#\/schema\/logo\/image\/\",\"url\":\"https:\/\/www.scott.fr\/wp-content\/uploads\/2021\/06\/Logo-Scott.png\",\"contentUrl\":\"https:\/\/www.scott.fr\/wp-content\/uploads\/2021\/06\/Logo-Scott.png\",\"width\":1080,\"height\":680,\"caption\":\"Scott\"},\"image\":{\"@id\":\"https:\/\/www.scott.fr\/#\/schema\/logo\/image\/\"},\"sameAs\":[\"https:\/\/www.facebook.com\/ScottBrandFr\/\",\"https:\/\/www.instagram.com\/scottbrandfr\/\"]}]}<\/script>\n<!-- \/ Yoast SEO plugin. -->","yoast_head_json":{"title":"Parka Rudy - Choco fonc\u00e9 - SCOTT","description":"Parka \u00e0 manches longues.Col montant finition int\u00e9rieure velours c\u00f4tel\u00e9Capuche et fausse synth\u00e9tique amovibles .4 poches devant dont 2 avec\u00a0 zips .Patch logo\u00a0 et petite poche zipp\u00e9e sur la manche .2\u00a0 poches int\u00e9rieures dont 1 zipp\u00e9eMatelassage int\u00e9rieurFermeture pressionn\u00e9e\u00a0 et zipp\u00e9e sous rabatFinition bord cote aux manchesCordon au dos \u00e0 la base","robots":{"index":"index","follow":"follow","max-snippet":"max-snippet:-1","max-image-preview":"max-image-preview:large","max-video-preview":"max-video-preview:-1"},"canonical":"https:\/\/www.scott.fr\/index.php\/produit\/parka-rudy-choco\/","og_locale":"fr_FR","og_type":"article","og_title":"Parka Rudy - Choco fonc\u00e9 - SCOTT","og_description":"Parka \u00e0 manches longues.Col montant finition int\u00e9rieure velours c\u00f4tel\u00e9Capuche et fausse synth\u00e9tique amovibles .4 poches devant dont 2 avec\u00a0 zips .Patch logo\u00a0 et petite poche zipp\u00e9e sur la manche .2\u00a0 poches int\u00e9rieures dont 1 zipp\u00e9eMatelassage int\u00e9rieurFermeture pressionn\u00e9e\u00a0 et zipp\u00e9e sous rabatFinition bord cote aux manchesCordon au dos \u00e0 la base","og_url":"https:\/\/www.scott.fr\/index.php\/produit\/parka-rudy-choco\/","og_site_name":"SCOTT","article_publisher":"https:\/\/www.facebook.com\/ScottBrandFr\/","article_modified_time":"2021-12-30T21:28:31+00:00","og_image":[{"width":800,"height":1200,"url":"https:\/\/www.scott.fr\/wp-content\/uploads\/2019\/07\/1.jpg","type":"image\/jpeg"}],"twitter_card":"summary_large_image","schema":{"@context":"https:\/\/schema.org","@graph":[{"@type":"WebPage","@id":"https:\/\/www.scott.fr\/index.php\/produit\/parka-rudy-choco\/","url":"https:\/\/www.scott.fr\/index.php\/produit\/parka-rudy-choco\/","name":"Parka Rudy - Choco fonc\u00e9 - SCOTT","isPartOf":{"@id":"https:\/\/www.scott.fr\/#website"},"datePublished":"2019-07-04T13:33:37+00:00","dateModified":"2021-12-30T21:28:31+00:00","description":"Parka \u00e0 manches longues.Col montant finition int\u00e9rieure velours c\u00f4tel\u00e9Capuche et fausse synth\u00e9tique amovibles .4 poches devant dont 2 avec\u00a0 zips .Patch logo\u00a0 et petite poche zipp\u00e9e sur la manche .2\u00a0 poches int\u00e9rieures dont 1 zipp\u00e9eMatelassage int\u00e9rieurFermeture pressionn\u00e9e\u00a0 et zipp\u00e9e sous rabatFinition bord cote aux manchesCordon au dos \u00e0 la base","breadcrumb":{"@id":"https:\/\/www.scott.fr\/index.php\/produit\/parka-rudy-choco\/#breadcrumb"},"inLanguage":"fr-FR","potentialAction":[{"@type":"ReadAction","target":["https:\/\/www.scott.fr\/index.php\/produit\/parka-rudy-choco\/"]}]},{"@type":"BreadcrumbList","@id":"https:\/\/www.scott.fr\/index.php\/produit\/parka-rudy-choco\/#breadcrumb","itemListElement":[{"@type":"ListItem","position":1,"name":"Accueil","item":"https:\/\/www.scott.fr\/"},{"@type":"ListItem","position":2,"name":"Produits","item":"https:\/\/www.scott.fr\/index.php\/shop\/"},{"@type":"ListItem","position":3,"name":"Parka Rudy &#8211; Choco fonc\u00e9"}]},{"@type":"WebSite","@id":"https:\/\/www.scott.fr\/#website","url":"https:\/\/www.scott.fr\/","name":"SCOTT","description":"Boutique de V\u00eatement Homme Femme et Enfant","publisher":{"@id":"https:\/\/www.scott.fr\/#organization"},"potentialAction":[{"@type":"SearchAction","target":{"@type":"EntryPoint","urlTemplate":"https:\/\/www.scott.fr\/?s={search_term_string}"},"query-input":"required name=search_term_string"}],"inLanguage":"fr-FR"},{"@type":"Organization","@id":"https:\/\/www.scott.fr\/#organization","name":"Scott","url":"https:\/\/www.scott.fr\/","logo":{"@type":"ImageObject","inLanguage":"fr-FR","@id":"https:\/\/www.scott.fr\/#\/schema\/logo\/image\/","url":"https:\/\/www.scott.fr\/wp-content\/uploads\/2021\/06\/Logo-Scott.png","contentUrl":"https:\/\/www.scott.fr\/wp-content\/uploads\/2021\/06\/Logo-Scott.png","width":1080,"height":680,"caption":"Scott"},"image":{"@id":"https:\/\/www.scott.fr\/#\/schema\/logo\/image\/"},"sameAs":["https:\/\/www.facebook.com\/ScottBrandFr\/","https:\/\/www.instagram.com\/scottbrandfr\/"]}]}},"_links":{"self":[{"href":"https:\/\/www.scott.fr\/index.php\/wp-json\/wp\/v2\/product\/4959"}],"collection":[{"href":"https:\/\/www.scott.fr\/index.php\/wp-json\/wp\/v2\/product"}],"about":[{"href":"https:\/\/www.scott.fr\/index.php\/wp-json\/wp\/v2\/types\/product"}],"replies":[{"embeddable":true,"href":"https:\/\/www.scott.fr\/index.php\/wp-json\/wp\/v2\/comments?post=4959"}],"version-history":[{"count":1,"href":"https:\/\/www.scott.fr\/index.php\/wp-json\/wp\/v2\/product\/4959\/revisions"}],"predecessor-version":[{"id":8432,"href":"https:\/\/www.scott.fr\/index.php\/wp-json\/wp\/v2\/product\/4959\/revisions\/8432"}],"wp:featuredmedia":[{"embeddable":true,"href":"https:\/\/www.scott.fr\/index.php\/wp-json\/wp\/v2\/media\/4964"}],"wp:attachment":[{"href":"https:\/\/www.scott.fr\/index.php\/wp-json\/wp\/v2\/media?parent=4959"}],"wp:term":[{"taxonomy":"product_cat","embeddable":true,"href":"https:\/\/www.scott.fr\/index.php\/wp-json\/wp\/v2\/product_cat?post=4959"},{"taxonomy":"product_tag","embeddable":true,"href":"https:\/\/www.scott.fr\/index.php\/wp-json\/wp\/v2\/product_tag?post=4959"}],"curies":[{"name":"wp","href":"https:\/\/api.w.org\/{rel}","templated":true}]}}