{"id":3575,"date":"2019-06-18T20:32:34","date_gmt":"2019-06-18T18:32:34","guid":{"rendered":"https:\/\/www.scott.fr\/?post_type=product&#038;p=3575"},"modified":"2026-04-10T13:51:27","modified_gmt":"2026-04-10T11:51:27","slug":"cire-l-22-bleu","status":"publish","type":"product","link":"https:\/\/www.scott.fr\/index.php\/produit\/cire-l-22-bleu\/","title":{"rendered":"PARKA CIRE-L 22 BLEU MARINE"},"content":{"rendered":"<p>Ce parka cire-L 22 bleu marine avec une coupe d\u00e9contract\u00e9e, une capuche avec cordon de serrage et une doublure \u00e0 motif rayures, et une fermeture zipp\u00e9e r\u00e9siste les environnements froids.<\/p>\n","protected":false},"excerpt":{"rendered":"<p>Un incontournable de toute garde-robe ext\u00e9rieur, ce parka bleu marine avec une coupe d\u00e9contract\u00e9e, une capuche avec cordon de serrage et une doublure \u00e0 motif rayures, et une fermeture zipp\u00e9e r\u00e9siste les environnements froids. Chaleur et confort garantis.<\/p>\n<p>Composition: 100% Polyester<br \/>\nLavage: 30\u00b0 en machine<br \/>\nLogo: SCOTT<\/p>\n<p>Le mannequin mesure 1m70 et porte la taille S<\/p>\n","protected":false},"featured_media":8865,"comment_status":"open","ping_status":"closed","template":"","meta":{"_monsterinsights_skip_tracking":false,"_monsterinsights_sitenote_active":false,"_monsterinsights_sitenote_note":"","_monsterinsights_sitenote_category":0,"_themeisle_gutenberg_block_has_review":false,"_kad_post_transparent":"default","_kad_post_title":"","_kad_post_layout":"default","_kad_post_sidebar_id":"","_kad_post_content_style":"default","_kad_post_vertical_padding":"default","_kad_post_feature":"","_kad_post_feature_position":"","_kad_post_header":false,"_kad_post_footer":false},"product_cat":[17,76],"product_tag":[],"acf":[],"yoast_head":"<!-- This site is optimized with the Yoast SEO plugin v20.8 - https:\/\/yoast.com\/wordpress\/plugins\/seo\/ -->\n<title>PARKA CIRE-L 22 BLEU MARINE SCOTT<\/title>\n<meta name=\"description\" content=\"Ce parka cire-L 22 bleu marine avec une coupe d\u00e9contract\u00e9e, une capuche avec cordon de serrage et une doublure \u00e0 motif rayures, et une fermeture zipp\u00e9e r\u00e9siste les environnements froids.\" \/>\n<meta name=\"robots\" content=\"index, follow, max-snippet:-1, max-image-preview:large, max-video-preview:-1\" \/>\n<link rel=\"canonical\" href=\"https:\/\/www.scott.fr\/index.php\/produit\/cire-l-22-bleu\/\" \/>\n<meta property=\"og:locale\" content=\"fr_FR\" \/>\n<meta property=\"og:type\" content=\"article\" \/>\n<meta property=\"og:title\" content=\"PARKA CIRE-L 22 BLEU MARINE SCOTT\" \/>\n<meta property=\"og:description\" content=\"Ce parka cire-L 22 bleu marine avec une coupe d\u00e9contract\u00e9e, une capuche avec cordon de serrage et une doublure \u00e0 motif rayures, et une fermeture zipp\u00e9e r\u00e9siste les environnements froids.\" \/>\n<meta property=\"og:url\" content=\"https:\/\/www.scott.fr\/index.php\/produit\/cire-l-22-bleu\/\" \/>\n<meta property=\"og:site_name\" content=\"SCOTT\" \/>\n<meta property=\"article:publisher\" content=\"https:\/\/www.facebook.com\/ScottBrandFr\/\" \/>\n<meta property=\"article:modified_time\" content=\"2026-04-10T11:51:27+00:00\" \/>\n<meta property=\"og:image\" content=\"https:\/\/www.scott.fr\/wp-content\/uploads\/2019\/06\/Femme-cire01.jpg\" \/>\n\t<meta property=\"og:image:width\" content=\"800\" \/>\n\t<meta property=\"og:image:height\" content=\"1200\" \/>\n\t<meta property=\"og:image:type\" content=\"image\/jpeg\" \/>\n<meta name=\"twitter:card\" content=\"summary_large_image\" \/>\n<meta name=\"twitter:label1\" content=\"Dur\u00e9e de lecture estim\u00e9e\" \/>\n\t<meta name=\"twitter:data1\" content=\"1 minute\" \/>\n<script type=\"application\/ld+json\" class=\"yoast-schema-graph\">{\"@context\":\"https:\/\/schema.org\",\"@graph\":[{\"@type\":\"WebPage\",\"@id\":\"https:\/\/www.scott.fr\/index.php\/produit\/cire-l-22-bleu\/\",\"url\":\"https:\/\/www.scott.fr\/index.php\/produit\/cire-l-22-bleu\/\",\"name\":\"PARKA CIRE-L 22 BLEU MARINE SCOTT\",\"isPartOf\":{\"@id\":\"https:\/\/www.scott.fr\/#website\"},\"datePublished\":\"2019-06-18T18:32:34+00:00\",\"dateModified\":\"2026-04-10T11:51:27+00:00\",\"description\":\"Ce parka cire-L 22 bleu marine avec une coupe d\u00e9contract\u00e9e, une capuche avec cordon de serrage et une doublure \u00e0 motif rayures, et une fermeture zipp\u00e9e r\u00e9siste les environnements froids.\",\"breadcrumb\":{\"@id\":\"https:\/\/www.scott.fr\/index.php\/produit\/cire-l-22-bleu\/#breadcrumb\"},\"inLanguage\":\"fr-FR\",\"potentialAction\":[{\"@type\":\"ReadAction\",\"target\":[\"https:\/\/www.scott.fr\/index.php\/produit\/cire-l-22-bleu\/\"]}]},{\"@type\":\"BreadcrumbList\",\"@id\":\"https:\/\/www.scott.fr\/index.php\/produit\/cire-l-22-bleu\/#breadcrumb\",\"itemListElement\":[{\"@type\":\"ListItem\",\"position\":1,\"name\":\"Accueil\",\"item\":\"https:\/\/www.scott.fr\/\"},{\"@type\":\"ListItem\",\"position\":2,\"name\":\"Produits\",\"item\":\"https:\/\/www.scott.fr\/index.php\/shop\/\"},{\"@type\":\"ListItem\",\"position\":3,\"name\":\"PARKA CIRE-L 22 BLEU MARINE\"}]},{\"@type\":\"WebSite\",\"@id\":\"https:\/\/www.scott.fr\/#website\",\"url\":\"https:\/\/www.scott.fr\/\",\"name\":\"SCOTT\",\"description\":\"Boutique de V\u00eatement Homme Femme et Enfant\",\"publisher\":{\"@id\":\"https:\/\/www.scott.fr\/#organization\"},\"potentialAction\":[{\"@type\":\"SearchAction\",\"target\":{\"@type\":\"EntryPoint\",\"urlTemplate\":\"https:\/\/www.scott.fr\/?s={search_term_string}\"},\"query-input\":\"required name=search_term_string\"}],\"inLanguage\":\"fr-FR\"},{\"@type\":\"Organization\",\"@id\":\"https:\/\/www.scott.fr\/#organization\",\"name\":\"Scott\",\"url\":\"https:\/\/www.scott.fr\/\",\"logo\":{\"@type\":\"ImageObject\",\"inLanguage\":\"fr-FR\",\"@id\":\"https:\/\/www.scott.fr\/#\/schema\/logo\/image\/\",\"url\":\"https:\/\/www.scott.fr\/wp-content\/uploads\/2021\/06\/Logo-Scott.png\",\"contentUrl\":\"https:\/\/www.scott.fr\/wp-content\/uploads\/2021\/06\/Logo-Scott.png\",\"width\":1080,\"height\":680,\"caption\":\"Scott\"},\"image\":{\"@id\":\"https:\/\/www.scott.fr\/#\/schema\/logo\/image\/\"},\"sameAs\":[\"https:\/\/www.facebook.com\/ScottBrandFr\/\",\"https:\/\/www.instagram.com\/scottbrandfr\/\"]}]}<\/script>\n<!-- \/ Yoast SEO plugin. -->","yoast_head_json":{"title":"PARKA CIRE-L 22 BLEU MARINE SCOTT","description":"Ce parka cire-L 22 bleu marine avec une coupe d\u00e9contract\u00e9e, une capuche avec cordon de serrage et une doublure \u00e0 motif rayures, et une fermeture zipp\u00e9e r\u00e9siste les environnements froids.","robots":{"index":"index","follow":"follow","max-snippet":"max-snippet:-1","max-image-preview":"max-image-preview:large","max-video-preview":"max-video-preview:-1"},"canonical":"https:\/\/www.scott.fr\/index.php\/produit\/cire-l-22-bleu\/","og_locale":"fr_FR","og_type":"article","og_title":"PARKA CIRE-L 22 BLEU MARINE SCOTT","og_description":"Ce parka cire-L 22 bleu marine avec une coupe d\u00e9contract\u00e9e, une capuche avec cordon de serrage et une doublure \u00e0 motif rayures, et une fermeture zipp\u00e9e r\u00e9siste les environnements froids.","og_url":"https:\/\/www.scott.fr\/index.php\/produit\/cire-l-22-bleu\/","og_site_name":"SCOTT","article_publisher":"https:\/\/www.facebook.com\/ScottBrandFr\/","article_modified_time":"2026-04-10T11:51:27+00:00","og_image":[{"width":800,"height":1200,"url":"https:\/\/www.scott.fr\/wp-content\/uploads\/2019\/06\/Femme-cire01.jpg","type":"image\/jpeg"}],"twitter_card":"summary_large_image","twitter_misc":{"Dur\u00e9e de lecture estim\u00e9e":"1 minute"},"schema":{"@context":"https:\/\/schema.org","@graph":[{"@type":"WebPage","@id":"https:\/\/www.scott.fr\/index.php\/produit\/cire-l-22-bleu\/","url":"https:\/\/www.scott.fr\/index.php\/produit\/cire-l-22-bleu\/","name":"PARKA CIRE-L 22 BLEU MARINE SCOTT","isPartOf":{"@id":"https:\/\/www.scott.fr\/#website"},"datePublished":"2019-06-18T18:32:34+00:00","dateModified":"2026-04-10T11:51:27+00:00","description":"Ce parka cire-L 22 bleu marine avec une coupe d\u00e9contract\u00e9e, une capuche avec cordon de serrage et une doublure \u00e0 motif rayures, et une fermeture zipp\u00e9e r\u00e9siste les environnements froids.","breadcrumb":{"@id":"https:\/\/www.scott.fr\/index.php\/produit\/cire-l-22-bleu\/#breadcrumb"},"inLanguage":"fr-FR","potentialAction":[{"@type":"ReadAction","target":["https:\/\/www.scott.fr\/index.php\/produit\/cire-l-22-bleu\/"]}]},{"@type":"BreadcrumbList","@id":"https:\/\/www.scott.fr\/index.php\/produit\/cire-l-22-bleu\/#breadcrumb","itemListElement":[{"@type":"ListItem","position":1,"name":"Accueil","item":"https:\/\/www.scott.fr\/"},{"@type":"ListItem","position":2,"name":"Produits","item":"https:\/\/www.scott.fr\/index.php\/shop\/"},{"@type":"ListItem","position":3,"name":"PARKA CIRE-L 22 BLEU MARINE"}]},{"@type":"WebSite","@id":"https:\/\/www.scott.fr\/#website","url":"https:\/\/www.scott.fr\/","name":"SCOTT","description":"Boutique de V\u00eatement Homme Femme et Enfant","publisher":{"@id":"https:\/\/www.scott.fr\/#organization"},"potentialAction":[{"@type":"SearchAction","target":{"@type":"EntryPoint","urlTemplate":"https:\/\/www.scott.fr\/?s={search_term_string}"},"query-input":"required name=search_term_string"}],"inLanguage":"fr-FR"},{"@type":"Organization","@id":"https:\/\/www.scott.fr\/#organization","name":"Scott","url":"https:\/\/www.scott.fr\/","logo":{"@type":"ImageObject","inLanguage":"fr-FR","@id":"https:\/\/www.scott.fr\/#\/schema\/logo\/image\/","url":"https:\/\/www.scott.fr\/wp-content\/uploads\/2021\/06\/Logo-Scott.png","contentUrl":"https:\/\/www.scott.fr\/wp-content\/uploads\/2021\/06\/Logo-Scott.png","width":1080,"height":680,"caption":"Scott"},"image":{"@id":"https:\/\/www.scott.fr\/#\/schema\/logo\/image\/"},"sameAs":["https:\/\/www.facebook.com\/ScottBrandFr\/","https:\/\/www.instagram.com\/scottbrandfr\/"]}]}},"_links":{"self":[{"href":"https:\/\/www.scott.fr\/index.php\/wp-json\/wp\/v2\/product\/3575"}],"collection":[{"href":"https:\/\/www.scott.fr\/index.php\/wp-json\/wp\/v2\/product"}],"about":[{"href":"https:\/\/www.scott.fr\/index.php\/wp-json\/wp\/v2\/types\/product"}],"replies":[{"embeddable":true,"href":"https:\/\/www.scott.fr\/index.php\/wp-json\/wp\/v2\/comments?post=3575"}],"version-history":[{"count":9,"href":"https:\/\/www.scott.fr\/index.php\/wp-json\/wp\/v2\/product\/3575\/revisions"}],"predecessor-version":[{"id":23593,"href":"https:\/\/www.scott.fr\/index.php\/wp-json\/wp\/v2\/product\/3575\/revisions\/23593"}],"wp:featuredmedia":[{"embeddable":true,"href":"https:\/\/www.scott.fr\/index.php\/wp-json\/wp\/v2\/media\/8865"}],"wp:attachment":[{"href":"https:\/\/www.scott.fr\/index.php\/wp-json\/wp\/v2\/media?parent=3575"}],"wp:term":[{"taxonomy":"product_cat","embeddable":true,"href":"https:\/\/www.scott.fr\/index.php\/wp-json\/wp\/v2\/product_cat?post=3575"},{"taxonomy":"product_tag","embeddable":true,"href":"https:\/\/www.scott.fr\/index.php\/wp-json\/wp\/v2\/product_tag?post=3575"}],"curies":[{"name":"wp","href":"https:\/\/api.w.org\/{rel}","templated":true}]}}