{"id":3540,"date":"2019-06-18T20:23:11","date_gmt":"2019-06-18T18:23:11","guid":{"rendered":"https:\/\/www.scott.fr\/?post_type=product&#038;p=3540"},"modified":"2025-09-29T10:12:13","modified_gmt":"2025-09-29T08:12:13","slug":"cire-cirel-blanc","status":"publish","type":"product","link":"https:\/\/www.scott.fr\/index.php\/produit\/cire-cirel-blanc\/","title":{"rendered":"PARKA CIRE-L 22 BLANC"},"content":{"rendered":"","protected":false},"excerpt":{"rendered":"<p>Un incontournable de toute garde-robe ext\u00e9rieur, ce parka blanc avec une coupe d\u00e9contract\u00e9e, une capuche avec cordon de serrage et une doublure \u00e0 motif rayures, et une fermeture zipp\u00e9e r\u00e9siste les environnements froids. Chaleur et confort garantis.<\/p>\n<p>Composition: 100% Polyester<br \/>\nLavage: 30\u00b0 en machine<br \/>\nLogo: SCOTT<\/p>\n<p>Le mannequin mesure 1m70 et porte la taille S<\/p>\n","protected":false},"featured_media":18606,"comment_status":"open","ping_status":"closed","template":"","meta":{"_monsterinsights_skip_tracking":false,"_monsterinsights_sitenote_active":false,"_monsterinsights_sitenote_note":"","_monsterinsights_sitenote_category":0,"_themeisle_gutenberg_block_has_review":false,"_kad_post_transparent":"default","_kad_post_title":"","_kad_post_layout":"default","_kad_post_sidebar_id":"","_kad_post_content_style":"default","_kad_post_vertical_padding":"default","_kad_post_feature":"","_kad_post_feature_position":"","_kad_post_header":false,"_kad_post_footer":false},"product_cat":[17,76],"product_tag":[],"acf":[],"yoast_head":"<!-- This site is optimized with the Yoast SEO plugin v20.8 - https:\/\/yoast.com\/wordpress\/plugins\/seo\/ -->\n<title>PARKA CIRE-L 22 BLANC - SCOTT<\/title>\n<meta name=\"description\" content=\"Cir\u00e9.Capuche avec liens de serrage.Manches longues.2 poches devant.Poche int\u00e9rieure.Logo \u00e0 la base.Doublure \u00e0 rayures int\u00e9gr\u00e9e.Fermeture zipp\u00e9e sous patte pressionn\u00e9e.Coloris : blancMati\u00e8re : 100% polyesterMati\u00e8re doublure : 100 %\u00a0 polyesterEntretien : lavage \u00e0 30\u00b0C\" \/>\n<meta name=\"robots\" content=\"index, follow, max-snippet:-1, max-image-preview:large, max-video-preview:-1\" \/>\n<link rel=\"canonical\" href=\"https:\/\/www.scott.fr\/index.php\/produit\/cire-cirel-blanc\/\" \/>\n<meta property=\"og:locale\" content=\"fr_FR\" \/>\n<meta property=\"og:type\" content=\"article\" \/>\n<meta property=\"og:title\" content=\"PARKA CIRE-L 22 BLANC - SCOTT\" \/>\n<meta property=\"og:description\" content=\"Cir\u00e9.Capuche avec liens de serrage.Manches longues.2 poches devant.Poche int\u00e9rieure.Logo \u00e0 la base.Doublure \u00e0 rayures int\u00e9gr\u00e9e.Fermeture zipp\u00e9e sous patte pressionn\u00e9e.Coloris : blancMati\u00e8re : 100% polyesterMati\u00e8re doublure : 100 %\u00a0 polyesterEntretien : lavage \u00e0 30\u00b0C\" \/>\n<meta property=\"og:url\" content=\"https:\/\/www.scott.fr\/index.php\/produit\/cire-cirel-blanc\/\" \/>\n<meta property=\"og:site_name\" content=\"SCOTT\" \/>\n<meta property=\"article:publisher\" content=\"https:\/\/www.facebook.com\/ScottBrandFr\/\" \/>\n<meta property=\"article:modified_time\" content=\"2025-09-29T08:12:13+00:00\" \/>\n<meta property=\"og:image\" content=\"https:\/\/www.scott.fr\/wp-content\/uploads\/2019\/06\/1-137-removebg-preview.png\" \/>\n\t<meta property=\"og:image:width\" content=\"408\" \/>\n\t<meta property=\"og:image:height\" content=\"612\" \/>\n\t<meta property=\"og:image:type\" content=\"image\/png\" \/>\n<meta name=\"twitter:card\" content=\"summary_large_image\" \/>\n<script type=\"application\/ld+json\" class=\"yoast-schema-graph\">{\"@context\":\"https:\/\/schema.org\",\"@graph\":[{\"@type\":\"WebPage\",\"@id\":\"https:\/\/www.scott.fr\/index.php\/produit\/cire-cirel-blanc\/\",\"url\":\"https:\/\/www.scott.fr\/index.php\/produit\/cire-cirel-blanc\/\",\"name\":\"PARKA CIRE-L 22 BLANC - SCOTT\",\"isPartOf\":{\"@id\":\"https:\/\/www.scott.fr\/#website\"},\"datePublished\":\"2019-06-18T18:23:11+00:00\",\"dateModified\":\"2025-09-29T08:12:13+00:00\",\"description\":\"Cir\u00e9.Capuche avec liens de serrage.Manches longues.2 poches devant.Poche int\u00e9rieure.Logo \u00e0 la base.Doublure \u00e0 rayures int\u00e9gr\u00e9e.Fermeture zipp\u00e9e sous patte pressionn\u00e9e.Coloris : blancMati\u00e8re : 100% polyesterMati\u00e8re doublure : 100 %\u00a0 polyesterEntretien : lavage \u00e0 30\u00b0C\",\"breadcrumb\":{\"@id\":\"https:\/\/www.scott.fr\/index.php\/produit\/cire-cirel-blanc\/#breadcrumb\"},\"inLanguage\":\"fr-FR\",\"potentialAction\":[{\"@type\":\"ReadAction\",\"target\":[\"https:\/\/www.scott.fr\/index.php\/produit\/cire-cirel-blanc\/\"]}]},{\"@type\":\"BreadcrumbList\",\"@id\":\"https:\/\/www.scott.fr\/index.php\/produit\/cire-cirel-blanc\/#breadcrumb\",\"itemListElement\":[{\"@type\":\"ListItem\",\"position\":1,\"name\":\"Accueil\",\"item\":\"https:\/\/www.scott.fr\/\"},{\"@type\":\"ListItem\",\"position\":2,\"name\":\"Produits\",\"item\":\"https:\/\/www.scott.fr\/index.php\/shop\/\"},{\"@type\":\"ListItem\",\"position\":3,\"name\":\"PARKA CIRE-L 22 BLANC\"}]},{\"@type\":\"WebSite\",\"@id\":\"https:\/\/www.scott.fr\/#website\",\"url\":\"https:\/\/www.scott.fr\/\",\"name\":\"SCOTT\",\"description\":\"Boutique de V\u00eatement Homme Femme et Enfant\",\"publisher\":{\"@id\":\"https:\/\/www.scott.fr\/#organization\"},\"potentialAction\":[{\"@type\":\"SearchAction\",\"target\":{\"@type\":\"EntryPoint\",\"urlTemplate\":\"https:\/\/www.scott.fr\/?s={search_term_string}\"},\"query-input\":\"required name=search_term_string\"}],\"inLanguage\":\"fr-FR\"},{\"@type\":\"Organization\",\"@id\":\"https:\/\/www.scott.fr\/#organization\",\"name\":\"Scott\",\"url\":\"https:\/\/www.scott.fr\/\",\"logo\":{\"@type\":\"ImageObject\",\"inLanguage\":\"fr-FR\",\"@id\":\"https:\/\/www.scott.fr\/#\/schema\/logo\/image\/\",\"url\":\"https:\/\/www.scott.fr\/wp-content\/uploads\/2021\/06\/Logo-Scott.png\",\"contentUrl\":\"https:\/\/www.scott.fr\/wp-content\/uploads\/2021\/06\/Logo-Scott.png\",\"width\":1080,\"height\":680,\"caption\":\"Scott\"},\"image\":{\"@id\":\"https:\/\/www.scott.fr\/#\/schema\/logo\/image\/\"},\"sameAs\":[\"https:\/\/www.facebook.com\/ScottBrandFr\/\",\"https:\/\/www.instagram.com\/scottbrandfr\/\"]}]}<\/script>\n<!-- \/ Yoast SEO plugin. -->","yoast_head_json":{"title":"PARKA CIRE-L 22 BLANC - SCOTT","description":"Cir\u00e9.Capuche avec liens de serrage.Manches longues.2 poches devant.Poche int\u00e9rieure.Logo \u00e0 la base.Doublure \u00e0 rayures int\u00e9gr\u00e9e.Fermeture zipp\u00e9e sous patte pressionn\u00e9e.Coloris : blancMati\u00e8re : 100% polyesterMati\u00e8re doublure : 100 %\u00a0 polyesterEntretien : lavage \u00e0 30\u00b0C","robots":{"index":"index","follow":"follow","max-snippet":"max-snippet:-1","max-image-preview":"max-image-preview:large","max-video-preview":"max-video-preview:-1"},"canonical":"https:\/\/www.scott.fr\/index.php\/produit\/cire-cirel-blanc\/","og_locale":"fr_FR","og_type":"article","og_title":"PARKA CIRE-L 22 BLANC - SCOTT","og_description":"Cir\u00e9.Capuche avec liens de serrage.Manches longues.2 poches devant.Poche int\u00e9rieure.Logo \u00e0 la base.Doublure \u00e0 rayures int\u00e9gr\u00e9e.Fermeture zipp\u00e9e sous patte pressionn\u00e9e.Coloris : blancMati\u00e8re : 100% polyesterMati\u00e8re doublure : 100 %\u00a0 polyesterEntretien : lavage \u00e0 30\u00b0C","og_url":"https:\/\/www.scott.fr\/index.php\/produit\/cire-cirel-blanc\/","og_site_name":"SCOTT","article_publisher":"https:\/\/www.facebook.com\/ScottBrandFr\/","article_modified_time":"2025-09-29T08:12:13+00:00","og_image":[{"width":408,"height":612,"url":"https:\/\/www.scott.fr\/wp-content\/uploads\/2019\/06\/1-137-removebg-preview.png","type":"image\/png"}],"twitter_card":"summary_large_image","schema":{"@context":"https:\/\/schema.org","@graph":[{"@type":"WebPage","@id":"https:\/\/www.scott.fr\/index.php\/produit\/cire-cirel-blanc\/","url":"https:\/\/www.scott.fr\/index.php\/produit\/cire-cirel-blanc\/","name":"PARKA CIRE-L 22 BLANC - SCOTT","isPartOf":{"@id":"https:\/\/www.scott.fr\/#website"},"datePublished":"2019-06-18T18:23:11+00:00","dateModified":"2025-09-29T08:12:13+00:00","description":"Cir\u00e9.Capuche avec liens de serrage.Manches longues.2 poches devant.Poche int\u00e9rieure.Logo \u00e0 la base.Doublure \u00e0 rayures int\u00e9gr\u00e9e.Fermeture zipp\u00e9e sous patte pressionn\u00e9e.Coloris : blancMati\u00e8re : 100% polyesterMati\u00e8re doublure : 100 %\u00a0 polyesterEntretien : lavage \u00e0 30\u00b0C","breadcrumb":{"@id":"https:\/\/www.scott.fr\/index.php\/produit\/cire-cirel-blanc\/#breadcrumb"},"inLanguage":"fr-FR","potentialAction":[{"@type":"ReadAction","target":["https:\/\/www.scott.fr\/index.php\/produit\/cire-cirel-blanc\/"]}]},{"@type":"BreadcrumbList","@id":"https:\/\/www.scott.fr\/index.php\/produit\/cire-cirel-blanc\/#breadcrumb","itemListElement":[{"@type":"ListItem","position":1,"name":"Accueil","item":"https:\/\/www.scott.fr\/"},{"@type":"ListItem","position":2,"name":"Produits","item":"https:\/\/www.scott.fr\/index.php\/shop\/"},{"@type":"ListItem","position":3,"name":"PARKA CIRE-L 22 BLANC"}]},{"@type":"WebSite","@id":"https:\/\/www.scott.fr\/#website","url":"https:\/\/www.scott.fr\/","name":"SCOTT","description":"Boutique de V\u00eatement Homme Femme et Enfant","publisher":{"@id":"https:\/\/www.scott.fr\/#organization"},"potentialAction":[{"@type":"SearchAction","target":{"@type":"EntryPoint","urlTemplate":"https:\/\/www.scott.fr\/?s={search_term_string}"},"query-input":"required name=search_term_string"}],"inLanguage":"fr-FR"},{"@type":"Organization","@id":"https:\/\/www.scott.fr\/#organization","name":"Scott","url":"https:\/\/www.scott.fr\/","logo":{"@type":"ImageObject","inLanguage":"fr-FR","@id":"https:\/\/www.scott.fr\/#\/schema\/logo\/image\/","url":"https:\/\/www.scott.fr\/wp-content\/uploads\/2021\/06\/Logo-Scott.png","contentUrl":"https:\/\/www.scott.fr\/wp-content\/uploads\/2021\/06\/Logo-Scott.png","width":1080,"height":680,"caption":"Scott"},"image":{"@id":"https:\/\/www.scott.fr\/#\/schema\/logo\/image\/"},"sameAs":["https:\/\/www.facebook.com\/ScottBrandFr\/","https:\/\/www.instagram.com\/scottbrandfr\/"]}]}},"_links":{"self":[{"href":"https:\/\/www.scott.fr\/index.php\/wp-json\/wp\/v2\/product\/3540"}],"collection":[{"href":"https:\/\/www.scott.fr\/index.php\/wp-json\/wp\/v2\/product"}],"about":[{"href":"https:\/\/www.scott.fr\/index.php\/wp-json\/wp\/v2\/types\/product"}],"replies":[{"embeddable":true,"href":"https:\/\/www.scott.fr\/index.php\/wp-json\/wp\/v2\/comments?post=3540"}],"version-history":[{"count":5,"href":"https:\/\/www.scott.fr\/index.php\/wp-json\/wp\/v2\/product\/3540\/revisions"}],"predecessor-version":[{"id":18804,"href":"https:\/\/www.scott.fr\/index.php\/wp-json\/wp\/v2\/product\/3540\/revisions\/18804"}],"wp:featuredmedia":[{"embeddable":true,"href":"https:\/\/www.scott.fr\/index.php\/wp-json\/wp\/v2\/media\/18606"}],"wp:attachment":[{"href":"https:\/\/www.scott.fr\/index.php\/wp-json\/wp\/v2\/media?parent=3540"}],"wp:term":[{"taxonomy":"product_cat","embeddable":true,"href":"https:\/\/www.scott.fr\/index.php\/wp-json\/wp\/v2\/product_cat?post=3540"},{"taxonomy":"product_tag","embeddable":true,"href":"https:\/\/www.scott.fr\/index.php\/wp-json\/wp\/v2\/product_tag?post=3540"}],"curies":[{"name":"wp","href":"https:\/\/api.w.org\/{rel}","templated":true}]}}