{"id":24231,"date":"2025-09-29T14:54:46","date_gmt":"2025-09-29T12:54:46","guid":{"rendered":"https:\/\/www.scott.fr\/?post_type=product&#038;p=24231"},"modified":"2025-11-24T11:32:15","modified_gmt":"2025-11-24T10:32:15","slug":"parka-asna-noir","status":"publish","type":"product","link":"https:\/\/www.scott.fr\/index.php\/produit\/parka-asna-noir\/","title":{"rendered":"PARKA ASNA NOIR"},"content":{"rendered":"<p>D\u00e9couvrez notre Parka matelass\u00e9 ASNA de couleur NOIRE au tissu imperm\u00e9able pour femmes, une alliance parfaite entre style et fonctionnalit\u00e9. Avec son col montant, son zip central sous rabat, sa capuche avec fourrure amovible, poignets int\u00e9rieurs en bord-c\u00f4tes en bas des manches, elle est con\u00e7ue pour vous garder au chaud tout en restant \u00e9l\u00e9gante. Les 2 poches lat\u00e9rales devant sous rabat pression et la poche int\u00e9rieure offrent un espace pratique pour ranger vos essentiels. Le logo badge discret \u00e0 la manche ajoute une touche de distinction \u00e0 ce parka qui ne fait aucun compromis sur le style. Fabriqu\u00e9e \u00e0 partir de 100% de Polyester de haute qualit\u00e9, elle est pr\u00eate \u00e0 vous accompagner en hiver. Optez pour la polyvalence et le confort avec notre Parka matelass\u00e9 ASNA.<\/p>\n","protected":false},"excerpt":{"rendered":"<p>D\u00e9couvrez notre Parka matelass\u00e9 ASNA de couleur NOIRE au tissu imperm\u00e9able pour femmes, une alliance parfaite entre style et fonctionnalit\u00e9. Avec son col montant, son zip central sous rabat, sa capuche avec fourrure amovible, poignets int\u00e9rieurs en bord-c\u00f4tes en bas des manches, elle est con\u00e7ue pour vous garder au chaud tout en restant \u00e9l\u00e9gante. Les 2 poches lat\u00e9rales devant sous rabat pression et la poche int\u00e9rieure offrent un espace pratique pour ranger vos essentiels. Le logo badge discret \u00e0 la manche ajoute une touche de distinction \u00e0 ce parka qui ne fait aucun compromis sur le style. Fabriqu\u00e9e \u00e0 partir de 100% de Polyester de haute qualit\u00e9, elle est pr\u00eate \u00e0 vous accompagner en hiver. Optez pour la polyvalence et le confort avec notre Parka matelass\u00e9 ASNA.<\/p>\n<p>Composition: 100% Polyester<\/p>\n<p>Lavage: 30\u00b0 en machine<br \/>\nLogo: SCOTT<br \/>\nMannequin mesure 1m70 porte la taille M<\/p>\n","protected":false},"featured_media":24237,"comment_status":"open","ping_status":"closed","template":"","meta":{"_monsterinsights_skip_tracking":false,"_monsterinsights_sitenote_active":false,"_monsterinsights_sitenote_note":"","_monsterinsights_sitenote_category":0,"_themeisle_gutenberg_block_has_review":false,"_kad_post_transparent":"default","_kad_post_title":"","_kad_post_layout":"default","_kad_post_sidebar_id":"","_kad_post_content_style":"default","_kad_post_vertical_padding":"default","_kad_post_feature":"","_kad_post_feature_position":"","_kad_post_header":false,"_kad_post_footer":false},"product_cat":[17,76],"product_tag":[],"acf":[],"yoast_head":"<!-- This site is optimized with the Yoast SEO plugin v20.8 - https:\/\/yoast.com\/wordpress\/plugins\/seo\/ -->\n<title>PARKA ASNA NOIR - SCOTT<\/title>\n<meta name=\"description\" content=\"D\u00e9couvrez notre Parka matelass\u00e9 ASNA de couleur NOIRE au tissu imperm\u00e9able pour femmes, une alliance parfaite entre style et fonctionnalit\u00e9. Avec son col montant, son zip central sous rabat, sa capuche avec fourrure amovible, poignets int\u00e9rieurs en bord-c\u00f4tes en bas des manches, elle est con\u00e7ue pour vous garder au chaud tout en restant \u00e9l\u00e9gante. Les 2 poches lat\u00e9rales devant sous rabat pression et la poche int\u00e9rieure offrent un espace pratique pour ranger vos essentiels. Le logo badge discret \u00e0 la manche ajoute une touche de distinction \u00e0 ce parka qui ne fait aucun compromis sur le style. Fabriqu\u00e9e \u00e0 partir de 100% de Polyester de haute qualit\u00e9, elle est pr\u00eate \u00e0 vous accompagner en hiver. Optez pour la polyvalence et le confort avec notre Parka matelass\u00e9 ASNA.\" \/>\n<meta name=\"robots\" content=\"index, follow, max-snippet:-1, max-image-preview:large, max-video-preview:-1\" \/>\n<link rel=\"canonical\" href=\"https:\/\/www.scott.fr\/index.php\/produit\/parka-asna-noir\/\" \/>\n<meta property=\"og:locale\" content=\"fr_FR\" \/>\n<meta property=\"og:type\" content=\"article\" \/>\n<meta property=\"og:title\" content=\"PARKA ASNA NOIR - SCOTT\" \/>\n<meta property=\"og:description\" content=\"D\u00e9couvrez notre Parka matelass\u00e9 ASNA de couleur NOIRE au tissu imperm\u00e9able pour femmes, une alliance parfaite entre style et fonctionnalit\u00e9. Avec son col montant, son zip central sous rabat, sa capuche avec fourrure amovible, poignets int\u00e9rieurs en bord-c\u00f4tes en bas des manches, elle est con\u00e7ue pour vous garder au chaud tout en restant \u00e9l\u00e9gante. Les 2 poches lat\u00e9rales devant sous rabat pression et la poche int\u00e9rieure offrent un espace pratique pour ranger vos essentiels. Le logo badge discret \u00e0 la manche ajoute une touche de distinction \u00e0 ce parka qui ne fait aucun compromis sur le style. Fabriqu\u00e9e \u00e0 partir de 100% de Polyester de haute qualit\u00e9, elle est pr\u00eate \u00e0 vous accompagner en hiver. Optez pour la polyvalence et le confort avec notre Parka matelass\u00e9 ASNA.\" \/>\n<meta property=\"og:url\" content=\"https:\/\/www.scott.fr\/index.php\/produit\/parka-asna-noir\/\" \/>\n<meta property=\"og:site_name\" content=\"SCOTT\" \/>\n<meta property=\"article:publisher\" content=\"https:\/\/www.facebook.com\/ScottBrandFr\/\" \/>\n<meta property=\"article:modified_time\" content=\"2025-11-24T10:32:15+00:00\" \/>\n<meta property=\"og:image\" content=\"https:\/\/www.scott.fr\/wp-content\/uploads\/2025\/09\/ASNA-BLACK-01.jpg\" \/>\n\t<meta property=\"og:image:width\" content=\"1100\" \/>\n\t<meta property=\"og:image:height\" content=\"1650\" \/>\n\t<meta property=\"og:image:type\" content=\"image\/jpeg\" \/>\n<meta name=\"twitter:card\" content=\"summary_large_image\" \/>\n<meta name=\"twitter:label1\" content=\"Dur\u00e9e de lecture estim\u00e9e\" \/>\n\t<meta name=\"twitter:data1\" content=\"1 minute\" \/>\n<script type=\"application\/ld+json\" class=\"yoast-schema-graph\">{\"@context\":\"https:\/\/schema.org\",\"@graph\":[{\"@type\":\"WebPage\",\"@id\":\"https:\/\/www.scott.fr\/index.php\/produit\/parka-asna-noir\/\",\"url\":\"https:\/\/www.scott.fr\/index.php\/produit\/parka-asna-noir\/\",\"name\":\"PARKA ASNA NOIR - SCOTT\",\"isPartOf\":{\"@id\":\"https:\/\/www.scott.fr\/#website\"},\"datePublished\":\"2025-09-29T12:54:46+00:00\",\"dateModified\":\"2025-11-24T10:32:15+00:00\",\"description\":\"D\u00e9couvrez notre Parka matelass\u00e9 ASNA de couleur NOIRE au tissu imperm\u00e9able pour femmes, une alliance parfaite entre style et fonctionnalit\u00e9. Avec son col montant, son zip central sous rabat, sa capuche avec fourrure amovible, poignets int\u00e9rieurs en bord-c\u00f4tes en bas des manches, elle est con\u00e7ue pour vous garder au chaud tout en restant \u00e9l\u00e9gante. Les 2 poches lat\u00e9rales devant sous rabat pression et la poche int\u00e9rieure offrent un espace pratique pour ranger vos essentiels. Le logo badge discret \u00e0 la manche ajoute une touche de distinction \u00e0 ce parka qui ne fait aucun compromis sur le style. Fabriqu\u00e9e \u00e0 partir de 100% de Polyester de haute qualit\u00e9, elle est pr\u00eate \u00e0 vous accompagner en hiver. Optez pour la polyvalence et le confort avec notre Parka matelass\u00e9 ASNA.\",\"breadcrumb\":{\"@id\":\"https:\/\/www.scott.fr\/index.php\/produit\/parka-asna-noir\/#breadcrumb\"},\"inLanguage\":\"fr-FR\",\"potentialAction\":[{\"@type\":\"ReadAction\",\"target\":[\"https:\/\/www.scott.fr\/index.php\/produit\/parka-asna-noir\/\"]}]},{\"@type\":\"BreadcrumbList\",\"@id\":\"https:\/\/www.scott.fr\/index.php\/produit\/parka-asna-noir\/#breadcrumb\",\"itemListElement\":[{\"@type\":\"ListItem\",\"position\":1,\"name\":\"Accueil\",\"item\":\"https:\/\/www.scott.fr\/\"},{\"@type\":\"ListItem\",\"position\":2,\"name\":\"Produits\",\"item\":\"https:\/\/www.scott.fr\/index.php\/shop\/\"},{\"@type\":\"ListItem\",\"position\":3,\"name\":\"PARKA ASNA NOIR\"}]},{\"@type\":\"WebSite\",\"@id\":\"https:\/\/www.scott.fr\/#website\",\"url\":\"https:\/\/www.scott.fr\/\",\"name\":\"SCOTT\",\"description\":\"Boutique de V\u00eatement Homme Femme et Enfant\",\"publisher\":{\"@id\":\"https:\/\/www.scott.fr\/#organization\"},\"potentialAction\":[{\"@type\":\"SearchAction\",\"target\":{\"@type\":\"EntryPoint\",\"urlTemplate\":\"https:\/\/www.scott.fr\/?s={search_term_string}\"},\"query-input\":\"required name=search_term_string\"}],\"inLanguage\":\"fr-FR\"},{\"@type\":\"Organization\",\"@id\":\"https:\/\/www.scott.fr\/#organization\",\"name\":\"Scott\",\"url\":\"https:\/\/www.scott.fr\/\",\"logo\":{\"@type\":\"ImageObject\",\"inLanguage\":\"fr-FR\",\"@id\":\"https:\/\/www.scott.fr\/#\/schema\/logo\/image\/\",\"url\":\"https:\/\/www.scott.fr\/wp-content\/uploads\/2021\/06\/Logo-Scott.png\",\"contentUrl\":\"https:\/\/www.scott.fr\/wp-content\/uploads\/2021\/06\/Logo-Scott.png\",\"width\":1080,\"height\":680,\"caption\":\"Scott\"},\"image\":{\"@id\":\"https:\/\/www.scott.fr\/#\/schema\/logo\/image\/\"},\"sameAs\":[\"https:\/\/www.facebook.com\/ScottBrandFr\/\",\"https:\/\/www.instagram.com\/scottbrandfr\/\"]}]}<\/script>\n<!-- \/ Yoast SEO plugin. -->","yoast_head_json":{"title":"PARKA ASNA NOIR - SCOTT","description":"D\u00e9couvrez notre Parka matelass\u00e9 ASNA de couleur NOIRE au tissu imperm\u00e9able pour femmes, une alliance parfaite entre style et fonctionnalit\u00e9. Avec son col montant, son zip central sous rabat, sa capuche avec fourrure amovible, poignets int\u00e9rieurs en bord-c\u00f4tes en bas des manches, elle est con\u00e7ue pour vous garder au chaud tout en restant \u00e9l\u00e9gante. Les 2 poches lat\u00e9rales devant sous rabat pression et la poche int\u00e9rieure offrent un espace pratique pour ranger vos essentiels. Le logo badge discret \u00e0 la manche ajoute une touche de distinction \u00e0 ce parka qui ne fait aucun compromis sur le style. Fabriqu\u00e9e \u00e0 partir de 100% de Polyester de haute qualit\u00e9, elle est pr\u00eate \u00e0 vous accompagner en hiver. Optez pour la polyvalence et le confort avec notre Parka matelass\u00e9 ASNA.","robots":{"index":"index","follow":"follow","max-snippet":"max-snippet:-1","max-image-preview":"max-image-preview:large","max-video-preview":"max-video-preview:-1"},"canonical":"https:\/\/www.scott.fr\/index.php\/produit\/parka-asna-noir\/","og_locale":"fr_FR","og_type":"article","og_title":"PARKA ASNA NOIR - SCOTT","og_description":"D\u00e9couvrez notre Parka matelass\u00e9 ASNA de couleur NOIRE au tissu imperm\u00e9able pour femmes, une alliance parfaite entre style et fonctionnalit\u00e9. Avec son col montant, son zip central sous rabat, sa capuche avec fourrure amovible, poignets int\u00e9rieurs en bord-c\u00f4tes en bas des manches, elle est con\u00e7ue pour vous garder au chaud tout en restant \u00e9l\u00e9gante. Les 2 poches lat\u00e9rales devant sous rabat pression et la poche int\u00e9rieure offrent un espace pratique pour ranger vos essentiels. Le logo badge discret \u00e0 la manche ajoute une touche de distinction \u00e0 ce parka qui ne fait aucun compromis sur le style. Fabriqu\u00e9e \u00e0 partir de 100% de Polyester de haute qualit\u00e9, elle est pr\u00eate \u00e0 vous accompagner en hiver. Optez pour la polyvalence et le confort avec notre Parka matelass\u00e9 ASNA.","og_url":"https:\/\/www.scott.fr\/index.php\/produit\/parka-asna-noir\/","og_site_name":"SCOTT","article_publisher":"https:\/\/www.facebook.com\/ScottBrandFr\/","article_modified_time":"2025-11-24T10:32:15+00:00","og_image":[{"width":1100,"height":1650,"url":"https:\/\/www.scott.fr\/wp-content\/uploads\/2025\/09\/ASNA-BLACK-01.jpg","type":"image\/jpeg"}],"twitter_card":"summary_large_image","twitter_misc":{"Dur\u00e9e de lecture estim\u00e9e":"1 minute"},"schema":{"@context":"https:\/\/schema.org","@graph":[{"@type":"WebPage","@id":"https:\/\/www.scott.fr\/index.php\/produit\/parka-asna-noir\/","url":"https:\/\/www.scott.fr\/index.php\/produit\/parka-asna-noir\/","name":"PARKA ASNA NOIR - SCOTT","isPartOf":{"@id":"https:\/\/www.scott.fr\/#website"},"datePublished":"2025-09-29T12:54:46+00:00","dateModified":"2025-11-24T10:32:15+00:00","description":"D\u00e9couvrez notre Parka matelass\u00e9 ASNA de couleur NOIRE au tissu imperm\u00e9able pour femmes, une alliance parfaite entre style et fonctionnalit\u00e9. Avec son col montant, son zip central sous rabat, sa capuche avec fourrure amovible, poignets int\u00e9rieurs en bord-c\u00f4tes en bas des manches, elle est con\u00e7ue pour vous garder au chaud tout en restant \u00e9l\u00e9gante. Les 2 poches lat\u00e9rales devant sous rabat pression et la poche int\u00e9rieure offrent un espace pratique pour ranger vos essentiels. Le logo badge discret \u00e0 la manche ajoute une touche de distinction \u00e0 ce parka qui ne fait aucun compromis sur le style. Fabriqu\u00e9e \u00e0 partir de 100% de Polyester de haute qualit\u00e9, elle est pr\u00eate \u00e0 vous accompagner en hiver. Optez pour la polyvalence et le confort avec notre Parka matelass\u00e9 ASNA.","breadcrumb":{"@id":"https:\/\/www.scott.fr\/index.php\/produit\/parka-asna-noir\/#breadcrumb"},"inLanguage":"fr-FR","potentialAction":[{"@type":"ReadAction","target":["https:\/\/www.scott.fr\/index.php\/produit\/parka-asna-noir\/"]}]},{"@type":"BreadcrumbList","@id":"https:\/\/www.scott.fr\/index.php\/produit\/parka-asna-noir\/#breadcrumb","itemListElement":[{"@type":"ListItem","position":1,"name":"Accueil","item":"https:\/\/www.scott.fr\/"},{"@type":"ListItem","position":2,"name":"Produits","item":"https:\/\/www.scott.fr\/index.php\/shop\/"},{"@type":"ListItem","position":3,"name":"PARKA ASNA NOIR"}]},{"@type":"WebSite","@id":"https:\/\/www.scott.fr\/#website","url":"https:\/\/www.scott.fr\/","name":"SCOTT","description":"Boutique de V\u00eatement Homme Femme et Enfant","publisher":{"@id":"https:\/\/www.scott.fr\/#organization"},"potentialAction":[{"@type":"SearchAction","target":{"@type":"EntryPoint","urlTemplate":"https:\/\/www.scott.fr\/?s={search_term_string}"},"query-input":"required name=search_term_string"}],"inLanguage":"fr-FR"},{"@type":"Organization","@id":"https:\/\/www.scott.fr\/#organization","name":"Scott","url":"https:\/\/www.scott.fr\/","logo":{"@type":"ImageObject","inLanguage":"fr-FR","@id":"https:\/\/www.scott.fr\/#\/schema\/logo\/image\/","url":"https:\/\/www.scott.fr\/wp-content\/uploads\/2021\/06\/Logo-Scott.png","contentUrl":"https:\/\/www.scott.fr\/wp-content\/uploads\/2021\/06\/Logo-Scott.png","width":1080,"height":680,"caption":"Scott"},"image":{"@id":"https:\/\/www.scott.fr\/#\/schema\/logo\/image\/"},"sameAs":["https:\/\/www.facebook.com\/ScottBrandFr\/","https:\/\/www.instagram.com\/scottbrandfr\/"]}]}},"_links":{"self":[{"href":"https:\/\/www.scott.fr\/index.php\/wp-json\/wp\/v2\/product\/24231"}],"collection":[{"href":"https:\/\/www.scott.fr\/index.php\/wp-json\/wp\/v2\/product"}],"about":[{"href":"https:\/\/www.scott.fr\/index.php\/wp-json\/wp\/v2\/types\/product"}],"replies":[{"embeddable":true,"href":"https:\/\/www.scott.fr\/index.php\/wp-json\/wp\/v2\/comments?post=24231"}],"version-history":[{"count":1,"href":"https:\/\/www.scott.fr\/index.php\/wp-json\/wp\/v2\/product\/24231\/revisions"}],"predecessor-version":[{"id":24251,"href":"https:\/\/www.scott.fr\/index.php\/wp-json\/wp\/v2\/product\/24231\/revisions\/24251"}],"wp:featuredmedia":[{"embeddable":true,"href":"https:\/\/www.scott.fr\/index.php\/wp-json\/wp\/v2\/media\/24237"}],"wp:attachment":[{"href":"https:\/\/www.scott.fr\/index.php\/wp-json\/wp\/v2\/media?parent=24231"}],"wp:term":[{"taxonomy":"product_cat","embeddable":true,"href":"https:\/\/www.scott.fr\/index.php\/wp-json\/wp\/v2\/product_cat?post=24231"},{"taxonomy":"product_tag","embeddable":true,"href":"https:\/\/www.scott.fr\/index.php\/wp-json\/wp\/v2\/product_tag?post=24231"}],"curies":[{"name":"wp","href":"https:\/\/api.w.org\/{rel}","templated":true}]}}