{"id":23738,"date":"2025-09-27T21:39:29","date_gmt":"2025-09-27T19:39:29","guid":{"rendered":"https:\/\/www.scott.fr\/?post_type=product&#038;p=23738"},"modified":"2025-09-27T21:39:41","modified_gmt":"2025-09-27T19:39:41","slug":"gilet-floria-marine","status":"publish","type":"product","link":"https:\/\/www.scott.fr\/index.php\/produit\/gilet-floria-marine\/","title":{"rendered":"GILET FLORIA MARINE"},"content":{"rendered":"<p>Notre gilet\u00a0 marine col rond boutonn\u00e9 offre un confort in\u00e9gal\u00e9 gr\u00e2ce \u00e0 son toucher doux et agr\u00e9able. Ces boutons d\u00e9coratifs \u00a0au niveau des manches\u00a0 ajoutent une touche d&#8217;\u00e9l\u00e9gance \u00e0 ce pull polyvalent. Fabriqu\u00e9 avec soin \u00e0 partir d&#8217;un m\u00e9lange de 72% de viscose, 28% de Nylon, il est la d\u00e9finition m\u00eame du style et du confort.<\/p>\n","protected":false},"excerpt":{"rendered":"<p>Notre gilet\u00a0 marine col rond boutonn\u00e9 offre un confort in\u00e9gal\u00e9 gr\u00e2ce \u00e0 son toucher doux et agr\u00e9able. Ces boutons d\u00e9coratifs \u00a0au niveau des manches\u00a0 ajoutent une touche d&#8217;\u00e9l\u00e9gance \u00e0 ce pull polyvalent. Fabriqu\u00e9 avec soin \u00e0 partir d&#8217;un m\u00e9lange de 72% de viscose, 28% de Nylon, il est la d\u00e9finition m\u00eame du style et du confort.<\/p>\n<p>Composition: 72% viscose 20% Nylon<br \/>\nLavage: 30\u00b0 en machine<br \/>\nLogo: SCOTT<br \/>\nMannequin mesure 1m70 porte la taille M<\/p>\n","protected":false},"featured_media":23744,"comment_status":"open","ping_status":"closed","template":"","meta":{"_monsterinsights_skip_tracking":false,"_monsterinsights_sitenote_active":false,"_monsterinsights_sitenote_note":"","_monsterinsights_sitenote_category":0,"_themeisle_gutenberg_block_has_review":false,"_kad_post_transparent":"default","_kad_post_title":"","_kad_post_layout":"default","_kad_post_sidebar_id":"","_kad_post_content_style":"default","_kad_post_vertical_padding":"default","_kad_post_feature":"","_kad_post_feature_position":"","_kad_post_header":false,"_kad_post_footer":false},"product_cat":[17,80],"product_tag":[],"acf":[],"yoast_head":"<!-- This site is optimized with the Yoast SEO plugin v20.8 - https:\/\/yoast.com\/wordpress\/plugins\/seo\/ -->\n<title>GILET FLORIA MARINE - SCOTT<\/title>\n<meta name=\"description\" content=\"Notre gilet\u00a0 marine col rond boutonn\u00e9 offre un confort in\u00e9gal\u00e9 gr\u00e2ce \u00e0 son toucher doux et agr\u00e9able. Ces boutons d\u00e9coratifs \u00a0au niveau des manches\u00a0 ajoutent une touche d&#039;\u00e9l\u00e9gance \u00e0 ce pull polyvalent. Fabriqu\u00e9 avec soin \u00e0 partir d&#039;un m\u00e9lange de 72% de viscose, 28% de Nylon, il est la d\u00e9finition m\u00eame du style et du confort.\" \/>\n<meta name=\"robots\" content=\"index, follow, max-snippet:-1, max-image-preview:large, max-video-preview:-1\" \/>\n<link rel=\"canonical\" href=\"https:\/\/www.scott.fr\/index.php\/produit\/gilet-floria-marine\/\" \/>\n<meta property=\"og:locale\" content=\"fr_FR\" \/>\n<meta property=\"og:type\" content=\"article\" \/>\n<meta property=\"og:title\" content=\"GILET FLORIA MARINE - SCOTT\" \/>\n<meta property=\"og:description\" content=\"Notre gilet\u00a0 marine col rond boutonn\u00e9 offre un confort in\u00e9gal\u00e9 gr\u00e2ce \u00e0 son toucher doux et agr\u00e9able. Ces boutons d\u00e9coratifs \u00a0au niveau des manches\u00a0 ajoutent une touche d&#039;\u00e9l\u00e9gance \u00e0 ce pull polyvalent. Fabriqu\u00e9 avec soin \u00e0 partir d&#039;un m\u00e9lange de 72% de viscose, 28% de Nylon, il est la d\u00e9finition m\u00eame du style et du confort.\" \/>\n<meta property=\"og:url\" content=\"https:\/\/www.scott.fr\/index.php\/produit\/gilet-floria-marine\/\" \/>\n<meta property=\"og:site_name\" content=\"SCOTT\" \/>\n<meta property=\"article:publisher\" content=\"https:\/\/www.facebook.com\/ScottBrandFr\/\" \/>\n<meta property=\"article:modified_time\" content=\"2025-09-27T19:39:41+00:00\" \/>\n<meta property=\"og:image\" content=\"https:\/\/www.scott.fr\/wp-content\/uploads\/2025\/09\/FLORIA-NAVY-01.jpg\" \/>\n\t<meta property=\"og:image:width\" content=\"1100\" \/>\n\t<meta property=\"og:image:height\" content=\"1650\" \/>\n\t<meta property=\"og:image:type\" content=\"image\/jpeg\" \/>\n<meta name=\"twitter:card\" content=\"summary_large_image\" \/>\n<meta name=\"twitter:label1\" content=\"Dur\u00e9e de lecture estim\u00e9e\" \/>\n\t<meta name=\"twitter:data1\" content=\"1 minute\" \/>\n<script type=\"application\/ld+json\" class=\"yoast-schema-graph\">{\"@context\":\"https:\/\/schema.org\",\"@graph\":[{\"@type\":\"WebPage\",\"@id\":\"https:\/\/www.scott.fr\/index.php\/produit\/gilet-floria-marine\/\",\"url\":\"https:\/\/www.scott.fr\/index.php\/produit\/gilet-floria-marine\/\",\"name\":\"GILET FLORIA MARINE - SCOTT\",\"isPartOf\":{\"@id\":\"https:\/\/www.scott.fr\/#website\"},\"datePublished\":\"2025-09-27T19:39:29+00:00\",\"dateModified\":\"2025-09-27T19:39:41+00:00\",\"description\":\"Notre gilet\u00a0 marine col rond boutonn\u00e9 offre un confort in\u00e9gal\u00e9 gr\u00e2ce \u00e0 son toucher doux et agr\u00e9able. Ces boutons d\u00e9coratifs \u00a0au niveau des manches\u00a0 ajoutent une touche d'\u00e9l\u00e9gance \u00e0 ce pull polyvalent. Fabriqu\u00e9 avec soin \u00e0 partir d'un m\u00e9lange de 72% de viscose, 28% de Nylon, il est la d\u00e9finition m\u00eame du style et du confort.\",\"breadcrumb\":{\"@id\":\"https:\/\/www.scott.fr\/index.php\/produit\/gilet-floria-marine\/#breadcrumb\"},\"inLanguage\":\"fr-FR\",\"potentialAction\":[{\"@type\":\"ReadAction\",\"target\":[\"https:\/\/www.scott.fr\/index.php\/produit\/gilet-floria-marine\/\"]}]},{\"@type\":\"BreadcrumbList\",\"@id\":\"https:\/\/www.scott.fr\/index.php\/produit\/gilet-floria-marine\/#breadcrumb\",\"itemListElement\":[{\"@type\":\"ListItem\",\"position\":1,\"name\":\"Accueil\",\"item\":\"https:\/\/www.scott.fr\/\"},{\"@type\":\"ListItem\",\"position\":2,\"name\":\"Produits\",\"item\":\"https:\/\/www.scott.fr\/index.php\/shop\/\"},{\"@type\":\"ListItem\",\"position\":3,\"name\":\"GILET FLORIA MARINE\"}]},{\"@type\":\"WebSite\",\"@id\":\"https:\/\/www.scott.fr\/#website\",\"url\":\"https:\/\/www.scott.fr\/\",\"name\":\"SCOTT\",\"description\":\"Boutique de V\u00eatement Homme Femme et Enfant\",\"publisher\":{\"@id\":\"https:\/\/www.scott.fr\/#organization\"},\"potentialAction\":[{\"@type\":\"SearchAction\",\"target\":{\"@type\":\"EntryPoint\",\"urlTemplate\":\"https:\/\/www.scott.fr\/?s={search_term_string}\"},\"query-input\":\"required name=search_term_string\"}],\"inLanguage\":\"fr-FR\"},{\"@type\":\"Organization\",\"@id\":\"https:\/\/www.scott.fr\/#organization\",\"name\":\"Scott\",\"url\":\"https:\/\/www.scott.fr\/\",\"logo\":{\"@type\":\"ImageObject\",\"inLanguage\":\"fr-FR\",\"@id\":\"https:\/\/www.scott.fr\/#\/schema\/logo\/image\/\",\"url\":\"https:\/\/www.scott.fr\/wp-content\/uploads\/2021\/06\/Logo-Scott.png\",\"contentUrl\":\"https:\/\/www.scott.fr\/wp-content\/uploads\/2021\/06\/Logo-Scott.png\",\"width\":1080,\"height\":680,\"caption\":\"Scott\"},\"image\":{\"@id\":\"https:\/\/www.scott.fr\/#\/schema\/logo\/image\/\"},\"sameAs\":[\"https:\/\/www.facebook.com\/ScottBrandFr\/\",\"https:\/\/www.instagram.com\/scottbrandfr\/\"]}]}<\/script>\n<!-- \/ Yoast SEO plugin. -->","yoast_head_json":{"title":"GILET FLORIA MARINE - SCOTT","description":"Notre gilet\u00a0 marine col rond boutonn\u00e9 offre un confort in\u00e9gal\u00e9 gr\u00e2ce \u00e0 son toucher doux et agr\u00e9able. Ces boutons d\u00e9coratifs \u00a0au niveau des manches\u00a0 ajoutent une touche d'\u00e9l\u00e9gance \u00e0 ce pull polyvalent. Fabriqu\u00e9 avec soin \u00e0 partir d'un m\u00e9lange de 72% de viscose, 28% de Nylon, il est la d\u00e9finition m\u00eame du style et du confort.","robots":{"index":"index","follow":"follow","max-snippet":"max-snippet:-1","max-image-preview":"max-image-preview:large","max-video-preview":"max-video-preview:-1"},"canonical":"https:\/\/www.scott.fr\/index.php\/produit\/gilet-floria-marine\/","og_locale":"fr_FR","og_type":"article","og_title":"GILET FLORIA MARINE - SCOTT","og_description":"Notre gilet\u00a0 marine col rond boutonn\u00e9 offre un confort in\u00e9gal\u00e9 gr\u00e2ce \u00e0 son toucher doux et agr\u00e9able. Ces boutons d\u00e9coratifs \u00a0au niveau des manches\u00a0 ajoutent une touche d'\u00e9l\u00e9gance \u00e0 ce pull polyvalent. Fabriqu\u00e9 avec soin \u00e0 partir d'un m\u00e9lange de 72% de viscose, 28% de Nylon, il est la d\u00e9finition m\u00eame du style et du confort.","og_url":"https:\/\/www.scott.fr\/index.php\/produit\/gilet-floria-marine\/","og_site_name":"SCOTT","article_publisher":"https:\/\/www.facebook.com\/ScottBrandFr\/","article_modified_time":"2025-09-27T19:39:41+00:00","og_image":[{"width":1100,"height":1650,"url":"https:\/\/www.scott.fr\/wp-content\/uploads\/2025\/09\/FLORIA-NAVY-01.jpg","type":"image\/jpeg"}],"twitter_card":"summary_large_image","twitter_misc":{"Dur\u00e9e de lecture estim\u00e9e":"1 minute"},"schema":{"@context":"https:\/\/schema.org","@graph":[{"@type":"WebPage","@id":"https:\/\/www.scott.fr\/index.php\/produit\/gilet-floria-marine\/","url":"https:\/\/www.scott.fr\/index.php\/produit\/gilet-floria-marine\/","name":"GILET FLORIA MARINE - SCOTT","isPartOf":{"@id":"https:\/\/www.scott.fr\/#website"},"datePublished":"2025-09-27T19:39:29+00:00","dateModified":"2025-09-27T19:39:41+00:00","description":"Notre gilet\u00a0 marine col rond boutonn\u00e9 offre un confort in\u00e9gal\u00e9 gr\u00e2ce \u00e0 son toucher doux et agr\u00e9able. Ces boutons d\u00e9coratifs \u00a0au niveau des manches\u00a0 ajoutent une touche d'\u00e9l\u00e9gance \u00e0 ce pull polyvalent. Fabriqu\u00e9 avec soin \u00e0 partir d'un m\u00e9lange de 72% de viscose, 28% de Nylon, il est la d\u00e9finition m\u00eame du style et du confort.","breadcrumb":{"@id":"https:\/\/www.scott.fr\/index.php\/produit\/gilet-floria-marine\/#breadcrumb"},"inLanguage":"fr-FR","potentialAction":[{"@type":"ReadAction","target":["https:\/\/www.scott.fr\/index.php\/produit\/gilet-floria-marine\/"]}]},{"@type":"BreadcrumbList","@id":"https:\/\/www.scott.fr\/index.php\/produit\/gilet-floria-marine\/#breadcrumb","itemListElement":[{"@type":"ListItem","position":1,"name":"Accueil","item":"https:\/\/www.scott.fr\/"},{"@type":"ListItem","position":2,"name":"Produits","item":"https:\/\/www.scott.fr\/index.php\/shop\/"},{"@type":"ListItem","position":3,"name":"GILET FLORIA MARINE"}]},{"@type":"WebSite","@id":"https:\/\/www.scott.fr\/#website","url":"https:\/\/www.scott.fr\/","name":"SCOTT","description":"Boutique de V\u00eatement Homme Femme et Enfant","publisher":{"@id":"https:\/\/www.scott.fr\/#organization"},"potentialAction":[{"@type":"SearchAction","target":{"@type":"EntryPoint","urlTemplate":"https:\/\/www.scott.fr\/?s={search_term_string}"},"query-input":"required name=search_term_string"}],"inLanguage":"fr-FR"},{"@type":"Organization","@id":"https:\/\/www.scott.fr\/#organization","name":"Scott","url":"https:\/\/www.scott.fr\/","logo":{"@type":"ImageObject","inLanguage":"fr-FR","@id":"https:\/\/www.scott.fr\/#\/schema\/logo\/image\/","url":"https:\/\/www.scott.fr\/wp-content\/uploads\/2021\/06\/Logo-Scott.png","contentUrl":"https:\/\/www.scott.fr\/wp-content\/uploads\/2021\/06\/Logo-Scott.png","width":1080,"height":680,"caption":"Scott"},"image":{"@id":"https:\/\/www.scott.fr\/#\/schema\/logo\/image\/"},"sameAs":["https:\/\/www.facebook.com\/ScottBrandFr\/","https:\/\/www.instagram.com\/scottbrandfr\/"]}]}},"_links":{"self":[{"href":"https:\/\/www.scott.fr\/index.php\/wp-json\/wp\/v2\/product\/23738"}],"collection":[{"href":"https:\/\/www.scott.fr\/index.php\/wp-json\/wp\/v2\/product"}],"about":[{"href":"https:\/\/www.scott.fr\/index.php\/wp-json\/wp\/v2\/types\/product"}],"replies":[{"embeddable":true,"href":"https:\/\/www.scott.fr\/index.php\/wp-json\/wp\/v2\/comments?post=23738"}],"version-history":[{"count":1,"href":"https:\/\/www.scott.fr\/index.php\/wp-json\/wp\/v2\/product\/23738\/revisions"}],"predecessor-version":[{"id":23749,"href":"https:\/\/www.scott.fr\/index.php\/wp-json\/wp\/v2\/product\/23738\/revisions\/23749"}],"wp:featuredmedia":[{"embeddable":true,"href":"https:\/\/www.scott.fr\/index.php\/wp-json\/wp\/v2\/media\/23744"}],"wp:attachment":[{"href":"https:\/\/www.scott.fr\/index.php\/wp-json\/wp\/v2\/media?parent=23738"}],"wp:term":[{"taxonomy":"product_cat","embeddable":true,"href":"https:\/\/www.scott.fr\/index.php\/wp-json\/wp\/v2\/product_cat?post=23738"},{"taxonomy":"product_tag","embeddable":true,"href":"https:\/\/www.scott.fr\/index.php\/wp-json\/wp\/v2\/product_tag?post=23738"}],"curies":[{"name":"wp","href":"https:\/\/api.w.org\/{rel}","templated":true}]}}