{"id":22822,"date":"2024-03-19T14:56:02","date_gmt":"2024-03-19T13:56:02","guid":{"rendered":"https:\/\/www.scott.fr\/?post_type=product&#038;p=22822"},"modified":"2026-03-18T11:24:26","modified_gmt":"2026-03-18T10:24:26","slug":"chemise-confort-bleu-ciel","status":"publish","type":"product","link":"https:\/\/www.scott.fr\/index.php\/produit\/chemise-confort-bleu-ciel\/","title":{"rendered":"CHEMISE CONFORT BLEU CIEL"},"content":{"rendered":"<p>Adoptez un style \u00e9l\u00e9gant et d\u00e9contract\u00e9 avec notre chemise Confort bleu ciel manches longues SCOTT. Fabriqu\u00e9e dans un m\u00e9lange de lin et coton pour un toucher doux, cette chemise pr\u00e9sente un col mao et une broderie ton sur ton discr\u00e8te \u00e0 la poitrine. Le boutonnage sur le devant et aux manches compl\u00e8te le look sophistiqu\u00e9.<\/p>\n","protected":false},"excerpt":{"rendered":"<p>Adoptez un style \u00e9l\u00e9gant et d\u00e9contract\u00e9 avec notre chemise Confort bleu ciel manches longues SCOTT. Fabriqu\u00e9e dans un m\u00e9lange de lin et coton pour un toucher doux, cette chemise pr\u00e9sente un col mao et une broderie ton sur ton discr\u00e8te \u00e0 la poitrine. Le boutonnage sur le devant et aux manches compl\u00e8te le look sophistiqu\u00e9.<\/p>\n<p>Composition: 55% lin 45% coton<br \/>\nLavage: en machine \u00e0 30\u00b0<br \/>\nLogo: SCOTT<br \/>\nMannequin mesure 1m80 porte la taille L<\/p>\n","protected":false},"featured_media":22827,"comment_status":"open","ping_status":"closed","template":"","meta":{"_monsterinsights_skip_tracking":false,"_monsterinsights_sitenote_active":false,"_monsterinsights_sitenote_note":"","_monsterinsights_sitenote_category":0,"_themeisle_gutenberg_block_has_review":false,"_kad_post_transparent":"default","_kad_post_title":"","_kad_post_layout":"default","_kad_post_sidebar_id":"","_kad_post_content_style":"default","_kad_post_vertical_padding":"default","_kad_post_feature":"","_kad_post_feature_position":"","_kad_post_header":false,"_kad_post_footer":false},"product_cat":[23,16],"product_tag":[],"acf":[],"yoast_head":"<!-- This site is optimized with the Yoast SEO plugin v20.8 - https:\/\/yoast.com\/wordpress\/plugins\/seo\/ -->\n<title>CHEMISE CONFORT BLEU CIEL SCOTT<\/title>\n<meta name=\"description\" content=\"Adoptez un style \u00e9l\u00e9gant et d\u00e9contract\u00e9 avec notre chemise Confort bleu ciel manches longues SCOTT. Fabriqu\u00e9e dans un m\u00e9lange de lin et coton pour un toucher doux, cette chemise pr\u00e9sente un col mao et une broderie ton sur ton discr\u00e8te \u00e0 la poitrine. Le boutonnage sur le devant et aux manches compl\u00e8te le look sophistiqu\u00e9.\" \/>\n<meta name=\"robots\" content=\"index, follow, max-snippet:-1, max-image-preview:large, max-video-preview:-1\" \/>\n<link rel=\"canonical\" href=\"https:\/\/www.scott.fr\/index.php\/produit\/chemise-confort-bleu-ciel\/\" \/>\n<meta property=\"og:locale\" content=\"fr_FR\" \/>\n<meta property=\"og:type\" content=\"article\" \/>\n<meta property=\"og:title\" content=\"CHEMISE CONFORT BLEU CIEL SCOTT\" \/>\n<meta property=\"og:description\" content=\"Adoptez un style \u00e9l\u00e9gant et d\u00e9contract\u00e9 avec notre chemise Confort bleu ciel manches longues SCOTT. Fabriqu\u00e9e dans un m\u00e9lange de lin et coton pour un toucher doux, cette chemise pr\u00e9sente un col mao et une broderie ton sur ton discr\u00e8te \u00e0 la poitrine. Le boutonnage sur le devant et aux manches compl\u00e8te le look sophistiqu\u00e9.\" \/>\n<meta property=\"og:url\" content=\"https:\/\/www.scott.fr\/index.php\/produit\/chemise-confort-bleu-ciel\/\" \/>\n<meta property=\"og:site_name\" content=\"SCOTT\" \/>\n<meta property=\"article:publisher\" content=\"https:\/\/www.facebook.com\/ScottBrandFr\/\" \/>\n<meta property=\"article:modified_time\" content=\"2026-03-18T10:24:26+00:00\" \/>\n<meta property=\"og:image\" content=\"https:\/\/www.scott.fr\/wp-content\/uploads\/2024\/03\/ConfortShirtSky-1-scaled.jpg\" \/>\n\t<meta property=\"og:image:width\" content=\"1707\" \/>\n\t<meta property=\"og:image:height\" content=\"2560\" \/>\n\t<meta property=\"og:image:type\" content=\"image\/jpeg\" \/>\n<meta name=\"twitter:card\" content=\"summary_large_image\" \/>\n<meta name=\"twitter:label1\" content=\"Dur\u00e9e de lecture estim\u00e9e\" \/>\n\t<meta name=\"twitter:data1\" content=\"1 minute\" \/>\n<script type=\"application\/ld+json\" class=\"yoast-schema-graph\">{\"@context\":\"https:\/\/schema.org\",\"@graph\":[{\"@type\":\"WebPage\",\"@id\":\"https:\/\/www.scott.fr\/index.php\/produit\/chemise-confort-bleu-ciel\/\",\"url\":\"https:\/\/www.scott.fr\/index.php\/produit\/chemise-confort-bleu-ciel\/\",\"name\":\"CHEMISE CONFORT BLEU CIEL SCOTT\",\"isPartOf\":{\"@id\":\"https:\/\/www.scott.fr\/#website\"},\"datePublished\":\"2024-03-19T13:56:02+00:00\",\"dateModified\":\"2026-03-18T10:24:26+00:00\",\"description\":\"Adoptez un style \u00e9l\u00e9gant et d\u00e9contract\u00e9 avec notre chemise Confort bleu ciel manches longues SCOTT. Fabriqu\u00e9e dans un m\u00e9lange de lin et coton pour un toucher doux, cette chemise pr\u00e9sente un col mao et une broderie ton sur ton discr\u00e8te \u00e0 la poitrine. Le boutonnage sur le devant et aux manches compl\u00e8te le look sophistiqu\u00e9.\",\"breadcrumb\":{\"@id\":\"https:\/\/www.scott.fr\/index.php\/produit\/chemise-confort-bleu-ciel\/#breadcrumb\"},\"inLanguage\":\"fr-FR\",\"potentialAction\":[{\"@type\":\"ReadAction\",\"target\":[\"https:\/\/www.scott.fr\/index.php\/produit\/chemise-confort-bleu-ciel\/\"]}]},{\"@type\":\"BreadcrumbList\",\"@id\":\"https:\/\/www.scott.fr\/index.php\/produit\/chemise-confort-bleu-ciel\/#breadcrumb\",\"itemListElement\":[{\"@type\":\"ListItem\",\"position\":1,\"name\":\"Accueil\",\"item\":\"https:\/\/www.scott.fr\/\"},{\"@type\":\"ListItem\",\"position\":2,\"name\":\"Produits\",\"item\":\"https:\/\/www.scott.fr\/index.php\/shop\/\"},{\"@type\":\"ListItem\",\"position\":3,\"name\":\"CHEMISE CONFORT BLEU CIEL\"}]},{\"@type\":\"WebSite\",\"@id\":\"https:\/\/www.scott.fr\/#website\",\"url\":\"https:\/\/www.scott.fr\/\",\"name\":\"SCOTT\",\"description\":\"Boutique de V\u00eatement Homme Femme et Enfant\",\"publisher\":{\"@id\":\"https:\/\/www.scott.fr\/#organization\"},\"potentialAction\":[{\"@type\":\"SearchAction\",\"target\":{\"@type\":\"EntryPoint\",\"urlTemplate\":\"https:\/\/www.scott.fr\/?s={search_term_string}\"},\"query-input\":\"required name=search_term_string\"}],\"inLanguage\":\"fr-FR\"},{\"@type\":\"Organization\",\"@id\":\"https:\/\/www.scott.fr\/#organization\",\"name\":\"Scott\",\"url\":\"https:\/\/www.scott.fr\/\",\"logo\":{\"@type\":\"ImageObject\",\"inLanguage\":\"fr-FR\",\"@id\":\"https:\/\/www.scott.fr\/#\/schema\/logo\/image\/\",\"url\":\"https:\/\/www.scott.fr\/wp-content\/uploads\/2021\/06\/Logo-Scott.png\",\"contentUrl\":\"https:\/\/www.scott.fr\/wp-content\/uploads\/2021\/06\/Logo-Scott.png\",\"width\":1080,\"height\":680,\"caption\":\"Scott\"},\"image\":{\"@id\":\"https:\/\/www.scott.fr\/#\/schema\/logo\/image\/\"},\"sameAs\":[\"https:\/\/www.facebook.com\/ScottBrandFr\/\",\"https:\/\/www.instagram.com\/scottbrandfr\/\"]}]}<\/script>\n<!-- \/ Yoast SEO plugin. -->","yoast_head_json":{"title":"CHEMISE CONFORT BLEU CIEL SCOTT","description":"Adoptez un style \u00e9l\u00e9gant et d\u00e9contract\u00e9 avec notre chemise Confort bleu ciel manches longues SCOTT. Fabriqu\u00e9e dans un m\u00e9lange de lin et coton pour un toucher doux, cette chemise pr\u00e9sente un col mao et une broderie ton sur ton discr\u00e8te \u00e0 la poitrine. Le boutonnage sur le devant et aux manches compl\u00e8te le look sophistiqu\u00e9.","robots":{"index":"index","follow":"follow","max-snippet":"max-snippet:-1","max-image-preview":"max-image-preview:large","max-video-preview":"max-video-preview:-1"},"canonical":"https:\/\/www.scott.fr\/index.php\/produit\/chemise-confort-bleu-ciel\/","og_locale":"fr_FR","og_type":"article","og_title":"CHEMISE CONFORT BLEU CIEL SCOTT","og_description":"Adoptez un style \u00e9l\u00e9gant et d\u00e9contract\u00e9 avec notre chemise Confort bleu ciel manches longues SCOTT. Fabriqu\u00e9e dans un m\u00e9lange de lin et coton pour un toucher doux, cette chemise pr\u00e9sente un col mao et une broderie ton sur ton discr\u00e8te \u00e0 la poitrine. Le boutonnage sur le devant et aux manches compl\u00e8te le look sophistiqu\u00e9.","og_url":"https:\/\/www.scott.fr\/index.php\/produit\/chemise-confort-bleu-ciel\/","og_site_name":"SCOTT","article_publisher":"https:\/\/www.facebook.com\/ScottBrandFr\/","article_modified_time":"2026-03-18T10:24:26+00:00","og_image":[{"width":1707,"height":2560,"url":"https:\/\/www.scott.fr\/wp-content\/uploads\/2024\/03\/ConfortShirtSky-1-scaled.jpg","type":"image\/jpeg"}],"twitter_card":"summary_large_image","twitter_misc":{"Dur\u00e9e de lecture estim\u00e9e":"1 minute"},"schema":{"@context":"https:\/\/schema.org","@graph":[{"@type":"WebPage","@id":"https:\/\/www.scott.fr\/index.php\/produit\/chemise-confort-bleu-ciel\/","url":"https:\/\/www.scott.fr\/index.php\/produit\/chemise-confort-bleu-ciel\/","name":"CHEMISE CONFORT BLEU CIEL SCOTT","isPartOf":{"@id":"https:\/\/www.scott.fr\/#website"},"datePublished":"2024-03-19T13:56:02+00:00","dateModified":"2026-03-18T10:24:26+00:00","description":"Adoptez un style \u00e9l\u00e9gant et d\u00e9contract\u00e9 avec notre chemise Confort bleu ciel manches longues SCOTT. Fabriqu\u00e9e dans un m\u00e9lange de lin et coton pour un toucher doux, cette chemise pr\u00e9sente un col mao et une broderie ton sur ton discr\u00e8te \u00e0 la poitrine. Le boutonnage sur le devant et aux manches compl\u00e8te le look sophistiqu\u00e9.","breadcrumb":{"@id":"https:\/\/www.scott.fr\/index.php\/produit\/chemise-confort-bleu-ciel\/#breadcrumb"},"inLanguage":"fr-FR","potentialAction":[{"@type":"ReadAction","target":["https:\/\/www.scott.fr\/index.php\/produit\/chemise-confort-bleu-ciel\/"]}]},{"@type":"BreadcrumbList","@id":"https:\/\/www.scott.fr\/index.php\/produit\/chemise-confort-bleu-ciel\/#breadcrumb","itemListElement":[{"@type":"ListItem","position":1,"name":"Accueil","item":"https:\/\/www.scott.fr\/"},{"@type":"ListItem","position":2,"name":"Produits","item":"https:\/\/www.scott.fr\/index.php\/shop\/"},{"@type":"ListItem","position":3,"name":"CHEMISE CONFORT BLEU CIEL"}]},{"@type":"WebSite","@id":"https:\/\/www.scott.fr\/#website","url":"https:\/\/www.scott.fr\/","name":"SCOTT","description":"Boutique de V\u00eatement Homme Femme et Enfant","publisher":{"@id":"https:\/\/www.scott.fr\/#organization"},"potentialAction":[{"@type":"SearchAction","target":{"@type":"EntryPoint","urlTemplate":"https:\/\/www.scott.fr\/?s={search_term_string}"},"query-input":"required name=search_term_string"}],"inLanguage":"fr-FR"},{"@type":"Organization","@id":"https:\/\/www.scott.fr\/#organization","name":"Scott","url":"https:\/\/www.scott.fr\/","logo":{"@type":"ImageObject","inLanguage":"fr-FR","@id":"https:\/\/www.scott.fr\/#\/schema\/logo\/image\/","url":"https:\/\/www.scott.fr\/wp-content\/uploads\/2021\/06\/Logo-Scott.png","contentUrl":"https:\/\/www.scott.fr\/wp-content\/uploads\/2021\/06\/Logo-Scott.png","width":1080,"height":680,"caption":"Scott"},"image":{"@id":"https:\/\/www.scott.fr\/#\/schema\/logo\/image\/"},"sameAs":["https:\/\/www.facebook.com\/ScottBrandFr\/","https:\/\/www.instagram.com\/scottbrandfr\/"]}]}},"_links":{"self":[{"href":"https:\/\/www.scott.fr\/index.php\/wp-json\/wp\/v2\/product\/22822"}],"collection":[{"href":"https:\/\/www.scott.fr\/index.php\/wp-json\/wp\/v2\/product"}],"about":[{"href":"https:\/\/www.scott.fr\/index.php\/wp-json\/wp\/v2\/types\/product"}],"replies":[{"embeddable":true,"href":"https:\/\/www.scott.fr\/index.php\/wp-json\/wp\/v2\/comments?post=22822"}],"version-history":[{"count":2,"href":"https:\/\/www.scott.fr\/index.php\/wp-json\/wp\/v2\/product\/22822\/revisions"}],"predecessor-version":[{"id":23107,"href":"https:\/\/www.scott.fr\/index.php\/wp-json\/wp\/v2\/product\/22822\/revisions\/23107"}],"wp:featuredmedia":[{"embeddable":true,"href":"https:\/\/www.scott.fr\/index.php\/wp-json\/wp\/v2\/media\/22827"}],"wp:attachment":[{"href":"https:\/\/www.scott.fr\/index.php\/wp-json\/wp\/v2\/media?parent=22822"}],"wp:term":[{"taxonomy":"product_cat","embeddable":true,"href":"https:\/\/www.scott.fr\/index.php\/wp-json\/wp\/v2\/product_cat?post=22822"},{"taxonomy":"product_tag","embeddable":true,"href":"https:\/\/www.scott.fr\/index.php\/wp-json\/wp\/v2\/product_tag?post=22822"}],"curies":[{"name":"wp","href":"https:\/\/api.w.org\/{rel}","templated":true}]}}