{"id":22713,"date":"2024-03-12T15:27:28","date_gmt":"2024-03-12T14:27:28","guid":{"rendered":"https:\/\/www.scott.fr\/?post_type=product&#038;p=22713"},"modified":"2024-12-19T09:25:17","modified_gmt":"2024-12-19T08:25:17","slug":"sweat-balta-bleu-marine","status":"publish","type":"product","link":"https:\/\/www.scott.fr\/index.php\/produit\/sweat-balta-bleu-marine\/","title":{"rendered":"SWEAT BALTA BLEU MARINE"},"content":{"rendered":"<p>D\u00e9couvrez le confort ultime avec notre sweat Balta bleu marine zipp\u00e9 SCOTT en molleton. Dot\u00e9 d&#8217;une capuche, d&#8217;un toucher doux et d&#8217;un zip contrast\u00e9, ce sweat offre style et praticit\u00e9. Avec notre logo discret sur la poitrine et 2 poches \u00e0 l&#8217;avant, il est parfait pour toutes vos aventures. Fabriqu\u00e9 \u00e0 partir d&#8217;un m\u00e9lange de 60% coton et 40% polyester pour une qualit\u00e9 durable.<\/p>\n","protected":false},"excerpt":{"rendered":"<p>D\u00e9couvrez le confort ultime avec notre sweat Balta bleu marine zipp\u00e9 SCOTT en molleton. Dot\u00e9 d&#8217;une capuche, d&#8217;un toucher doux et d&#8217;un zip contrast\u00e9, ce sweat offre style et praticit\u00e9. Avec notre logo discret sur la poitrine et 2 poches \u00e0 l&#8217;avant, il est parfait pour toutes vos aventures. Fabriqu\u00e9 \u00e0 partir d&#8217;un m\u00e9lange de 60% coton et 40% polyester pour une qualit\u00e9 durable.<\/p>\n<p>Composition: 60% coton 40% polyester<br \/>\nLavage: en machine \u00e0 30\u00b0<br \/>\nLogo: SCOTT<br \/>\nMannequin mesure 1m80 porte la taille L<\/p>\n","protected":false},"featured_media":22718,"comment_status":"open","ping_status":"closed","template":"","meta":{"_monsterinsights_skip_tracking":false,"_monsterinsights_sitenote_active":false,"_monsterinsights_sitenote_note":"","_monsterinsights_sitenote_category":0,"_themeisle_gutenberg_block_has_review":false,"_kad_post_transparent":"default","_kad_post_title":"","_kad_post_layout":"default","_kad_post_sidebar_id":"","_kad_post_content_style":"default","_kad_post_vertical_padding":"default","_kad_post_feature":"","_kad_post_feature_position":"","_kad_post_header":false,"_kad_post_footer":false},"product_cat":[16,28],"product_tag":[],"acf":[],"yoast_head":"<!-- This site is optimized with the Yoast SEO plugin v20.8 - https:\/\/yoast.com\/wordpress\/plugins\/seo\/ -->\n<title>SWEAT BALTA BLEU MARINE SCOTT<\/title>\n<meta name=\"description\" content=\"D\u00e9couvrez le confort ultime avec notre sweat Balta bleu marine zipp\u00e9 SCOTT en molleton. Dot\u00e9 d&#039;une capuche, d&#039;un toucher doux et d&#039;un zip contrast\u00e9, ce sweat offre style et praticit\u00e9. Avec notre logo discret sur la poitrine et 2 poches \u00e0 l&#039;avant, il est parfait pour toutes vos aventures. Fabriqu\u00e9 \u00e0 partir d&#039;un m\u00e9lange de 60% coton et 40% polyester pour une qualit\u00e9 durable.\" \/>\n<meta name=\"robots\" content=\"index, follow, max-snippet:-1, max-image-preview:large, max-video-preview:-1\" \/>\n<link rel=\"canonical\" href=\"https:\/\/www.scott.fr\/index.php\/produit\/sweat-balta-bleu-marine\/\" \/>\n<meta property=\"og:locale\" content=\"fr_FR\" \/>\n<meta property=\"og:type\" content=\"article\" \/>\n<meta property=\"og:title\" content=\"SWEAT BALTA BLEU MARINE SCOTT\" \/>\n<meta property=\"og:description\" content=\"D\u00e9couvrez le confort ultime avec notre sweat Balta bleu marine zipp\u00e9 SCOTT en molleton. Dot\u00e9 d&#039;une capuche, d&#039;un toucher doux et d&#039;un zip contrast\u00e9, ce sweat offre style et praticit\u00e9. Avec notre logo discret sur la poitrine et 2 poches \u00e0 l&#039;avant, il est parfait pour toutes vos aventures. Fabriqu\u00e9 \u00e0 partir d&#039;un m\u00e9lange de 60% coton et 40% polyester pour une qualit\u00e9 durable.\" \/>\n<meta property=\"og:url\" content=\"https:\/\/www.scott.fr\/index.php\/produit\/sweat-balta-bleu-marine\/\" \/>\n<meta property=\"og:site_name\" content=\"SCOTT\" \/>\n<meta property=\"article:publisher\" content=\"https:\/\/www.facebook.com\/ScottBrandFr\/\" \/>\n<meta property=\"article:modified_time\" content=\"2024-12-19T08:25:17+00:00\" \/>\n<meta property=\"og:image\" content=\"https:\/\/www.scott.fr\/wp-content\/uploads\/2024\/03\/BaltaSweatNavy-1-scaled.jpg\" \/>\n\t<meta property=\"og:image:width\" content=\"1707\" \/>\n\t<meta property=\"og:image:height\" content=\"2560\" \/>\n\t<meta property=\"og:image:type\" content=\"image\/jpeg\" \/>\n<meta name=\"twitter:card\" content=\"summary_large_image\" \/>\n<meta name=\"twitter:label1\" content=\"Dur\u00e9e de lecture estim\u00e9e\" \/>\n\t<meta name=\"twitter:data1\" content=\"1 minute\" \/>\n<script type=\"application\/ld+json\" class=\"yoast-schema-graph\">{\"@context\":\"https:\/\/schema.org\",\"@graph\":[{\"@type\":\"WebPage\",\"@id\":\"https:\/\/www.scott.fr\/index.php\/produit\/sweat-balta-bleu-marine\/\",\"url\":\"https:\/\/www.scott.fr\/index.php\/produit\/sweat-balta-bleu-marine\/\",\"name\":\"SWEAT BALTA BLEU MARINE SCOTT\",\"isPartOf\":{\"@id\":\"https:\/\/www.scott.fr\/#website\"},\"datePublished\":\"2024-03-12T14:27:28+00:00\",\"dateModified\":\"2024-12-19T08:25:17+00:00\",\"description\":\"D\u00e9couvrez le confort ultime avec notre sweat Balta bleu marine zipp\u00e9 SCOTT en molleton. Dot\u00e9 d'une capuche, d'un toucher doux et d'un zip contrast\u00e9, ce sweat offre style et praticit\u00e9. Avec notre logo discret sur la poitrine et 2 poches \u00e0 l'avant, il est parfait pour toutes vos aventures. Fabriqu\u00e9 \u00e0 partir d'un m\u00e9lange de 60% coton et 40% polyester pour une qualit\u00e9 durable.\",\"breadcrumb\":{\"@id\":\"https:\/\/www.scott.fr\/index.php\/produit\/sweat-balta-bleu-marine\/#breadcrumb\"},\"inLanguage\":\"fr-FR\",\"potentialAction\":[{\"@type\":\"ReadAction\",\"target\":[\"https:\/\/www.scott.fr\/index.php\/produit\/sweat-balta-bleu-marine\/\"]}]},{\"@type\":\"BreadcrumbList\",\"@id\":\"https:\/\/www.scott.fr\/index.php\/produit\/sweat-balta-bleu-marine\/#breadcrumb\",\"itemListElement\":[{\"@type\":\"ListItem\",\"position\":1,\"name\":\"Accueil\",\"item\":\"https:\/\/www.scott.fr\/\"},{\"@type\":\"ListItem\",\"position\":2,\"name\":\"Produits\",\"item\":\"https:\/\/www.scott.fr\/index.php\/shop\/\"},{\"@type\":\"ListItem\",\"position\":3,\"name\":\"SWEAT BALTA BLEU MARINE\"}]},{\"@type\":\"WebSite\",\"@id\":\"https:\/\/www.scott.fr\/#website\",\"url\":\"https:\/\/www.scott.fr\/\",\"name\":\"SCOTT\",\"description\":\"Boutique de V\u00eatement Homme Femme et Enfant\",\"publisher\":{\"@id\":\"https:\/\/www.scott.fr\/#organization\"},\"potentialAction\":[{\"@type\":\"SearchAction\",\"target\":{\"@type\":\"EntryPoint\",\"urlTemplate\":\"https:\/\/www.scott.fr\/?s={search_term_string}\"},\"query-input\":\"required name=search_term_string\"}],\"inLanguage\":\"fr-FR\"},{\"@type\":\"Organization\",\"@id\":\"https:\/\/www.scott.fr\/#organization\",\"name\":\"Scott\",\"url\":\"https:\/\/www.scott.fr\/\",\"logo\":{\"@type\":\"ImageObject\",\"inLanguage\":\"fr-FR\",\"@id\":\"https:\/\/www.scott.fr\/#\/schema\/logo\/image\/\",\"url\":\"https:\/\/www.scott.fr\/wp-content\/uploads\/2021\/06\/Logo-Scott.png\",\"contentUrl\":\"https:\/\/www.scott.fr\/wp-content\/uploads\/2021\/06\/Logo-Scott.png\",\"width\":1080,\"height\":680,\"caption\":\"Scott\"},\"image\":{\"@id\":\"https:\/\/www.scott.fr\/#\/schema\/logo\/image\/\"},\"sameAs\":[\"https:\/\/www.facebook.com\/ScottBrandFr\/\",\"https:\/\/www.instagram.com\/scottbrandfr\/\"]}]}<\/script>\n<!-- \/ Yoast SEO plugin. -->","yoast_head_json":{"title":"SWEAT BALTA BLEU MARINE SCOTT","description":"D\u00e9couvrez le confort ultime avec notre sweat Balta bleu marine zipp\u00e9 SCOTT en molleton. Dot\u00e9 d'une capuche, d'un toucher doux et d'un zip contrast\u00e9, ce sweat offre style et praticit\u00e9. Avec notre logo discret sur la poitrine et 2 poches \u00e0 l'avant, il est parfait pour toutes vos aventures. Fabriqu\u00e9 \u00e0 partir d'un m\u00e9lange de 60% coton et 40% polyester pour une qualit\u00e9 durable.","robots":{"index":"index","follow":"follow","max-snippet":"max-snippet:-1","max-image-preview":"max-image-preview:large","max-video-preview":"max-video-preview:-1"},"canonical":"https:\/\/www.scott.fr\/index.php\/produit\/sweat-balta-bleu-marine\/","og_locale":"fr_FR","og_type":"article","og_title":"SWEAT BALTA BLEU MARINE SCOTT","og_description":"D\u00e9couvrez le confort ultime avec notre sweat Balta bleu marine zipp\u00e9 SCOTT en molleton. Dot\u00e9 d'une capuche, d'un toucher doux et d'un zip contrast\u00e9, ce sweat offre style et praticit\u00e9. Avec notre logo discret sur la poitrine et 2 poches \u00e0 l'avant, il est parfait pour toutes vos aventures. Fabriqu\u00e9 \u00e0 partir d'un m\u00e9lange de 60% coton et 40% polyester pour une qualit\u00e9 durable.","og_url":"https:\/\/www.scott.fr\/index.php\/produit\/sweat-balta-bleu-marine\/","og_site_name":"SCOTT","article_publisher":"https:\/\/www.facebook.com\/ScottBrandFr\/","article_modified_time":"2024-12-19T08:25:17+00:00","og_image":[{"width":1707,"height":2560,"url":"https:\/\/www.scott.fr\/wp-content\/uploads\/2024\/03\/BaltaSweatNavy-1-scaled.jpg","type":"image\/jpeg"}],"twitter_card":"summary_large_image","twitter_misc":{"Dur\u00e9e de lecture estim\u00e9e":"1 minute"},"schema":{"@context":"https:\/\/schema.org","@graph":[{"@type":"WebPage","@id":"https:\/\/www.scott.fr\/index.php\/produit\/sweat-balta-bleu-marine\/","url":"https:\/\/www.scott.fr\/index.php\/produit\/sweat-balta-bleu-marine\/","name":"SWEAT BALTA BLEU MARINE SCOTT","isPartOf":{"@id":"https:\/\/www.scott.fr\/#website"},"datePublished":"2024-03-12T14:27:28+00:00","dateModified":"2024-12-19T08:25:17+00:00","description":"D\u00e9couvrez le confort ultime avec notre sweat Balta bleu marine zipp\u00e9 SCOTT en molleton. Dot\u00e9 d'une capuche, d'un toucher doux et d'un zip contrast\u00e9, ce sweat offre style et praticit\u00e9. Avec notre logo discret sur la poitrine et 2 poches \u00e0 l'avant, il est parfait pour toutes vos aventures. Fabriqu\u00e9 \u00e0 partir d'un m\u00e9lange de 60% coton et 40% polyester pour une qualit\u00e9 durable.","breadcrumb":{"@id":"https:\/\/www.scott.fr\/index.php\/produit\/sweat-balta-bleu-marine\/#breadcrumb"},"inLanguage":"fr-FR","potentialAction":[{"@type":"ReadAction","target":["https:\/\/www.scott.fr\/index.php\/produit\/sweat-balta-bleu-marine\/"]}]},{"@type":"BreadcrumbList","@id":"https:\/\/www.scott.fr\/index.php\/produit\/sweat-balta-bleu-marine\/#breadcrumb","itemListElement":[{"@type":"ListItem","position":1,"name":"Accueil","item":"https:\/\/www.scott.fr\/"},{"@type":"ListItem","position":2,"name":"Produits","item":"https:\/\/www.scott.fr\/index.php\/shop\/"},{"@type":"ListItem","position":3,"name":"SWEAT BALTA BLEU MARINE"}]},{"@type":"WebSite","@id":"https:\/\/www.scott.fr\/#website","url":"https:\/\/www.scott.fr\/","name":"SCOTT","description":"Boutique de V\u00eatement Homme Femme et Enfant","publisher":{"@id":"https:\/\/www.scott.fr\/#organization"},"potentialAction":[{"@type":"SearchAction","target":{"@type":"EntryPoint","urlTemplate":"https:\/\/www.scott.fr\/?s={search_term_string}"},"query-input":"required name=search_term_string"}],"inLanguage":"fr-FR"},{"@type":"Organization","@id":"https:\/\/www.scott.fr\/#organization","name":"Scott","url":"https:\/\/www.scott.fr\/","logo":{"@type":"ImageObject","inLanguage":"fr-FR","@id":"https:\/\/www.scott.fr\/#\/schema\/logo\/image\/","url":"https:\/\/www.scott.fr\/wp-content\/uploads\/2021\/06\/Logo-Scott.png","contentUrl":"https:\/\/www.scott.fr\/wp-content\/uploads\/2021\/06\/Logo-Scott.png","width":1080,"height":680,"caption":"Scott"},"image":{"@id":"https:\/\/www.scott.fr\/#\/schema\/logo\/image\/"},"sameAs":["https:\/\/www.facebook.com\/ScottBrandFr\/","https:\/\/www.instagram.com\/scottbrandfr\/"]}]}},"_links":{"self":[{"href":"https:\/\/www.scott.fr\/index.php\/wp-json\/wp\/v2\/product\/22713"}],"collection":[{"href":"https:\/\/www.scott.fr\/index.php\/wp-json\/wp\/v2\/product"}],"about":[{"href":"https:\/\/www.scott.fr\/index.php\/wp-json\/wp\/v2\/types\/product"}],"replies":[{"embeddable":true,"href":"https:\/\/www.scott.fr\/index.php\/wp-json\/wp\/v2\/comments?post=22713"}],"version-history":[{"count":3,"href":"https:\/\/www.scott.fr\/index.php\/wp-json\/wp\/v2\/product\/22713\/revisions"}],"predecessor-version":[{"id":22990,"href":"https:\/\/www.scott.fr\/index.php\/wp-json\/wp\/v2\/product\/22713\/revisions\/22990"}],"wp:featuredmedia":[{"embeddable":true,"href":"https:\/\/www.scott.fr\/index.php\/wp-json\/wp\/v2\/media\/22718"}],"wp:attachment":[{"href":"https:\/\/www.scott.fr\/index.php\/wp-json\/wp\/v2\/media?parent=22713"}],"wp:term":[{"taxonomy":"product_cat","embeddable":true,"href":"https:\/\/www.scott.fr\/index.php\/wp-json\/wp\/v2\/product_cat?post=22713"},{"taxonomy":"product_tag","embeddable":true,"href":"https:\/\/www.scott.fr\/index.php\/wp-json\/wp\/v2\/product_tag?post=22713"}],"curies":[{"name":"wp","href":"https:\/\/api.w.org\/{rel}","templated":true}]}}