{"id":22351,"date":"2024-04-08T17:10:46","date_gmt":"2024-04-08T15:10:46","guid":{"rendered":"https:\/\/www.scott.fr\/?post_type=product&#038;p=22351"},"modified":"2026-03-18T11:30:50","modified_gmt":"2026-03-18T10:30:50","slug":"chemise-rony-blanche","status":"publish","type":"product","link":"https:\/\/www.scott.fr\/index.php\/produit\/chemise-rony-blanche\/","title":{"rendered":"CHEMISE RONY BLANCHE"},"content":{"rendered":"<p>Adoptez l&#8217;\u00e9l\u00e9gance d\u00e9contract\u00e9e avec notre chemise Rony blanche manches longues SCOTT. Fabriqu\u00e9e dans un m\u00e9lange de lin et coton pour un toucher doux, cette chemise pr\u00e9sente une poche logot\u00e9e sur la poitrine pour une touche de style suppl\u00e9mentaire. Les manches sont retroussables et dot\u00e9es d&#8217;une patte int\u00e9rieure \u00e0 boutonner pour une polyvalence optimale. Parfaite pour un look sophistiqu\u00e9 au quotidien.<\/p>\n","protected":false},"excerpt":{"rendered":"<p>Adoptez l&#8217;\u00e9l\u00e9gance d\u00e9contract\u00e9e avec notre chemise Rony blanche manches longues SCOTT. Fabriqu\u00e9e dans un m\u00e9lange de lin et coton pour un toucher doux, cette chemise pr\u00e9sente une poche logot\u00e9e sur la poitrine pour une touche de style suppl\u00e9mentaire. Les manches sont retroussables et dot\u00e9es d&#8217;une patte int\u00e9rieure \u00e0 boutonner pour une polyvalence optimale. Parfaite pour un look sophistiqu\u00e9 au quotidien.<\/p>\n<p>Composition: 55% lin 45% coton<br \/>\nLavage: 30\u00b0 en machine<br \/>\nLogo: SCOTT<br \/>\nMannequin mesure 1m80 porte la taille L<\/p>\n","protected":false},"featured_media":22356,"comment_status":"open","ping_status":"closed","template":"","meta":{"_monsterinsights_skip_tracking":false,"_monsterinsights_sitenote_active":false,"_monsterinsights_sitenote_note":"","_monsterinsights_sitenote_category":0,"_themeisle_gutenberg_block_has_review":false,"_kad_post_transparent":"default","_kad_post_title":"","_kad_post_layout":"default","_kad_post_sidebar_id":"","_kad_post_content_style":"default","_kad_post_vertical_padding":"default","_kad_post_feature":"","_kad_post_feature_position":"","_kad_post_header":false,"_kad_post_footer":false},"product_cat":[23,16],"product_tag":[],"acf":[],"yoast_head":"<!-- This site is optimized with the Yoast SEO plugin v20.8 - https:\/\/yoast.com\/wordpress\/plugins\/seo\/ -->\n<title>CHEMISE RONY BLANCHE SCOTT<\/title>\n<meta name=\"description\" content=\"Adoptez l&#039;\u00e9l\u00e9gance d\u00e9contract\u00e9e avec notre chemise Rony blanche manches longues SCOTT. Fabriqu\u00e9e dans un m\u00e9lange de lin et coton pour un toucher doux, cette chemise pr\u00e9sente une poche logot\u00e9e sur la poitrine pour une touche de style suppl\u00e9mentaire. Les manches sont retroussables et dot\u00e9es d&#039;une patte int\u00e9rieure \u00e0 boutonner pour une polyvalence optimale. Parfaite pour un look sophistiqu\u00e9 au quotidien.\" \/>\n<meta name=\"robots\" content=\"index, follow, max-snippet:-1, max-image-preview:large, max-video-preview:-1\" \/>\n<link rel=\"canonical\" href=\"https:\/\/www.scott.fr\/index.php\/produit\/chemise-rony-blanche\/\" \/>\n<meta property=\"og:locale\" content=\"fr_FR\" \/>\n<meta property=\"og:type\" content=\"article\" \/>\n<meta property=\"og:title\" content=\"CHEMISE RONY BLANCHE SCOTT\" \/>\n<meta property=\"og:description\" content=\"Adoptez l&#039;\u00e9l\u00e9gance d\u00e9contract\u00e9e avec notre chemise Rony blanche manches longues SCOTT. Fabriqu\u00e9e dans un m\u00e9lange de lin et coton pour un toucher doux, cette chemise pr\u00e9sente une poche logot\u00e9e sur la poitrine pour une touche de style suppl\u00e9mentaire. Les manches sont retroussables et dot\u00e9es d&#039;une patte int\u00e9rieure \u00e0 boutonner pour une polyvalence optimale. Parfaite pour un look sophistiqu\u00e9 au quotidien.\" \/>\n<meta property=\"og:url\" content=\"https:\/\/www.scott.fr\/index.php\/produit\/chemise-rony-blanche\/\" \/>\n<meta property=\"og:site_name\" content=\"SCOTT\" \/>\n<meta property=\"article:publisher\" content=\"https:\/\/www.facebook.com\/ScottBrandFr\/\" \/>\n<meta property=\"article:modified_time\" content=\"2026-03-18T10:30:50+00:00\" \/>\n<meta property=\"og:image\" content=\"https:\/\/www.scott.fr\/wp-content\/uploads\/2024\/03\/RonyShirtWhite-1-scaled.jpg\" \/>\n\t<meta property=\"og:image:width\" content=\"1707\" \/>\n\t<meta property=\"og:image:height\" content=\"2560\" \/>\n\t<meta property=\"og:image:type\" content=\"image\/jpeg\" \/>\n<meta name=\"twitter:card\" content=\"summary_large_image\" \/>\n<meta name=\"twitter:label1\" content=\"Dur\u00e9e de lecture estim\u00e9e\" \/>\n\t<meta name=\"twitter:data1\" content=\"1 minute\" \/>\n<script type=\"application\/ld+json\" class=\"yoast-schema-graph\">{\"@context\":\"https:\/\/schema.org\",\"@graph\":[{\"@type\":\"WebPage\",\"@id\":\"https:\/\/www.scott.fr\/index.php\/produit\/chemise-rony-blanche\/\",\"url\":\"https:\/\/www.scott.fr\/index.php\/produit\/chemise-rony-blanche\/\",\"name\":\"CHEMISE RONY BLANCHE SCOTT\",\"isPartOf\":{\"@id\":\"https:\/\/www.scott.fr\/#website\"},\"datePublished\":\"2024-04-08T15:10:46+00:00\",\"dateModified\":\"2026-03-18T10:30:50+00:00\",\"description\":\"Adoptez l'\u00e9l\u00e9gance d\u00e9contract\u00e9e avec notre chemise Rony blanche manches longues SCOTT. Fabriqu\u00e9e dans un m\u00e9lange de lin et coton pour un toucher doux, cette chemise pr\u00e9sente une poche logot\u00e9e sur la poitrine pour une touche de style suppl\u00e9mentaire. Les manches sont retroussables et dot\u00e9es d'une patte int\u00e9rieure \u00e0 boutonner pour une polyvalence optimale. Parfaite pour un look sophistiqu\u00e9 au quotidien.\",\"breadcrumb\":{\"@id\":\"https:\/\/www.scott.fr\/index.php\/produit\/chemise-rony-blanche\/#breadcrumb\"},\"inLanguage\":\"fr-FR\",\"potentialAction\":[{\"@type\":\"ReadAction\",\"target\":[\"https:\/\/www.scott.fr\/index.php\/produit\/chemise-rony-blanche\/\"]}]},{\"@type\":\"BreadcrumbList\",\"@id\":\"https:\/\/www.scott.fr\/index.php\/produit\/chemise-rony-blanche\/#breadcrumb\",\"itemListElement\":[{\"@type\":\"ListItem\",\"position\":1,\"name\":\"Accueil\",\"item\":\"https:\/\/www.scott.fr\/\"},{\"@type\":\"ListItem\",\"position\":2,\"name\":\"Produits\",\"item\":\"https:\/\/www.scott.fr\/index.php\/shop\/\"},{\"@type\":\"ListItem\",\"position\":3,\"name\":\"CHEMISE RONY BLANCHE\"}]},{\"@type\":\"WebSite\",\"@id\":\"https:\/\/www.scott.fr\/#website\",\"url\":\"https:\/\/www.scott.fr\/\",\"name\":\"SCOTT\",\"description\":\"Boutique de V\u00eatement Homme Femme et Enfant\",\"publisher\":{\"@id\":\"https:\/\/www.scott.fr\/#organization\"},\"potentialAction\":[{\"@type\":\"SearchAction\",\"target\":{\"@type\":\"EntryPoint\",\"urlTemplate\":\"https:\/\/www.scott.fr\/?s={search_term_string}\"},\"query-input\":\"required name=search_term_string\"}],\"inLanguage\":\"fr-FR\"},{\"@type\":\"Organization\",\"@id\":\"https:\/\/www.scott.fr\/#organization\",\"name\":\"Scott\",\"url\":\"https:\/\/www.scott.fr\/\",\"logo\":{\"@type\":\"ImageObject\",\"inLanguage\":\"fr-FR\",\"@id\":\"https:\/\/www.scott.fr\/#\/schema\/logo\/image\/\",\"url\":\"https:\/\/www.scott.fr\/wp-content\/uploads\/2021\/06\/Logo-Scott.png\",\"contentUrl\":\"https:\/\/www.scott.fr\/wp-content\/uploads\/2021\/06\/Logo-Scott.png\",\"width\":1080,\"height\":680,\"caption\":\"Scott\"},\"image\":{\"@id\":\"https:\/\/www.scott.fr\/#\/schema\/logo\/image\/\"},\"sameAs\":[\"https:\/\/www.facebook.com\/ScottBrandFr\/\",\"https:\/\/www.instagram.com\/scottbrandfr\/\"]}]}<\/script>\n<!-- \/ Yoast SEO plugin. -->","yoast_head_json":{"title":"CHEMISE RONY BLANCHE SCOTT","description":"Adoptez l'\u00e9l\u00e9gance d\u00e9contract\u00e9e avec notre chemise Rony blanche manches longues SCOTT. Fabriqu\u00e9e dans un m\u00e9lange de lin et coton pour un toucher doux, cette chemise pr\u00e9sente une poche logot\u00e9e sur la poitrine pour une touche de style suppl\u00e9mentaire. Les manches sont retroussables et dot\u00e9es d'une patte int\u00e9rieure \u00e0 boutonner pour une polyvalence optimale. Parfaite pour un look sophistiqu\u00e9 au quotidien.","robots":{"index":"index","follow":"follow","max-snippet":"max-snippet:-1","max-image-preview":"max-image-preview:large","max-video-preview":"max-video-preview:-1"},"canonical":"https:\/\/www.scott.fr\/index.php\/produit\/chemise-rony-blanche\/","og_locale":"fr_FR","og_type":"article","og_title":"CHEMISE RONY BLANCHE SCOTT","og_description":"Adoptez l'\u00e9l\u00e9gance d\u00e9contract\u00e9e avec notre chemise Rony blanche manches longues SCOTT. Fabriqu\u00e9e dans un m\u00e9lange de lin et coton pour un toucher doux, cette chemise pr\u00e9sente une poche logot\u00e9e sur la poitrine pour une touche de style suppl\u00e9mentaire. Les manches sont retroussables et dot\u00e9es d'une patte int\u00e9rieure \u00e0 boutonner pour une polyvalence optimale. Parfaite pour un look sophistiqu\u00e9 au quotidien.","og_url":"https:\/\/www.scott.fr\/index.php\/produit\/chemise-rony-blanche\/","og_site_name":"SCOTT","article_publisher":"https:\/\/www.facebook.com\/ScottBrandFr\/","article_modified_time":"2026-03-18T10:30:50+00:00","og_image":[{"width":1707,"height":2560,"url":"https:\/\/www.scott.fr\/wp-content\/uploads\/2024\/03\/RonyShirtWhite-1-scaled.jpg","type":"image\/jpeg"}],"twitter_card":"summary_large_image","twitter_misc":{"Dur\u00e9e de lecture estim\u00e9e":"1 minute"},"schema":{"@context":"https:\/\/schema.org","@graph":[{"@type":"WebPage","@id":"https:\/\/www.scott.fr\/index.php\/produit\/chemise-rony-blanche\/","url":"https:\/\/www.scott.fr\/index.php\/produit\/chemise-rony-blanche\/","name":"CHEMISE RONY BLANCHE SCOTT","isPartOf":{"@id":"https:\/\/www.scott.fr\/#website"},"datePublished":"2024-04-08T15:10:46+00:00","dateModified":"2026-03-18T10:30:50+00:00","description":"Adoptez l'\u00e9l\u00e9gance d\u00e9contract\u00e9e avec notre chemise Rony blanche manches longues SCOTT. Fabriqu\u00e9e dans un m\u00e9lange de lin et coton pour un toucher doux, cette chemise pr\u00e9sente une poche logot\u00e9e sur la poitrine pour une touche de style suppl\u00e9mentaire. Les manches sont retroussables et dot\u00e9es d'une patte int\u00e9rieure \u00e0 boutonner pour une polyvalence optimale. Parfaite pour un look sophistiqu\u00e9 au quotidien.","breadcrumb":{"@id":"https:\/\/www.scott.fr\/index.php\/produit\/chemise-rony-blanche\/#breadcrumb"},"inLanguage":"fr-FR","potentialAction":[{"@type":"ReadAction","target":["https:\/\/www.scott.fr\/index.php\/produit\/chemise-rony-blanche\/"]}]},{"@type":"BreadcrumbList","@id":"https:\/\/www.scott.fr\/index.php\/produit\/chemise-rony-blanche\/#breadcrumb","itemListElement":[{"@type":"ListItem","position":1,"name":"Accueil","item":"https:\/\/www.scott.fr\/"},{"@type":"ListItem","position":2,"name":"Produits","item":"https:\/\/www.scott.fr\/index.php\/shop\/"},{"@type":"ListItem","position":3,"name":"CHEMISE RONY BLANCHE"}]},{"@type":"WebSite","@id":"https:\/\/www.scott.fr\/#website","url":"https:\/\/www.scott.fr\/","name":"SCOTT","description":"Boutique de V\u00eatement Homme Femme et Enfant","publisher":{"@id":"https:\/\/www.scott.fr\/#organization"},"potentialAction":[{"@type":"SearchAction","target":{"@type":"EntryPoint","urlTemplate":"https:\/\/www.scott.fr\/?s={search_term_string}"},"query-input":"required name=search_term_string"}],"inLanguage":"fr-FR"},{"@type":"Organization","@id":"https:\/\/www.scott.fr\/#organization","name":"Scott","url":"https:\/\/www.scott.fr\/","logo":{"@type":"ImageObject","inLanguage":"fr-FR","@id":"https:\/\/www.scott.fr\/#\/schema\/logo\/image\/","url":"https:\/\/www.scott.fr\/wp-content\/uploads\/2021\/06\/Logo-Scott.png","contentUrl":"https:\/\/www.scott.fr\/wp-content\/uploads\/2021\/06\/Logo-Scott.png","width":1080,"height":680,"caption":"Scott"},"image":{"@id":"https:\/\/www.scott.fr\/#\/schema\/logo\/image\/"},"sameAs":["https:\/\/www.facebook.com\/ScottBrandFr\/","https:\/\/www.instagram.com\/scottbrandfr\/"]}]}},"_links":{"self":[{"href":"https:\/\/www.scott.fr\/index.php\/wp-json\/wp\/v2\/product\/22351"}],"collection":[{"href":"https:\/\/www.scott.fr\/index.php\/wp-json\/wp\/v2\/product"}],"about":[{"href":"https:\/\/www.scott.fr\/index.php\/wp-json\/wp\/v2\/types\/product"}],"replies":[{"embeddable":true,"href":"https:\/\/www.scott.fr\/index.php\/wp-json\/wp\/v2\/comments?post=22351"}],"version-history":[{"count":3,"href":"https:\/\/www.scott.fr\/index.php\/wp-json\/wp\/v2\/product\/22351\/revisions"}],"predecessor-version":[{"id":23192,"href":"https:\/\/www.scott.fr\/index.php\/wp-json\/wp\/v2\/product\/22351\/revisions\/23192"}],"wp:featuredmedia":[{"embeddable":true,"href":"https:\/\/www.scott.fr\/index.php\/wp-json\/wp\/v2\/media\/22356"}],"wp:attachment":[{"href":"https:\/\/www.scott.fr\/index.php\/wp-json\/wp\/v2\/media?parent=22351"}],"wp:term":[{"taxonomy":"product_cat","embeddable":true,"href":"https:\/\/www.scott.fr\/index.php\/wp-json\/wp\/v2\/product_cat?post=22351"},{"taxonomy":"product_tag","embeddable":true,"href":"https:\/\/www.scott.fr\/index.php\/wp-json\/wp\/v2\/product_tag?post=22351"}],"curies":[{"name":"wp","href":"https:\/\/api.w.org\/{rel}","templated":true}]}}