{"id":22337,"date":"2024-04-25T14:04:33","date_gmt":"2024-04-25T12:04:33","guid":{"rendered":"https:\/\/www.scott.fr\/?post_type=product&#038;p=22337"},"modified":"2026-03-23T14:53:12","modified_gmt":"2026-03-23T13:53:12","slug":"bermuda-bempic-kaki","status":"publish","type":"product","link":"https:\/\/www.scott.fr\/index.php\/produit\/bermuda-bempic-kaki\/","title":{"rendered":"BERMUDA BEMPIC KAKI"},"content":{"rendered":"<p>Profitez du confort absolu avec notre bermuda Bempic kaki en molleton French Terry SCOTT. Son toucher tr\u00e8s doux et sa taille \u00e9lastiqu\u00e9e avec cordon de serrage offrent un ajustement parfait. Dot\u00e9 de 2 poches \u00e0 l&#8217;avant et d&#8217;une \u00e0 l&#8217;arri\u00e8re avec notre logo patch, ce bermuda est un choix id\u00e9al pour un style d\u00e9contract\u00e9 et tendance.<\/p>\n","protected":false},"excerpt":{"rendered":"<p>Profitez du confort absolu avec notre bermuda Bempic kaki en molleton French Terry SCOTT. Son toucher tr\u00e8s doux et sa taille \u00e9lastiqu\u00e9e avec cordon de serrage offrent un ajustement parfait. Dot\u00e9 de 2 poches \u00e0 l&#8217;avant et d&#8217;une \u00e0 l&#8217;arri\u00e8re avec notre logo patch, ce bermuda est un choix id\u00e9al pour un style d\u00e9contract\u00e9 et tendance.<\/p>\n<p>Composition: 50% coton 50% polyester<br \/>\nLavage: en machine \u00e0 30\u00b0<br \/>\nLogo: SCOTT<br \/>\nMannequin mesure 1m80 porte la taille L<\/p>\n","protected":false},"featured_media":22343,"comment_status":"open","ping_status":"closed","template":"","meta":{"_monsterinsights_skip_tracking":false,"_monsterinsights_sitenote_active":false,"_monsterinsights_sitenote_note":"","_monsterinsights_sitenote_category":0,"_themeisle_gutenberg_block_has_review":false,"_kad_post_transparent":"default","_kad_post_title":"","_kad_post_layout":"default","_kad_post_sidebar_id":"","_kad_post_content_style":"default","_kad_post_vertical_padding":"default","_kad_post_feature":"","_kad_post_feature_position":"","_kad_post_header":false,"_kad_post_footer":false},"product_cat":[29,16],"product_tag":[],"acf":[],"yoast_head":"<!-- This site is optimized with the Yoast SEO plugin v20.8 - https:\/\/yoast.com\/wordpress\/plugins\/seo\/ -->\n<title>BERMUDA BEMPIC KAKI SCOTT<\/title>\n<meta name=\"description\" content=\"Profitez du confort absolu avec notre bermuda Bempic kaki en molleton French Terry SCOTT. Son toucher tr\u00e8s doux et sa taille \u00e9lastiqu\u00e9e avec cordon de serrage offrent un ajustement parfait. Dot\u00e9 de 2 poches \u00e0 l&#039;avant et d&#039;une \u00e0 l&#039;arri\u00e8re avec notre logo patch, ce bermuda est un choix id\u00e9al pour un style d\u00e9contract\u00e9 et tendance.\" \/>\n<meta name=\"robots\" content=\"index, follow, max-snippet:-1, max-image-preview:large, max-video-preview:-1\" \/>\n<link rel=\"canonical\" href=\"https:\/\/www.scott.fr\/index.php\/produit\/bermuda-bempic-kaki\/\" \/>\n<meta property=\"og:locale\" content=\"fr_FR\" \/>\n<meta property=\"og:type\" content=\"article\" \/>\n<meta property=\"og:title\" content=\"BERMUDA BEMPIC KAKI SCOTT\" \/>\n<meta property=\"og:description\" content=\"Profitez du confort absolu avec notre bermuda Bempic kaki en molleton French Terry SCOTT. Son toucher tr\u00e8s doux et sa taille \u00e9lastiqu\u00e9e avec cordon de serrage offrent un ajustement parfait. Dot\u00e9 de 2 poches \u00e0 l&#039;avant et d&#039;une \u00e0 l&#039;arri\u00e8re avec notre logo patch, ce bermuda est un choix id\u00e9al pour un style d\u00e9contract\u00e9 et tendance.\" \/>\n<meta property=\"og:url\" content=\"https:\/\/www.scott.fr\/index.php\/produit\/bermuda-bempic-kaki\/\" \/>\n<meta property=\"og:site_name\" content=\"SCOTT\" \/>\n<meta property=\"article:publisher\" content=\"https:\/\/www.facebook.com\/ScottBrandFr\/\" \/>\n<meta property=\"article:modified_time\" content=\"2026-03-23T13:53:12+00:00\" \/>\n<meta property=\"og:image\" content=\"https:\/\/www.scott.fr\/wp-content\/uploads\/2024\/03\/BempicBermudaLichen01-1.jpg\" \/>\n\t<meta property=\"og:image:width\" content=\"1000\" \/>\n\t<meta property=\"og:image:height\" content=\"1500\" \/>\n\t<meta property=\"og:image:type\" content=\"image\/jpeg\" \/>\n<meta name=\"twitter:card\" content=\"summary_large_image\" \/>\n<meta name=\"twitter:label1\" content=\"Dur\u00e9e de lecture estim\u00e9e\" \/>\n\t<meta name=\"twitter:data1\" content=\"1 minute\" \/>\n<script type=\"application\/ld+json\" class=\"yoast-schema-graph\">{\"@context\":\"https:\/\/schema.org\",\"@graph\":[{\"@type\":\"WebPage\",\"@id\":\"https:\/\/www.scott.fr\/index.php\/produit\/bermuda-bempic-kaki\/\",\"url\":\"https:\/\/www.scott.fr\/index.php\/produit\/bermuda-bempic-kaki\/\",\"name\":\"BERMUDA BEMPIC KAKI SCOTT\",\"isPartOf\":{\"@id\":\"https:\/\/www.scott.fr\/#website\"},\"datePublished\":\"2024-04-25T12:04:33+00:00\",\"dateModified\":\"2026-03-23T13:53:12+00:00\",\"description\":\"Profitez du confort absolu avec notre bermuda Bempic kaki en molleton French Terry SCOTT. Son toucher tr\u00e8s doux et sa taille \u00e9lastiqu\u00e9e avec cordon de serrage offrent un ajustement parfait. Dot\u00e9 de 2 poches \u00e0 l'avant et d'une \u00e0 l'arri\u00e8re avec notre logo patch, ce bermuda est un choix id\u00e9al pour un style d\u00e9contract\u00e9 et tendance.\",\"breadcrumb\":{\"@id\":\"https:\/\/www.scott.fr\/index.php\/produit\/bermuda-bempic-kaki\/#breadcrumb\"},\"inLanguage\":\"fr-FR\",\"potentialAction\":[{\"@type\":\"ReadAction\",\"target\":[\"https:\/\/www.scott.fr\/index.php\/produit\/bermuda-bempic-kaki\/\"]}]},{\"@type\":\"BreadcrumbList\",\"@id\":\"https:\/\/www.scott.fr\/index.php\/produit\/bermuda-bempic-kaki\/#breadcrumb\",\"itemListElement\":[{\"@type\":\"ListItem\",\"position\":1,\"name\":\"Accueil\",\"item\":\"https:\/\/www.scott.fr\/\"},{\"@type\":\"ListItem\",\"position\":2,\"name\":\"Produits\",\"item\":\"https:\/\/www.scott.fr\/index.php\/shop\/\"},{\"@type\":\"ListItem\",\"position\":3,\"name\":\"BERMUDA BEMPIC KAKI\"}]},{\"@type\":\"WebSite\",\"@id\":\"https:\/\/www.scott.fr\/#website\",\"url\":\"https:\/\/www.scott.fr\/\",\"name\":\"SCOTT\",\"description\":\"Boutique de V\u00eatement Homme Femme et Enfant\",\"publisher\":{\"@id\":\"https:\/\/www.scott.fr\/#organization\"},\"potentialAction\":[{\"@type\":\"SearchAction\",\"target\":{\"@type\":\"EntryPoint\",\"urlTemplate\":\"https:\/\/www.scott.fr\/?s={search_term_string}\"},\"query-input\":\"required name=search_term_string\"}],\"inLanguage\":\"fr-FR\"},{\"@type\":\"Organization\",\"@id\":\"https:\/\/www.scott.fr\/#organization\",\"name\":\"Scott\",\"url\":\"https:\/\/www.scott.fr\/\",\"logo\":{\"@type\":\"ImageObject\",\"inLanguage\":\"fr-FR\",\"@id\":\"https:\/\/www.scott.fr\/#\/schema\/logo\/image\/\",\"url\":\"https:\/\/www.scott.fr\/wp-content\/uploads\/2021\/06\/Logo-Scott.png\",\"contentUrl\":\"https:\/\/www.scott.fr\/wp-content\/uploads\/2021\/06\/Logo-Scott.png\",\"width\":1080,\"height\":680,\"caption\":\"Scott\"},\"image\":{\"@id\":\"https:\/\/www.scott.fr\/#\/schema\/logo\/image\/\"},\"sameAs\":[\"https:\/\/www.facebook.com\/ScottBrandFr\/\",\"https:\/\/www.instagram.com\/scottbrandfr\/\"]}]}<\/script>\n<!-- \/ Yoast SEO plugin. -->","yoast_head_json":{"title":"BERMUDA BEMPIC KAKI SCOTT","description":"Profitez du confort absolu avec notre bermuda Bempic kaki en molleton French Terry SCOTT. Son toucher tr\u00e8s doux et sa taille \u00e9lastiqu\u00e9e avec cordon de serrage offrent un ajustement parfait. Dot\u00e9 de 2 poches \u00e0 l'avant et d'une \u00e0 l'arri\u00e8re avec notre logo patch, ce bermuda est un choix id\u00e9al pour un style d\u00e9contract\u00e9 et tendance.","robots":{"index":"index","follow":"follow","max-snippet":"max-snippet:-1","max-image-preview":"max-image-preview:large","max-video-preview":"max-video-preview:-1"},"canonical":"https:\/\/www.scott.fr\/index.php\/produit\/bermuda-bempic-kaki\/","og_locale":"fr_FR","og_type":"article","og_title":"BERMUDA BEMPIC KAKI SCOTT","og_description":"Profitez du confort absolu avec notre bermuda Bempic kaki en molleton French Terry SCOTT. Son toucher tr\u00e8s doux et sa taille \u00e9lastiqu\u00e9e avec cordon de serrage offrent un ajustement parfait. Dot\u00e9 de 2 poches \u00e0 l'avant et d'une \u00e0 l'arri\u00e8re avec notre logo patch, ce bermuda est un choix id\u00e9al pour un style d\u00e9contract\u00e9 et tendance.","og_url":"https:\/\/www.scott.fr\/index.php\/produit\/bermuda-bempic-kaki\/","og_site_name":"SCOTT","article_publisher":"https:\/\/www.facebook.com\/ScottBrandFr\/","article_modified_time":"2026-03-23T13:53:12+00:00","og_image":[{"width":1000,"height":1500,"url":"https:\/\/www.scott.fr\/wp-content\/uploads\/2024\/03\/BempicBermudaLichen01-1.jpg","type":"image\/jpeg"}],"twitter_card":"summary_large_image","twitter_misc":{"Dur\u00e9e de lecture estim\u00e9e":"1 minute"},"schema":{"@context":"https:\/\/schema.org","@graph":[{"@type":"WebPage","@id":"https:\/\/www.scott.fr\/index.php\/produit\/bermuda-bempic-kaki\/","url":"https:\/\/www.scott.fr\/index.php\/produit\/bermuda-bempic-kaki\/","name":"BERMUDA BEMPIC KAKI SCOTT","isPartOf":{"@id":"https:\/\/www.scott.fr\/#website"},"datePublished":"2024-04-25T12:04:33+00:00","dateModified":"2026-03-23T13:53:12+00:00","description":"Profitez du confort absolu avec notre bermuda Bempic kaki en molleton French Terry SCOTT. Son toucher tr\u00e8s doux et sa taille \u00e9lastiqu\u00e9e avec cordon de serrage offrent un ajustement parfait. Dot\u00e9 de 2 poches \u00e0 l'avant et d'une \u00e0 l'arri\u00e8re avec notre logo patch, ce bermuda est un choix id\u00e9al pour un style d\u00e9contract\u00e9 et tendance.","breadcrumb":{"@id":"https:\/\/www.scott.fr\/index.php\/produit\/bermuda-bempic-kaki\/#breadcrumb"},"inLanguage":"fr-FR","potentialAction":[{"@type":"ReadAction","target":["https:\/\/www.scott.fr\/index.php\/produit\/bermuda-bempic-kaki\/"]}]},{"@type":"BreadcrumbList","@id":"https:\/\/www.scott.fr\/index.php\/produit\/bermuda-bempic-kaki\/#breadcrumb","itemListElement":[{"@type":"ListItem","position":1,"name":"Accueil","item":"https:\/\/www.scott.fr\/"},{"@type":"ListItem","position":2,"name":"Produits","item":"https:\/\/www.scott.fr\/index.php\/shop\/"},{"@type":"ListItem","position":3,"name":"BERMUDA BEMPIC KAKI"}]},{"@type":"WebSite","@id":"https:\/\/www.scott.fr\/#website","url":"https:\/\/www.scott.fr\/","name":"SCOTT","description":"Boutique de V\u00eatement Homme Femme et Enfant","publisher":{"@id":"https:\/\/www.scott.fr\/#organization"},"potentialAction":[{"@type":"SearchAction","target":{"@type":"EntryPoint","urlTemplate":"https:\/\/www.scott.fr\/?s={search_term_string}"},"query-input":"required name=search_term_string"}],"inLanguage":"fr-FR"},{"@type":"Organization","@id":"https:\/\/www.scott.fr\/#organization","name":"Scott","url":"https:\/\/www.scott.fr\/","logo":{"@type":"ImageObject","inLanguage":"fr-FR","@id":"https:\/\/www.scott.fr\/#\/schema\/logo\/image\/","url":"https:\/\/www.scott.fr\/wp-content\/uploads\/2021\/06\/Logo-Scott.png","contentUrl":"https:\/\/www.scott.fr\/wp-content\/uploads\/2021\/06\/Logo-Scott.png","width":1080,"height":680,"caption":"Scott"},"image":{"@id":"https:\/\/www.scott.fr\/#\/schema\/logo\/image\/"},"sameAs":["https:\/\/www.facebook.com\/ScottBrandFr\/","https:\/\/www.instagram.com\/scottbrandfr\/"]}]}},"_links":{"self":[{"href":"https:\/\/www.scott.fr\/index.php\/wp-json\/wp\/v2\/product\/22337"}],"collection":[{"href":"https:\/\/www.scott.fr\/index.php\/wp-json\/wp\/v2\/product"}],"about":[{"href":"https:\/\/www.scott.fr\/index.php\/wp-json\/wp\/v2\/types\/product"}],"replies":[{"embeddable":true,"href":"https:\/\/www.scott.fr\/index.php\/wp-json\/wp\/v2\/comments?post=22337"}],"version-history":[{"count":2,"href":"https:\/\/www.scott.fr\/index.php\/wp-json\/wp\/v2\/product\/22337\/revisions"}],"predecessor-version":[{"id":23169,"href":"https:\/\/www.scott.fr\/index.php\/wp-json\/wp\/v2\/product\/22337\/revisions\/23169"}],"wp:featuredmedia":[{"embeddable":true,"href":"https:\/\/www.scott.fr\/index.php\/wp-json\/wp\/v2\/media\/22343"}],"wp:attachment":[{"href":"https:\/\/www.scott.fr\/index.php\/wp-json\/wp\/v2\/media?parent=22337"}],"wp:term":[{"taxonomy":"product_cat","embeddable":true,"href":"https:\/\/www.scott.fr\/index.php\/wp-json\/wp\/v2\/product_cat?post=22337"},{"taxonomy":"product_tag","embeddable":true,"href":"https:\/\/www.scott.fr\/index.php\/wp-json\/wp\/v2\/product_tag?post=22337"}],"curies":[{"name":"wp","href":"https:\/\/api.w.org\/{rel}","templated":true}]}}