{"id":22177,"date":"2024-04-25T12:18:00","date_gmt":"2024-04-25T10:18:00","guid":{"rendered":"https:\/\/www.scott.fr\/?post_type=product&#038;p=22177"},"modified":"2026-03-18T09:10:06","modified_gmt":"2026-03-18T08:10:06","slug":"polo-lykro-bleu-marine","status":"publish","type":"product","link":"https:\/\/www.scott.fr\/index.php\/produit\/polo-lykro-bleu-marine\/","title":{"rendered":"POLO LYKRO BLEU MARINE"},"content":{"rendered":"<p>Adoptez le confort et l&#8217;\u00e9l\u00e9gance avec notre polo Lykro bleu marine en maille piqu\u00e9e STRETCH SCOTT. Dot\u00e9 d&#8217;un col mao et d&#8217;une patte boutonn\u00e9e, ce polo offre une silhouette raffin\u00e9e. Complet avec notre logo discret brod\u00e9 sur la poitrine, il ajoute une touche de style \u00e0 votre tenue d\u00e9contract\u00e9e.<\/p>\n","protected":false},"excerpt":{"rendered":"<p>Adoptez le confort et l&#8217;\u00e9l\u00e9gance avec notre polo Storko bleu marine en maille piqu\u00e9e STRETCH SCOTT. Dot\u00e9 d&#8217;un col mao et d&#8217;une patte boutonn\u00e9e, ce polo offre une silhouette raffin\u00e9e. Complet avec notre logo discret brod\u00e9 sur la poitrine, il ajoute une touche de style \u00e0 votre tenue d\u00e9contract\u00e9e.<\/p>\n<p>Composition: 100% coton<br \/>\nLavage: en machine \u00e0 30\u00b0<br \/>\nLogo: SCOTT<br \/>\nMannequin mesure 1m80 porte la taille L<\/p>\n","protected":false},"featured_media":22183,"comment_status":"open","ping_status":"closed","template":"","meta":{"_monsterinsights_skip_tracking":false,"_monsterinsights_sitenote_active":false,"_monsterinsights_sitenote_note":"","_monsterinsights_sitenote_category":0,"_themeisle_gutenberg_block_has_review":false,"_kad_post_transparent":"default","_kad_post_title":"","_kad_post_layout":"default","_kad_post_sidebar_id":"","_kad_post_content_style":"default","_kad_post_vertical_padding":"default","_kad_post_feature":"","_kad_post_feature_position":"","_kad_post_header":false,"_kad_post_footer":false},"product_cat":[16,78,20],"product_tag":[],"acf":[],"yoast_head":"<!-- This site is optimized with the Yoast SEO plugin v20.8 - https:\/\/yoast.com\/wordpress\/plugins\/seo\/ -->\n<title>POLO LYKRO BLEU MARINE SCOTT<\/title>\n<meta name=\"description\" content=\"Adoptez le confort et l&#039;\u00e9l\u00e9gance avec notre polo Lykro bleu marine en maille piqu\u00e9e STRETCH SCOTT. Dot\u00e9 d&#039;un col mao et d&#039;une patte boutonn\u00e9e, ce polo offre une silhouette raffin\u00e9e. Complet avec notre logo discret brod\u00e9 sur la poitrine, il ajoute une touche de style \u00e0 votre tenue d\u00e9contract\u00e9e.\" \/>\n<meta name=\"robots\" content=\"index, follow, max-snippet:-1, max-image-preview:large, max-video-preview:-1\" \/>\n<link rel=\"canonical\" href=\"https:\/\/www.scott.fr\/index.php\/produit\/polo-lykro-bleu-marine\/\" \/>\n<meta property=\"og:locale\" content=\"fr_FR\" \/>\n<meta property=\"og:type\" content=\"article\" \/>\n<meta property=\"og:title\" content=\"POLO LYKRO BLEU MARINE SCOTT\" \/>\n<meta property=\"og:description\" content=\"Adoptez le confort et l&#039;\u00e9l\u00e9gance avec notre polo Lykro bleu marine en maille piqu\u00e9e STRETCH SCOTT. Dot\u00e9 d&#039;un col mao et d&#039;une patte boutonn\u00e9e, ce polo offre une silhouette raffin\u00e9e. Complet avec notre logo discret brod\u00e9 sur la poitrine, il ajoute une touche de style \u00e0 votre tenue d\u00e9contract\u00e9e.\" \/>\n<meta property=\"og:url\" content=\"https:\/\/www.scott.fr\/index.php\/produit\/polo-lykro-bleu-marine\/\" \/>\n<meta property=\"og:site_name\" content=\"SCOTT\" \/>\n<meta property=\"article:publisher\" content=\"https:\/\/www.facebook.com\/ScottBrandFr\/\" \/>\n<meta property=\"article:modified_time\" content=\"2026-03-18T08:10:06+00:00\" \/>\n<meta property=\"og:image\" content=\"https:\/\/www.scott.fr\/wp-content\/uploads\/2024\/03\/StorkoPoloBlack-1-scaled.jpg\" \/>\n\t<meta property=\"og:image:width\" content=\"1707\" \/>\n\t<meta property=\"og:image:height\" content=\"2560\" \/>\n\t<meta property=\"og:image:type\" content=\"image\/jpeg\" \/>\n<meta name=\"twitter:card\" content=\"summary_large_image\" \/>\n<meta name=\"twitter:label1\" content=\"Dur\u00e9e de lecture estim\u00e9e\" \/>\n\t<meta name=\"twitter:data1\" content=\"1 minute\" \/>\n<script type=\"application\/ld+json\" class=\"yoast-schema-graph\">{\"@context\":\"https:\/\/schema.org\",\"@graph\":[{\"@type\":\"WebPage\",\"@id\":\"https:\/\/www.scott.fr\/index.php\/produit\/polo-lykro-bleu-marine\/\",\"url\":\"https:\/\/www.scott.fr\/index.php\/produit\/polo-lykro-bleu-marine\/\",\"name\":\"POLO LYKRO BLEU MARINE SCOTT\",\"isPartOf\":{\"@id\":\"https:\/\/www.scott.fr\/#website\"},\"datePublished\":\"2024-04-25T10:18:00+00:00\",\"dateModified\":\"2026-03-18T08:10:06+00:00\",\"description\":\"Adoptez le confort et l'\u00e9l\u00e9gance avec notre polo Lykro bleu marine en maille piqu\u00e9e STRETCH SCOTT. Dot\u00e9 d'un col mao et d'une patte boutonn\u00e9e, ce polo offre une silhouette raffin\u00e9e. Complet avec notre logo discret brod\u00e9 sur la poitrine, il ajoute une touche de style \u00e0 votre tenue d\u00e9contract\u00e9e.\",\"breadcrumb\":{\"@id\":\"https:\/\/www.scott.fr\/index.php\/produit\/polo-lykro-bleu-marine\/#breadcrumb\"},\"inLanguage\":\"fr-FR\",\"potentialAction\":[{\"@type\":\"ReadAction\",\"target\":[\"https:\/\/www.scott.fr\/index.php\/produit\/polo-lykro-bleu-marine\/\"]}]},{\"@type\":\"BreadcrumbList\",\"@id\":\"https:\/\/www.scott.fr\/index.php\/produit\/polo-lykro-bleu-marine\/#breadcrumb\",\"itemListElement\":[{\"@type\":\"ListItem\",\"position\":1,\"name\":\"Accueil\",\"item\":\"https:\/\/www.scott.fr\/\"},{\"@type\":\"ListItem\",\"position\":2,\"name\":\"Produits\",\"item\":\"https:\/\/www.scott.fr\/index.php\/shop\/\"},{\"@type\":\"ListItem\",\"position\":3,\"name\":\"POLO LYKRO BLEU MARINE\"}]},{\"@type\":\"WebSite\",\"@id\":\"https:\/\/www.scott.fr\/#website\",\"url\":\"https:\/\/www.scott.fr\/\",\"name\":\"SCOTT\",\"description\":\"Boutique de V\u00eatement Homme Femme et Enfant\",\"publisher\":{\"@id\":\"https:\/\/www.scott.fr\/#organization\"},\"potentialAction\":[{\"@type\":\"SearchAction\",\"target\":{\"@type\":\"EntryPoint\",\"urlTemplate\":\"https:\/\/www.scott.fr\/?s={search_term_string}\"},\"query-input\":\"required name=search_term_string\"}],\"inLanguage\":\"fr-FR\"},{\"@type\":\"Organization\",\"@id\":\"https:\/\/www.scott.fr\/#organization\",\"name\":\"Scott\",\"url\":\"https:\/\/www.scott.fr\/\",\"logo\":{\"@type\":\"ImageObject\",\"inLanguage\":\"fr-FR\",\"@id\":\"https:\/\/www.scott.fr\/#\/schema\/logo\/image\/\",\"url\":\"https:\/\/www.scott.fr\/wp-content\/uploads\/2021\/06\/Logo-Scott.png\",\"contentUrl\":\"https:\/\/www.scott.fr\/wp-content\/uploads\/2021\/06\/Logo-Scott.png\",\"width\":1080,\"height\":680,\"caption\":\"Scott\"},\"image\":{\"@id\":\"https:\/\/www.scott.fr\/#\/schema\/logo\/image\/\"},\"sameAs\":[\"https:\/\/www.facebook.com\/ScottBrandFr\/\",\"https:\/\/www.instagram.com\/scottbrandfr\/\"]}]}<\/script>\n<!-- \/ Yoast SEO plugin. -->","yoast_head_json":{"title":"POLO LYKRO BLEU MARINE SCOTT","description":"Adoptez le confort et l'\u00e9l\u00e9gance avec notre polo Lykro bleu marine en maille piqu\u00e9e STRETCH SCOTT. Dot\u00e9 d'un col mao et d'une patte boutonn\u00e9e, ce polo offre une silhouette raffin\u00e9e. Complet avec notre logo discret brod\u00e9 sur la poitrine, il ajoute une touche de style \u00e0 votre tenue d\u00e9contract\u00e9e.","robots":{"index":"index","follow":"follow","max-snippet":"max-snippet:-1","max-image-preview":"max-image-preview:large","max-video-preview":"max-video-preview:-1"},"canonical":"https:\/\/www.scott.fr\/index.php\/produit\/polo-lykro-bleu-marine\/","og_locale":"fr_FR","og_type":"article","og_title":"POLO LYKRO BLEU MARINE SCOTT","og_description":"Adoptez le confort et l'\u00e9l\u00e9gance avec notre polo Lykro bleu marine en maille piqu\u00e9e STRETCH SCOTT. Dot\u00e9 d'un col mao et d'une patte boutonn\u00e9e, ce polo offre une silhouette raffin\u00e9e. Complet avec notre logo discret brod\u00e9 sur la poitrine, il ajoute une touche de style \u00e0 votre tenue d\u00e9contract\u00e9e.","og_url":"https:\/\/www.scott.fr\/index.php\/produit\/polo-lykro-bleu-marine\/","og_site_name":"SCOTT","article_publisher":"https:\/\/www.facebook.com\/ScottBrandFr\/","article_modified_time":"2026-03-18T08:10:06+00:00","og_image":[{"width":1707,"height":2560,"url":"https:\/\/www.scott.fr\/wp-content\/uploads\/2024\/03\/StorkoPoloBlack-1-scaled.jpg","type":"image\/jpeg"}],"twitter_card":"summary_large_image","twitter_misc":{"Dur\u00e9e de lecture estim\u00e9e":"1 minute"},"schema":{"@context":"https:\/\/schema.org","@graph":[{"@type":"WebPage","@id":"https:\/\/www.scott.fr\/index.php\/produit\/polo-lykro-bleu-marine\/","url":"https:\/\/www.scott.fr\/index.php\/produit\/polo-lykro-bleu-marine\/","name":"POLO LYKRO BLEU MARINE SCOTT","isPartOf":{"@id":"https:\/\/www.scott.fr\/#website"},"datePublished":"2024-04-25T10:18:00+00:00","dateModified":"2026-03-18T08:10:06+00:00","description":"Adoptez le confort et l'\u00e9l\u00e9gance avec notre polo Lykro bleu marine en maille piqu\u00e9e STRETCH SCOTT. Dot\u00e9 d'un col mao et d'une patte boutonn\u00e9e, ce polo offre une silhouette raffin\u00e9e. Complet avec notre logo discret brod\u00e9 sur la poitrine, il ajoute une touche de style \u00e0 votre tenue d\u00e9contract\u00e9e.","breadcrumb":{"@id":"https:\/\/www.scott.fr\/index.php\/produit\/polo-lykro-bleu-marine\/#breadcrumb"},"inLanguage":"fr-FR","potentialAction":[{"@type":"ReadAction","target":["https:\/\/www.scott.fr\/index.php\/produit\/polo-lykro-bleu-marine\/"]}]},{"@type":"BreadcrumbList","@id":"https:\/\/www.scott.fr\/index.php\/produit\/polo-lykro-bleu-marine\/#breadcrumb","itemListElement":[{"@type":"ListItem","position":1,"name":"Accueil","item":"https:\/\/www.scott.fr\/"},{"@type":"ListItem","position":2,"name":"Produits","item":"https:\/\/www.scott.fr\/index.php\/shop\/"},{"@type":"ListItem","position":3,"name":"POLO LYKRO BLEU MARINE"}]},{"@type":"WebSite","@id":"https:\/\/www.scott.fr\/#website","url":"https:\/\/www.scott.fr\/","name":"SCOTT","description":"Boutique de V\u00eatement Homme Femme et Enfant","publisher":{"@id":"https:\/\/www.scott.fr\/#organization"},"potentialAction":[{"@type":"SearchAction","target":{"@type":"EntryPoint","urlTemplate":"https:\/\/www.scott.fr\/?s={search_term_string}"},"query-input":"required name=search_term_string"}],"inLanguage":"fr-FR"},{"@type":"Organization","@id":"https:\/\/www.scott.fr\/#organization","name":"Scott","url":"https:\/\/www.scott.fr\/","logo":{"@type":"ImageObject","inLanguage":"fr-FR","@id":"https:\/\/www.scott.fr\/#\/schema\/logo\/image\/","url":"https:\/\/www.scott.fr\/wp-content\/uploads\/2021\/06\/Logo-Scott.png","contentUrl":"https:\/\/www.scott.fr\/wp-content\/uploads\/2021\/06\/Logo-Scott.png","width":1080,"height":680,"caption":"Scott"},"image":{"@id":"https:\/\/www.scott.fr\/#\/schema\/logo\/image\/"},"sameAs":["https:\/\/www.facebook.com\/ScottBrandFr\/","https:\/\/www.instagram.com\/scottbrandfr\/"]}]}},"_links":{"self":[{"href":"https:\/\/www.scott.fr\/index.php\/wp-json\/wp\/v2\/product\/22177"}],"collection":[{"href":"https:\/\/www.scott.fr\/index.php\/wp-json\/wp\/v2\/product"}],"about":[{"href":"https:\/\/www.scott.fr\/index.php\/wp-json\/wp\/v2\/types\/product"}],"replies":[{"embeddable":true,"href":"https:\/\/www.scott.fr\/index.php\/wp-json\/wp\/v2\/comments?post=22177"}],"version-history":[{"count":4,"href":"https:\/\/www.scott.fr\/index.php\/wp-json\/wp\/v2\/product\/22177\/revisions"}],"predecessor-version":[{"id":24369,"href":"https:\/\/www.scott.fr\/index.php\/wp-json\/wp\/v2\/product\/22177\/revisions\/24369"}],"wp:featuredmedia":[{"embeddable":true,"href":"https:\/\/www.scott.fr\/index.php\/wp-json\/wp\/v2\/media\/22183"}],"wp:attachment":[{"href":"https:\/\/www.scott.fr\/index.php\/wp-json\/wp\/v2\/media?parent=22177"}],"wp:term":[{"taxonomy":"product_cat","embeddable":true,"href":"https:\/\/www.scott.fr\/index.php\/wp-json\/wp\/v2\/product_cat?post=22177"},{"taxonomy":"product_tag","embeddable":true,"href":"https:\/\/www.scott.fr\/index.php\/wp-json\/wp\/v2\/product_tag?post=22177"}],"curies":[{"name":"wp","href":"https:\/\/api.w.org\/{rel}","templated":true}]}}