{"id":21327,"date":"2024-03-18T12:35:58","date_gmt":"2024-03-18T11:35:58","guid":{"rendered":"https:\/\/www.scott.fr\/?post_type=product&#038;p=21327"},"modified":"2025-09-29T11:41:08","modified_gmt":"2025-09-29T09:41:08","slug":"debardeur-tanko-blanc","status":"publish","type":"product","link":"https:\/\/www.scott.fr\/index.php\/produit\/debardeur-tanko-blanc\/","title":{"rendered":"DEBARDEUR TANKO BLANC"},"content":{"rendered":"<p>Restez cool et styl\u00e9 avec notre d\u00e9bardeur Tanko blanc 100% coton SCOTT. Arborant un petit logo SCOTT discret \u00e0 la base, ce d\u00e9bardeur est l&#8217;essentiel parfait pour l&#8217;\u00e9t\u00e9. L\u00e9ger et confortable, il est id\u00e9al pour les journ\u00e9es chaudes ou pour superposer sous d&#8217;autres v\u00eatements.<\/p>\n","protected":false},"excerpt":{"rendered":"<p>Restez cool et styl\u00e9 avec notre d\u00e9bardeur Tanko blanc 100% coton SCOTT. Arborant un petit logo SCOTT discret \u00e0 la base, ce d\u00e9bardeur est l&#8217;essentiel parfait pour l&#8217;\u00e9t\u00e9. L\u00e9ger et confortable, il est id\u00e9al pour les journ\u00e9es chaudes ou pour superposer sous d&#8217;autres v\u00eatements.<\/p>\n<p>Composition: 100% coton<br \/>\nLavage: en machine \u00e0 30\u00b0<br \/>\nLogo: SCOTT<br \/>\nMannequin mesure 1m80 porte la taille L<\/p>\n","protected":false},"featured_media":21380,"comment_status":"open","ping_status":"closed","template":"","meta":{"_monsterinsights_skip_tracking":false,"_monsterinsights_sitenote_active":false,"_monsterinsights_sitenote_note":"","_monsterinsights_sitenote_category":0,"_themeisle_gutenberg_block_has_review":false,"_kad_post_transparent":"default","_kad_post_title":"","_kad_post_layout":"default","_kad_post_sidebar_id":"","_kad_post_content_style":"default","_kad_post_vertical_padding":"default","_kad_post_feature":"","_kad_post_feature_position":"","_kad_post_header":false,"_kad_post_footer":false},"product_cat":[16,101],"product_tag":[],"acf":[],"yoast_head":"<!-- This site is optimized with the Yoast SEO plugin v20.8 - https:\/\/yoast.com\/wordpress\/plugins\/seo\/ -->\n<title>DEBARDEUR TANKO BLANC SCOTT<\/title>\n<meta name=\"description\" content=\"Restez cool et styl\u00e9 avec notre d\u00e9bardeur Tanko blanc 100% coton SCOTT. Arborant un petit logo SCOTT discret \u00e0 la base, ce d\u00e9bardeur est l&#039;essentiel parfait pour l&#039;\u00e9t\u00e9. L\u00e9ger et confortable, il est id\u00e9al pour les journ\u00e9es chaudes ou pour superposer sous d&#039;autres v\u00eatements.\" \/>\n<meta name=\"robots\" content=\"index, follow, max-snippet:-1, max-image-preview:large, max-video-preview:-1\" \/>\n<link rel=\"canonical\" href=\"https:\/\/www.scott.fr\/index.php\/produit\/debardeur-tanko-blanc\/\" \/>\n<meta property=\"og:locale\" content=\"fr_FR\" \/>\n<meta property=\"og:type\" content=\"article\" \/>\n<meta property=\"og:title\" content=\"DEBARDEUR TANKO BLANC SCOTT\" \/>\n<meta property=\"og:description\" content=\"Restez cool et styl\u00e9 avec notre d\u00e9bardeur Tanko blanc 100% coton SCOTT. Arborant un petit logo SCOTT discret \u00e0 la base, ce d\u00e9bardeur est l&#039;essentiel parfait pour l&#039;\u00e9t\u00e9. L\u00e9ger et confortable, il est id\u00e9al pour les journ\u00e9es chaudes ou pour superposer sous d&#039;autres v\u00eatements.\" \/>\n<meta property=\"og:url\" content=\"https:\/\/www.scott.fr\/index.php\/produit\/debardeur-tanko-blanc\/\" \/>\n<meta property=\"og:site_name\" content=\"SCOTT\" \/>\n<meta property=\"article:publisher\" content=\"https:\/\/www.facebook.com\/ScottBrandFr\/\" \/>\n<meta property=\"article:modified_time\" content=\"2025-09-29T09:41:08+00:00\" \/>\n<meta property=\"og:image\" content=\"https:\/\/www.scott.fr\/wp-content\/uploads\/2024\/02\/TankoDebardeurWhite-1-3-scaled.jpg\" \/>\n\t<meta property=\"og:image:width\" content=\"1707\" \/>\n\t<meta property=\"og:image:height\" content=\"2560\" \/>\n\t<meta property=\"og:image:type\" content=\"image\/jpeg\" \/>\n<meta name=\"twitter:card\" content=\"summary_large_image\" \/>\n<meta name=\"twitter:label1\" content=\"Dur\u00e9e de lecture estim\u00e9e\" \/>\n\t<meta name=\"twitter:data1\" content=\"1 minute\" \/>\n<script type=\"application\/ld+json\" class=\"yoast-schema-graph\">{\"@context\":\"https:\/\/schema.org\",\"@graph\":[{\"@type\":\"WebPage\",\"@id\":\"https:\/\/www.scott.fr\/index.php\/produit\/debardeur-tanko-blanc\/\",\"url\":\"https:\/\/www.scott.fr\/index.php\/produit\/debardeur-tanko-blanc\/\",\"name\":\"DEBARDEUR TANKO BLANC SCOTT\",\"isPartOf\":{\"@id\":\"https:\/\/www.scott.fr\/#website\"},\"datePublished\":\"2024-03-18T11:35:58+00:00\",\"dateModified\":\"2025-09-29T09:41:08+00:00\",\"description\":\"Restez cool et styl\u00e9 avec notre d\u00e9bardeur Tanko blanc 100% coton SCOTT. Arborant un petit logo SCOTT discret \u00e0 la base, ce d\u00e9bardeur est l'essentiel parfait pour l'\u00e9t\u00e9. L\u00e9ger et confortable, il est id\u00e9al pour les journ\u00e9es chaudes ou pour superposer sous d'autres v\u00eatements.\",\"breadcrumb\":{\"@id\":\"https:\/\/www.scott.fr\/index.php\/produit\/debardeur-tanko-blanc\/#breadcrumb\"},\"inLanguage\":\"fr-FR\",\"potentialAction\":[{\"@type\":\"ReadAction\",\"target\":[\"https:\/\/www.scott.fr\/index.php\/produit\/debardeur-tanko-blanc\/\"]}]},{\"@type\":\"BreadcrumbList\",\"@id\":\"https:\/\/www.scott.fr\/index.php\/produit\/debardeur-tanko-blanc\/#breadcrumb\",\"itemListElement\":[{\"@type\":\"ListItem\",\"position\":1,\"name\":\"Accueil\",\"item\":\"https:\/\/www.scott.fr\/\"},{\"@type\":\"ListItem\",\"position\":2,\"name\":\"Produits\",\"item\":\"https:\/\/www.scott.fr\/index.php\/shop\/\"},{\"@type\":\"ListItem\",\"position\":3,\"name\":\"DEBARDEUR TANKO BLANC\"}]},{\"@type\":\"WebSite\",\"@id\":\"https:\/\/www.scott.fr\/#website\",\"url\":\"https:\/\/www.scott.fr\/\",\"name\":\"SCOTT\",\"description\":\"Boutique de V\u00eatement Homme Femme et Enfant\",\"publisher\":{\"@id\":\"https:\/\/www.scott.fr\/#organization\"},\"potentialAction\":[{\"@type\":\"SearchAction\",\"target\":{\"@type\":\"EntryPoint\",\"urlTemplate\":\"https:\/\/www.scott.fr\/?s={search_term_string}\"},\"query-input\":\"required name=search_term_string\"}],\"inLanguage\":\"fr-FR\"},{\"@type\":\"Organization\",\"@id\":\"https:\/\/www.scott.fr\/#organization\",\"name\":\"Scott\",\"url\":\"https:\/\/www.scott.fr\/\",\"logo\":{\"@type\":\"ImageObject\",\"inLanguage\":\"fr-FR\",\"@id\":\"https:\/\/www.scott.fr\/#\/schema\/logo\/image\/\",\"url\":\"https:\/\/www.scott.fr\/wp-content\/uploads\/2021\/06\/Logo-Scott.png\",\"contentUrl\":\"https:\/\/www.scott.fr\/wp-content\/uploads\/2021\/06\/Logo-Scott.png\",\"width\":1080,\"height\":680,\"caption\":\"Scott\"},\"image\":{\"@id\":\"https:\/\/www.scott.fr\/#\/schema\/logo\/image\/\"},\"sameAs\":[\"https:\/\/www.facebook.com\/ScottBrandFr\/\",\"https:\/\/www.instagram.com\/scottbrandfr\/\"]}]}<\/script>\n<!-- \/ Yoast SEO plugin. -->","yoast_head_json":{"title":"DEBARDEUR TANKO BLANC SCOTT","description":"Restez cool et styl\u00e9 avec notre d\u00e9bardeur Tanko blanc 100% coton SCOTT. Arborant un petit logo SCOTT discret \u00e0 la base, ce d\u00e9bardeur est l'essentiel parfait pour l'\u00e9t\u00e9. L\u00e9ger et confortable, il est id\u00e9al pour les journ\u00e9es chaudes ou pour superposer sous d'autres v\u00eatements.","robots":{"index":"index","follow":"follow","max-snippet":"max-snippet:-1","max-image-preview":"max-image-preview:large","max-video-preview":"max-video-preview:-1"},"canonical":"https:\/\/www.scott.fr\/index.php\/produit\/debardeur-tanko-blanc\/","og_locale":"fr_FR","og_type":"article","og_title":"DEBARDEUR TANKO BLANC SCOTT","og_description":"Restez cool et styl\u00e9 avec notre d\u00e9bardeur Tanko blanc 100% coton SCOTT. Arborant un petit logo SCOTT discret \u00e0 la base, ce d\u00e9bardeur est l'essentiel parfait pour l'\u00e9t\u00e9. L\u00e9ger et confortable, il est id\u00e9al pour les journ\u00e9es chaudes ou pour superposer sous d'autres v\u00eatements.","og_url":"https:\/\/www.scott.fr\/index.php\/produit\/debardeur-tanko-blanc\/","og_site_name":"SCOTT","article_publisher":"https:\/\/www.facebook.com\/ScottBrandFr\/","article_modified_time":"2025-09-29T09:41:08+00:00","og_image":[{"width":1707,"height":2560,"url":"https:\/\/www.scott.fr\/wp-content\/uploads\/2024\/02\/TankoDebardeurWhite-1-3-scaled.jpg","type":"image\/jpeg"}],"twitter_card":"summary_large_image","twitter_misc":{"Dur\u00e9e de lecture estim\u00e9e":"1 minute"},"schema":{"@context":"https:\/\/schema.org","@graph":[{"@type":"WebPage","@id":"https:\/\/www.scott.fr\/index.php\/produit\/debardeur-tanko-blanc\/","url":"https:\/\/www.scott.fr\/index.php\/produit\/debardeur-tanko-blanc\/","name":"DEBARDEUR TANKO BLANC SCOTT","isPartOf":{"@id":"https:\/\/www.scott.fr\/#website"},"datePublished":"2024-03-18T11:35:58+00:00","dateModified":"2025-09-29T09:41:08+00:00","description":"Restez cool et styl\u00e9 avec notre d\u00e9bardeur Tanko blanc 100% coton SCOTT. Arborant un petit logo SCOTT discret \u00e0 la base, ce d\u00e9bardeur est l'essentiel parfait pour l'\u00e9t\u00e9. L\u00e9ger et confortable, il est id\u00e9al pour les journ\u00e9es chaudes ou pour superposer sous d'autres v\u00eatements.","breadcrumb":{"@id":"https:\/\/www.scott.fr\/index.php\/produit\/debardeur-tanko-blanc\/#breadcrumb"},"inLanguage":"fr-FR","potentialAction":[{"@type":"ReadAction","target":["https:\/\/www.scott.fr\/index.php\/produit\/debardeur-tanko-blanc\/"]}]},{"@type":"BreadcrumbList","@id":"https:\/\/www.scott.fr\/index.php\/produit\/debardeur-tanko-blanc\/#breadcrumb","itemListElement":[{"@type":"ListItem","position":1,"name":"Accueil","item":"https:\/\/www.scott.fr\/"},{"@type":"ListItem","position":2,"name":"Produits","item":"https:\/\/www.scott.fr\/index.php\/shop\/"},{"@type":"ListItem","position":3,"name":"DEBARDEUR TANKO BLANC"}]},{"@type":"WebSite","@id":"https:\/\/www.scott.fr\/#website","url":"https:\/\/www.scott.fr\/","name":"SCOTT","description":"Boutique de V\u00eatement Homme Femme et Enfant","publisher":{"@id":"https:\/\/www.scott.fr\/#organization"},"potentialAction":[{"@type":"SearchAction","target":{"@type":"EntryPoint","urlTemplate":"https:\/\/www.scott.fr\/?s={search_term_string}"},"query-input":"required name=search_term_string"}],"inLanguage":"fr-FR"},{"@type":"Organization","@id":"https:\/\/www.scott.fr\/#organization","name":"Scott","url":"https:\/\/www.scott.fr\/","logo":{"@type":"ImageObject","inLanguage":"fr-FR","@id":"https:\/\/www.scott.fr\/#\/schema\/logo\/image\/","url":"https:\/\/www.scott.fr\/wp-content\/uploads\/2021\/06\/Logo-Scott.png","contentUrl":"https:\/\/www.scott.fr\/wp-content\/uploads\/2021\/06\/Logo-Scott.png","width":1080,"height":680,"caption":"Scott"},"image":{"@id":"https:\/\/www.scott.fr\/#\/schema\/logo\/image\/"},"sameAs":["https:\/\/www.facebook.com\/ScottBrandFr\/","https:\/\/www.instagram.com\/scottbrandfr\/"]}]}},"_links":{"self":[{"href":"https:\/\/www.scott.fr\/index.php\/wp-json\/wp\/v2\/product\/21327"}],"collection":[{"href":"https:\/\/www.scott.fr\/index.php\/wp-json\/wp\/v2\/product"}],"about":[{"href":"https:\/\/www.scott.fr\/index.php\/wp-json\/wp\/v2\/types\/product"}],"replies":[{"embeddable":true,"href":"https:\/\/www.scott.fr\/index.php\/wp-json\/wp\/v2\/comments?post=21327"}],"version-history":[{"count":3,"href":"https:\/\/www.scott.fr\/index.php\/wp-json\/wp\/v2\/product\/21327\/revisions"}],"predecessor-version":[{"id":23051,"href":"https:\/\/www.scott.fr\/index.php\/wp-json\/wp\/v2\/product\/21327\/revisions\/23051"}],"wp:featuredmedia":[{"embeddable":true,"href":"https:\/\/www.scott.fr\/index.php\/wp-json\/wp\/v2\/media\/21380"}],"wp:attachment":[{"href":"https:\/\/www.scott.fr\/index.php\/wp-json\/wp\/v2\/media?parent=21327"}],"wp:term":[{"taxonomy":"product_cat","embeddable":true,"href":"https:\/\/www.scott.fr\/index.php\/wp-json\/wp\/v2\/product_cat?post=21327"},{"taxonomy":"product_tag","embeddable":true,"href":"https:\/\/www.scott.fr\/index.php\/wp-json\/wp\/v2\/product_tag?post=21327"}],"curies":[{"name":"wp","href":"https:\/\/api.w.org\/{rel}","templated":true}]}}