{"id":20018,"date":"2023-09-20T12:52:15","date_gmt":"2023-09-20T10:52:15","guid":{"rendered":"https:\/\/www.scott.fr\/?post_type=product&#038;p=20018"},"modified":"2025-09-29T11:47:58","modified_gmt":"2025-09-29T09:47:58","slug":"doudoune-chloe-top","status":"publish","type":"product","link":"https:\/\/www.scott.fr\/index.php\/produit\/doudoune-chloe-top\/","title":{"rendered":"DOUDOUNE CHLOE Taupe"},"content":{"rendered":"<p>D\u00e9couvrez notre doudoune Chloe l\u00e9g\u00e8re top pour femmes, une alliance parfaite entre style et fonctionnalit\u00e9. Avec son col montant, son zip central et ses nombreuses poches, elle est con\u00e7ue pour vous garder au chaud tout en restant \u00e9l\u00e9gante. Les poches zipp\u00e9es lat\u00e9rales sous rabat et les poches int\u00e9rieures offrent un espace pratique pour ranger vos essentiels. Le logo badge discret \u00e0 la manche ajoute une touche de distinction \u00e0 cette doudoune qui ne fait aucun compromis sur le style. Fabriqu\u00e9e \u00e0 partir de 100% de nylon de haute qualit\u00e9, elle est pr\u00eate \u00e0 vous accompagner par temps frais. Optez pour la polyvalence et le confort avec notre doudoune l\u00e9g\u00e8re pour femmes.<\/p>\n","protected":false},"excerpt":{"rendered":"<p>D\u00e9couvrez notre doudoune Chloe l\u00e9g\u00e8re top pour femmes, une alliance parfaite entre style et fonctionnalit\u00e9. Avec son col montant, son zip central et ses nombreuses poches, elle est con\u00e7ue pour vous garder au chaud tout en restant \u00e9l\u00e9gante. Les poches zipp\u00e9es lat\u00e9rales sous rabat et les poches int\u00e9rieures offrent un espace pratique pour ranger vos essentiels. Le logo badge discret \u00e0 la manche ajoute une touche de distinction \u00e0 cette doudoune qui ne fait aucun compromis sur le style. Fabriqu\u00e9e \u00e0 partir de 100% de nylon de haute qualit\u00e9, elle est pr\u00eate \u00e0 vous accompagner par temps frais. Optez pour la polyvalence et le confort avec notre doudoune l\u00e9g\u00e8re pour femmes.<\/p>\n<p>Composition: 100% Nylon<br \/>\nLavage: 30\u00b0 en machine<br \/>\nLogo: SCOTT<br \/>\nMannequin mesure 1m80 porte la taille L<\/p>\n","protected":false},"featured_media":20235,"comment_status":"open","ping_status":"closed","template":"","meta":{"_monsterinsights_skip_tracking":false,"_monsterinsights_sitenote_active":false,"_monsterinsights_sitenote_note":"","_monsterinsights_sitenote_category":0,"_themeisle_gutenberg_block_has_review":false,"_kad_post_transparent":"default","_kad_post_title":"","_kad_post_layout":"default","_kad_post_sidebar_id":"","_kad_post_content_style":"default","_kad_post_vertical_padding":"default","_kad_post_feature":"","_kad_post_feature_position":"","_kad_post_header":false,"_kad_post_footer":false},"product_cat":[75,17],"product_tag":[],"acf":[],"yoast_head":"<!-- This site is optimized with the Yoast SEO plugin v20.8 - https:\/\/yoast.com\/wordpress\/plugins\/seo\/ -->\n<title>DOUDOUNE CHLOE Taupe SCOTT<\/title>\n<meta name=\"description\" content=\"D\u00e9couvrez notre doudoune Chloe l\u00e9g\u00e8re top pour femmes, une alliance parfaite entre style et fonctionnalit\u00e9. Avec son col montant, son zip central et ses nombreuses poches, elle est con\u00e7ue pour vous garder au chaud tout en restant \u00e9l\u00e9gante. Les poches zipp\u00e9es lat\u00e9rales sous rabat et les poches int\u00e9rieures offrent un espace pratique pour ranger vos essentiels. Le logo badge discret \u00e0 la manche ajoute une touche de distinction \u00e0 cette doudoune qui ne fait aucun compromis sur le style. Fabriqu\u00e9e \u00e0 partir de 100% de nylon de haute qualit\u00e9, elle est pr\u00eate \u00e0 vous accompagner par temps frais. Optez pour la polyvalence et le confort avec notre doudoune l\u00e9g\u00e8re pour femmes.\" \/>\n<meta name=\"robots\" content=\"index, follow, max-snippet:-1, max-image-preview:large, max-video-preview:-1\" \/>\n<link rel=\"canonical\" href=\"https:\/\/www.scott.fr\/index.php\/produit\/doudoune-chloe-top\/\" \/>\n<meta property=\"og:locale\" content=\"fr_FR\" \/>\n<meta property=\"og:type\" content=\"article\" \/>\n<meta property=\"og:title\" content=\"DOUDOUNE CHLOE Taupe SCOTT\" \/>\n<meta property=\"og:description\" content=\"D\u00e9couvrez notre doudoune Chloe l\u00e9g\u00e8re top pour femmes, une alliance parfaite entre style et fonctionnalit\u00e9. Avec son col montant, son zip central et ses nombreuses poches, elle est con\u00e7ue pour vous garder au chaud tout en restant \u00e9l\u00e9gante. Les poches zipp\u00e9es lat\u00e9rales sous rabat et les poches int\u00e9rieures offrent un espace pratique pour ranger vos essentiels. Le logo badge discret \u00e0 la manche ajoute une touche de distinction \u00e0 cette doudoune qui ne fait aucun compromis sur le style. Fabriqu\u00e9e \u00e0 partir de 100% de nylon de haute qualit\u00e9, elle est pr\u00eate \u00e0 vous accompagner par temps frais. Optez pour la polyvalence et le confort avec notre doudoune l\u00e9g\u00e8re pour femmes.\" \/>\n<meta property=\"og:url\" content=\"https:\/\/www.scott.fr\/index.php\/produit\/doudoune-chloe-top\/\" \/>\n<meta property=\"og:site_name\" content=\"SCOTT\" \/>\n<meta property=\"article:publisher\" content=\"https:\/\/www.facebook.com\/ScottBrandFr\/\" \/>\n<meta property=\"article:modified_time\" content=\"2025-09-29T09:47:58+00:00\" \/>\n<meta property=\"og:image\" content=\"https:\/\/www.scott.fr\/wp-content\/uploads\/2023\/09\/CLOE-LEADGREY-01.jpg\" \/>\n\t<meta property=\"og:image:width\" content=\"1280\" \/>\n\t<meta property=\"og:image:height\" content=\"1920\" \/>\n\t<meta property=\"og:image:type\" content=\"image\/jpeg\" \/>\n<meta name=\"twitter:card\" content=\"summary_large_image\" \/>\n<meta name=\"twitter:label1\" content=\"Dur\u00e9e de lecture estim\u00e9e\" \/>\n\t<meta name=\"twitter:data1\" content=\"1 minute\" \/>\n<script type=\"application\/ld+json\" class=\"yoast-schema-graph\">{\"@context\":\"https:\/\/schema.org\",\"@graph\":[{\"@type\":\"WebPage\",\"@id\":\"https:\/\/www.scott.fr\/index.php\/produit\/doudoune-chloe-top\/\",\"url\":\"https:\/\/www.scott.fr\/index.php\/produit\/doudoune-chloe-top\/\",\"name\":\"DOUDOUNE CHLOE Taupe SCOTT\",\"isPartOf\":{\"@id\":\"https:\/\/www.scott.fr\/#website\"},\"datePublished\":\"2023-09-20T10:52:15+00:00\",\"dateModified\":\"2025-09-29T09:47:58+00:00\",\"description\":\"D\u00e9couvrez notre doudoune Chloe l\u00e9g\u00e8re top pour femmes, une alliance parfaite entre style et fonctionnalit\u00e9. Avec son col montant, son zip central et ses nombreuses poches, elle est con\u00e7ue pour vous garder au chaud tout en restant \u00e9l\u00e9gante. Les poches zipp\u00e9es lat\u00e9rales sous rabat et les poches int\u00e9rieures offrent un espace pratique pour ranger vos essentiels. Le logo badge discret \u00e0 la manche ajoute une touche de distinction \u00e0 cette doudoune qui ne fait aucun compromis sur le style. Fabriqu\u00e9e \u00e0 partir de 100% de nylon de haute qualit\u00e9, elle est pr\u00eate \u00e0 vous accompagner par temps frais. Optez pour la polyvalence et le confort avec notre doudoune l\u00e9g\u00e8re pour femmes.\",\"breadcrumb\":{\"@id\":\"https:\/\/www.scott.fr\/index.php\/produit\/doudoune-chloe-top\/#breadcrumb\"},\"inLanguage\":\"fr-FR\",\"potentialAction\":[{\"@type\":\"ReadAction\",\"target\":[\"https:\/\/www.scott.fr\/index.php\/produit\/doudoune-chloe-top\/\"]}]},{\"@type\":\"BreadcrumbList\",\"@id\":\"https:\/\/www.scott.fr\/index.php\/produit\/doudoune-chloe-top\/#breadcrumb\",\"itemListElement\":[{\"@type\":\"ListItem\",\"position\":1,\"name\":\"Accueil\",\"item\":\"https:\/\/www.scott.fr\/\"},{\"@type\":\"ListItem\",\"position\":2,\"name\":\"Produits\",\"item\":\"https:\/\/www.scott.fr\/index.php\/shop\/\"},{\"@type\":\"ListItem\",\"position\":3,\"name\":\"DOUDOUNE CHLOE Taupe\"}]},{\"@type\":\"WebSite\",\"@id\":\"https:\/\/www.scott.fr\/#website\",\"url\":\"https:\/\/www.scott.fr\/\",\"name\":\"SCOTT\",\"description\":\"Boutique de V\u00eatement Homme Femme et Enfant\",\"publisher\":{\"@id\":\"https:\/\/www.scott.fr\/#organization\"},\"potentialAction\":[{\"@type\":\"SearchAction\",\"target\":{\"@type\":\"EntryPoint\",\"urlTemplate\":\"https:\/\/www.scott.fr\/?s={search_term_string}\"},\"query-input\":\"required name=search_term_string\"}],\"inLanguage\":\"fr-FR\"},{\"@type\":\"Organization\",\"@id\":\"https:\/\/www.scott.fr\/#organization\",\"name\":\"Scott\",\"url\":\"https:\/\/www.scott.fr\/\",\"logo\":{\"@type\":\"ImageObject\",\"inLanguage\":\"fr-FR\",\"@id\":\"https:\/\/www.scott.fr\/#\/schema\/logo\/image\/\",\"url\":\"https:\/\/www.scott.fr\/wp-content\/uploads\/2021\/06\/Logo-Scott.png\",\"contentUrl\":\"https:\/\/www.scott.fr\/wp-content\/uploads\/2021\/06\/Logo-Scott.png\",\"width\":1080,\"height\":680,\"caption\":\"Scott\"},\"image\":{\"@id\":\"https:\/\/www.scott.fr\/#\/schema\/logo\/image\/\"},\"sameAs\":[\"https:\/\/www.facebook.com\/ScottBrandFr\/\",\"https:\/\/www.instagram.com\/scottbrandfr\/\"]}]}<\/script>\n<!-- \/ Yoast SEO plugin. -->","yoast_head_json":{"title":"DOUDOUNE CHLOE Taupe SCOTT","description":"D\u00e9couvrez notre doudoune Chloe l\u00e9g\u00e8re top pour femmes, une alliance parfaite entre style et fonctionnalit\u00e9. Avec son col montant, son zip central et ses nombreuses poches, elle est con\u00e7ue pour vous garder au chaud tout en restant \u00e9l\u00e9gante. Les poches zipp\u00e9es lat\u00e9rales sous rabat et les poches int\u00e9rieures offrent un espace pratique pour ranger vos essentiels. Le logo badge discret \u00e0 la manche ajoute une touche de distinction \u00e0 cette doudoune qui ne fait aucun compromis sur le style. Fabriqu\u00e9e \u00e0 partir de 100% de nylon de haute qualit\u00e9, elle est pr\u00eate \u00e0 vous accompagner par temps frais. Optez pour la polyvalence et le confort avec notre doudoune l\u00e9g\u00e8re pour femmes.","robots":{"index":"index","follow":"follow","max-snippet":"max-snippet:-1","max-image-preview":"max-image-preview:large","max-video-preview":"max-video-preview:-1"},"canonical":"https:\/\/www.scott.fr\/index.php\/produit\/doudoune-chloe-top\/","og_locale":"fr_FR","og_type":"article","og_title":"DOUDOUNE CHLOE Taupe SCOTT","og_description":"D\u00e9couvrez notre doudoune Chloe l\u00e9g\u00e8re top pour femmes, une alliance parfaite entre style et fonctionnalit\u00e9. Avec son col montant, son zip central et ses nombreuses poches, elle est con\u00e7ue pour vous garder au chaud tout en restant \u00e9l\u00e9gante. Les poches zipp\u00e9es lat\u00e9rales sous rabat et les poches int\u00e9rieures offrent un espace pratique pour ranger vos essentiels. Le logo badge discret \u00e0 la manche ajoute une touche de distinction \u00e0 cette doudoune qui ne fait aucun compromis sur le style. Fabriqu\u00e9e \u00e0 partir de 100% de nylon de haute qualit\u00e9, elle est pr\u00eate \u00e0 vous accompagner par temps frais. Optez pour la polyvalence et le confort avec notre doudoune l\u00e9g\u00e8re pour femmes.","og_url":"https:\/\/www.scott.fr\/index.php\/produit\/doudoune-chloe-top\/","og_site_name":"SCOTT","article_publisher":"https:\/\/www.facebook.com\/ScottBrandFr\/","article_modified_time":"2025-09-29T09:47:58+00:00","og_image":[{"width":1280,"height":1920,"url":"https:\/\/www.scott.fr\/wp-content\/uploads\/2023\/09\/CLOE-LEADGREY-01.jpg","type":"image\/jpeg"}],"twitter_card":"summary_large_image","twitter_misc":{"Dur\u00e9e de lecture estim\u00e9e":"1 minute"},"schema":{"@context":"https:\/\/schema.org","@graph":[{"@type":"WebPage","@id":"https:\/\/www.scott.fr\/index.php\/produit\/doudoune-chloe-top\/","url":"https:\/\/www.scott.fr\/index.php\/produit\/doudoune-chloe-top\/","name":"DOUDOUNE CHLOE Taupe SCOTT","isPartOf":{"@id":"https:\/\/www.scott.fr\/#website"},"datePublished":"2023-09-20T10:52:15+00:00","dateModified":"2025-09-29T09:47:58+00:00","description":"D\u00e9couvrez notre doudoune Chloe l\u00e9g\u00e8re top pour femmes, une alliance parfaite entre style et fonctionnalit\u00e9. Avec son col montant, son zip central et ses nombreuses poches, elle est con\u00e7ue pour vous garder au chaud tout en restant \u00e9l\u00e9gante. Les poches zipp\u00e9es lat\u00e9rales sous rabat et les poches int\u00e9rieures offrent un espace pratique pour ranger vos essentiels. Le logo badge discret \u00e0 la manche ajoute une touche de distinction \u00e0 cette doudoune qui ne fait aucun compromis sur le style. Fabriqu\u00e9e \u00e0 partir de 100% de nylon de haute qualit\u00e9, elle est pr\u00eate \u00e0 vous accompagner par temps frais. Optez pour la polyvalence et le confort avec notre doudoune l\u00e9g\u00e8re pour femmes.","breadcrumb":{"@id":"https:\/\/www.scott.fr\/index.php\/produit\/doudoune-chloe-top\/#breadcrumb"},"inLanguage":"fr-FR","potentialAction":[{"@type":"ReadAction","target":["https:\/\/www.scott.fr\/index.php\/produit\/doudoune-chloe-top\/"]}]},{"@type":"BreadcrumbList","@id":"https:\/\/www.scott.fr\/index.php\/produit\/doudoune-chloe-top\/#breadcrumb","itemListElement":[{"@type":"ListItem","position":1,"name":"Accueil","item":"https:\/\/www.scott.fr\/"},{"@type":"ListItem","position":2,"name":"Produits","item":"https:\/\/www.scott.fr\/index.php\/shop\/"},{"@type":"ListItem","position":3,"name":"DOUDOUNE CHLOE Taupe"}]},{"@type":"WebSite","@id":"https:\/\/www.scott.fr\/#website","url":"https:\/\/www.scott.fr\/","name":"SCOTT","description":"Boutique de V\u00eatement Homme Femme et Enfant","publisher":{"@id":"https:\/\/www.scott.fr\/#organization"},"potentialAction":[{"@type":"SearchAction","target":{"@type":"EntryPoint","urlTemplate":"https:\/\/www.scott.fr\/?s={search_term_string}"},"query-input":"required name=search_term_string"}],"inLanguage":"fr-FR"},{"@type":"Organization","@id":"https:\/\/www.scott.fr\/#organization","name":"Scott","url":"https:\/\/www.scott.fr\/","logo":{"@type":"ImageObject","inLanguage":"fr-FR","@id":"https:\/\/www.scott.fr\/#\/schema\/logo\/image\/","url":"https:\/\/www.scott.fr\/wp-content\/uploads\/2021\/06\/Logo-Scott.png","contentUrl":"https:\/\/www.scott.fr\/wp-content\/uploads\/2021\/06\/Logo-Scott.png","width":1080,"height":680,"caption":"Scott"},"image":{"@id":"https:\/\/www.scott.fr\/#\/schema\/logo\/image\/"},"sameAs":["https:\/\/www.facebook.com\/ScottBrandFr\/","https:\/\/www.instagram.com\/scottbrandfr\/"]}]}},"_links":{"self":[{"href":"https:\/\/www.scott.fr\/index.php\/wp-json\/wp\/v2\/product\/20018"}],"collection":[{"href":"https:\/\/www.scott.fr\/index.php\/wp-json\/wp\/v2\/product"}],"about":[{"href":"https:\/\/www.scott.fr\/index.php\/wp-json\/wp\/v2\/types\/product"}],"replies":[{"embeddable":true,"href":"https:\/\/www.scott.fr\/index.php\/wp-json\/wp\/v2\/comments?post=20018"}],"version-history":[{"count":3,"href":"https:\/\/www.scott.fr\/index.php\/wp-json\/wp\/v2\/product\/20018\/revisions"}],"predecessor-version":[{"id":23410,"href":"https:\/\/www.scott.fr\/index.php\/wp-json\/wp\/v2\/product\/20018\/revisions\/23410"}],"wp:featuredmedia":[{"embeddable":true,"href":"https:\/\/www.scott.fr\/index.php\/wp-json\/wp\/v2\/media\/20235"}],"wp:attachment":[{"href":"https:\/\/www.scott.fr\/index.php\/wp-json\/wp\/v2\/media?parent=20018"}],"wp:term":[{"taxonomy":"product_cat","embeddable":true,"href":"https:\/\/www.scott.fr\/index.php\/wp-json\/wp\/v2\/product_cat?post=20018"},{"taxonomy":"product_tag","embeddable":true,"href":"https:\/\/www.scott.fr\/index.php\/wp-json\/wp\/v2\/product_tag?post=20018"}],"curies":[{"name":"wp","href":"https:\/\/api.w.org\/{rel}","templated":true}]}}