{"id":19924,"date":"2023-09-20T12:41:21","date_gmt":"2023-09-20T10:41:21","guid":{"rendered":"https:\/\/www.scott.fr\/?post_type=product&#038;p=19924"},"modified":"2026-03-23T13:01:02","modified_gmt":"2026-03-23T12:01:02","slug":"pantalon-chino-beige","status":"publish","type":"product","link":"https:\/\/www.scott.fr\/index.php\/produit\/pantalon-chino-beige\/","title":{"rendered":"PANTALON CHINO BEIGE"},"content":{"rendered":"<p>D\u00e9couvrez notre pantalon Chino beige en tissu stretch avec une finition silicon\u00e9e. Ultra-doux et \u00e9l\u00e9gant, il offre un confort exceptionnel. Les deux poches arri\u00e8res boutonn\u00e9es ajoutent une touche de praticit\u00e9, et un petit logo discret compl\u00e8te le look. Associez ce pantalon \u00e0 votre style pour une allure sophistiqu\u00e9e et d\u00e9contract\u00e9e en toute occasion.<\/p>\n","protected":false},"excerpt":{"rendered":"<p>D\u00e9couvrez notre pantalon Chino beige en tissu stretch avec une finition silicon\u00e9e. Ultra-doux et \u00e9l\u00e9gant, il offre un confort exceptionnel. Les deux poches arri\u00e8res boutonn\u00e9es ajoutent une touche de praticit\u00e9, et un petit logo discret compl\u00e8te le look. Associez ce pantalon \u00e0 votre style pour une allure sophistiqu\u00e9e et d\u00e9contract\u00e9e en toute occasion.<\/p>\n<p>Composition: 98% Coton 2% \u00e9lasthanne<br \/>\nLavage: 30\u00b0 en machine<br \/>\nLogo: SCOTT<br \/>\nMannequin mesure 1m80 porte la taille L<\/p>\n","protected":false},"featured_media":20190,"comment_status":"open","ping_status":"closed","template":"","meta":{"_monsterinsights_skip_tracking":false,"_monsterinsights_sitenote_active":false,"_monsterinsights_sitenote_note":"","_monsterinsights_sitenote_category":0,"_themeisle_gutenberg_block_has_review":false,"_kad_post_transparent":"default","_kad_post_title":"","_kad_post_layout":"default","_kad_post_sidebar_id":"","_kad_post_content_style":"default","_kad_post_vertical_padding":"default","_kad_post_feature":"","_kad_post_feature_position":"","_kad_post_header":false,"_kad_post_footer":false},"product_cat":[16,30],"product_tag":[],"acf":[],"yoast_head":"<!-- This site is optimized with the Yoast SEO plugin v20.8 - https:\/\/yoast.com\/wordpress\/plugins\/seo\/ -->\n<title>PANTALON CHINO BEIGE SCOTT<\/title>\n<meta name=\"description\" content=\"D\u00e9couvrez notre pantalon Chino beige en tissu stretch avec une finition silicon\u00e9e. Ultra-doux et \u00e9l\u00e9gant, il offre un confort exceptionnel. Les deux poches arri\u00e8res boutonn\u00e9es ajoutent une touche de praticit\u00e9, et un petit logo discret compl\u00e8te le look. Associez ce pantalon \u00e0 votre style pour une allure sophistiqu\u00e9e et d\u00e9contract\u00e9e en toute occasion.\" \/>\n<meta name=\"robots\" content=\"index, follow, max-snippet:-1, max-image-preview:large, max-video-preview:-1\" \/>\n<link rel=\"canonical\" href=\"https:\/\/www.scott.fr\/index.php\/produit\/pantalon-chino-beige\/\" \/>\n<meta property=\"og:locale\" content=\"fr_FR\" \/>\n<meta property=\"og:type\" content=\"article\" \/>\n<meta property=\"og:title\" content=\"PANTALON CHINO BEIGE SCOTT\" \/>\n<meta property=\"og:description\" content=\"D\u00e9couvrez notre pantalon Chino beige en tissu stretch avec une finition silicon\u00e9e. Ultra-doux et \u00e9l\u00e9gant, il offre un confort exceptionnel. Les deux poches arri\u00e8res boutonn\u00e9es ajoutent une touche de praticit\u00e9, et un petit logo discret compl\u00e8te le look. Associez ce pantalon \u00e0 votre style pour une allure sophistiqu\u00e9e et d\u00e9contract\u00e9e en toute occasion.\" \/>\n<meta property=\"og:url\" content=\"https:\/\/www.scott.fr\/index.php\/produit\/pantalon-chino-beige\/\" \/>\n<meta property=\"og:site_name\" content=\"SCOTT\" \/>\n<meta property=\"article:publisher\" content=\"https:\/\/www.facebook.com\/ScottBrandFr\/\" \/>\n<meta property=\"article:modified_time\" content=\"2026-03-23T12:01:02+00:00\" \/>\n<meta property=\"og:image\" content=\"https:\/\/www.scott.fr\/wp-content\/uploads\/2023\/09\/CHINO-CIMENT-01.jpg\" \/>\n\t<meta property=\"og:image:width\" content=\"1280\" \/>\n\t<meta property=\"og:image:height\" content=\"1920\" \/>\n\t<meta property=\"og:image:type\" content=\"image\/jpeg\" \/>\n<meta name=\"twitter:card\" content=\"summary_large_image\" \/>\n<meta name=\"twitter:label1\" content=\"Dur\u00e9e de lecture estim\u00e9e\" \/>\n\t<meta name=\"twitter:data1\" content=\"1 minute\" \/>\n<script type=\"application\/ld+json\" class=\"yoast-schema-graph\">{\"@context\":\"https:\/\/schema.org\",\"@graph\":[{\"@type\":\"WebPage\",\"@id\":\"https:\/\/www.scott.fr\/index.php\/produit\/pantalon-chino-beige\/\",\"url\":\"https:\/\/www.scott.fr\/index.php\/produit\/pantalon-chino-beige\/\",\"name\":\"PANTALON CHINO BEIGE SCOTT\",\"isPartOf\":{\"@id\":\"https:\/\/www.scott.fr\/#website\"},\"datePublished\":\"2023-09-20T10:41:21+00:00\",\"dateModified\":\"2026-03-23T12:01:02+00:00\",\"description\":\"D\u00e9couvrez notre pantalon Chino beige en tissu stretch avec une finition silicon\u00e9e. Ultra-doux et \u00e9l\u00e9gant, il offre un confort exceptionnel. Les deux poches arri\u00e8res boutonn\u00e9es ajoutent une touche de praticit\u00e9, et un petit logo discret compl\u00e8te le look. Associez ce pantalon \u00e0 votre style pour une allure sophistiqu\u00e9e et d\u00e9contract\u00e9e en toute occasion.\",\"breadcrumb\":{\"@id\":\"https:\/\/www.scott.fr\/index.php\/produit\/pantalon-chino-beige\/#breadcrumb\"},\"inLanguage\":\"fr-FR\",\"potentialAction\":[{\"@type\":\"ReadAction\",\"target\":[\"https:\/\/www.scott.fr\/index.php\/produit\/pantalon-chino-beige\/\"]}]},{\"@type\":\"BreadcrumbList\",\"@id\":\"https:\/\/www.scott.fr\/index.php\/produit\/pantalon-chino-beige\/#breadcrumb\",\"itemListElement\":[{\"@type\":\"ListItem\",\"position\":1,\"name\":\"Accueil\",\"item\":\"https:\/\/www.scott.fr\/\"},{\"@type\":\"ListItem\",\"position\":2,\"name\":\"Produits\",\"item\":\"https:\/\/www.scott.fr\/index.php\/shop\/\"},{\"@type\":\"ListItem\",\"position\":3,\"name\":\"PANTALON CHINO BEIGE\"}]},{\"@type\":\"WebSite\",\"@id\":\"https:\/\/www.scott.fr\/#website\",\"url\":\"https:\/\/www.scott.fr\/\",\"name\":\"SCOTT\",\"description\":\"Boutique de V\u00eatement Homme Femme et Enfant\",\"publisher\":{\"@id\":\"https:\/\/www.scott.fr\/#organization\"},\"potentialAction\":[{\"@type\":\"SearchAction\",\"target\":{\"@type\":\"EntryPoint\",\"urlTemplate\":\"https:\/\/www.scott.fr\/?s={search_term_string}\"},\"query-input\":\"required name=search_term_string\"}],\"inLanguage\":\"fr-FR\"},{\"@type\":\"Organization\",\"@id\":\"https:\/\/www.scott.fr\/#organization\",\"name\":\"Scott\",\"url\":\"https:\/\/www.scott.fr\/\",\"logo\":{\"@type\":\"ImageObject\",\"inLanguage\":\"fr-FR\",\"@id\":\"https:\/\/www.scott.fr\/#\/schema\/logo\/image\/\",\"url\":\"https:\/\/www.scott.fr\/wp-content\/uploads\/2021\/06\/Logo-Scott.png\",\"contentUrl\":\"https:\/\/www.scott.fr\/wp-content\/uploads\/2021\/06\/Logo-Scott.png\",\"width\":1080,\"height\":680,\"caption\":\"Scott\"},\"image\":{\"@id\":\"https:\/\/www.scott.fr\/#\/schema\/logo\/image\/\"},\"sameAs\":[\"https:\/\/www.facebook.com\/ScottBrandFr\/\",\"https:\/\/www.instagram.com\/scottbrandfr\/\"]}]}<\/script>\n<!-- \/ Yoast SEO plugin. -->","yoast_head_json":{"title":"PANTALON CHINO BEIGE SCOTT","description":"D\u00e9couvrez notre pantalon Chino beige en tissu stretch avec une finition silicon\u00e9e. Ultra-doux et \u00e9l\u00e9gant, il offre un confort exceptionnel. Les deux poches arri\u00e8res boutonn\u00e9es ajoutent une touche de praticit\u00e9, et un petit logo discret compl\u00e8te le look. Associez ce pantalon \u00e0 votre style pour une allure sophistiqu\u00e9e et d\u00e9contract\u00e9e en toute occasion.","robots":{"index":"index","follow":"follow","max-snippet":"max-snippet:-1","max-image-preview":"max-image-preview:large","max-video-preview":"max-video-preview:-1"},"canonical":"https:\/\/www.scott.fr\/index.php\/produit\/pantalon-chino-beige\/","og_locale":"fr_FR","og_type":"article","og_title":"PANTALON CHINO BEIGE SCOTT","og_description":"D\u00e9couvrez notre pantalon Chino beige en tissu stretch avec une finition silicon\u00e9e. Ultra-doux et \u00e9l\u00e9gant, il offre un confort exceptionnel. Les deux poches arri\u00e8res boutonn\u00e9es ajoutent une touche de praticit\u00e9, et un petit logo discret compl\u00e8te le look. Associez ce pantalon \u00e0 votre style pour une allure sophistiqu\u00e9e et d\u00e9contract\u00e9e en toute occasion.","og_url":"https:\/\/www.scott.fr\/index.php\/produit\/pantalon-chino-beige\/","og_site_name":"SCOTT","article_publisher":"https:\/\/www.facebook.com\/ScottBrandFr\/","article_modified_time":"2026-03-23T12:01:02+00:00","og_image":[{"width":1280,"height":1920,"url":"https:\/\/www.scott.fr\/wp-content\/uploads\/2023\/09\/CHINO-CIMENT-01.jpg","type":"image\/jpeg"}],"twitter_card":"summary_large_image","twitter_misc":{"Dur\u00e9e de lecture estim\u00e9e":"1 minute"},"schema":{"@context":"https:\/\/schema.org","@graph":[{"@type":"WebPage","@id":"https:\/\/www.scott.fr\/index.php\/produit\/pantalon-chino-beige\/","url":"https:\/\/www.scott.fr\/index.php\/produit\/pantalon-chino-beige\/","name":"PANTALON CHINO BEIGE SCOTT","isPartOf":{"@id":"https:\/\/www.scott.fr\/#website"},"datePublished":"2023-09-20T10:41:21+00:00","dateModified":"2026-03-23T12:01:02+00:00","description":"D\u00e9couvrez notre pantalon Chino beige en tissu stretch avec une finition silicon\u00e9e. Ultra-doux et \u00e9l\u00e9gant, il offre un confort exceptionnel. Les deux poches arri\u00e8res boutonn\u00e9es ajoutent une touche de praticit\u00e9, et un petit logo discret compl\u00e8te le look. Associez ce pantalon \u00e0 votre style pour une allure sophistiqu\u00e9e et d\u00e9contract\u00e9e en toute occasion.","breadcrumb":{"@id":"https:\/\/www.scott.fr\/index.php\/produit\/pantalon-chino-beige\/#breadcrumb"},"inLanguage":"fr-FR","potentialAction":[{"@type":"ReadAction","target":["https:\/\/www.scott.fr\/index.php\/produit\/pantalon-chino-beige\/"]}]},{"@type":"BreadcrumbList","@id":"https:\/\/www.scott.fr\/index.php\/produit\/pantalon-chino-beige\/#breadcrumb","itemListElement":[{"@type":"ListItem","position":1,"name":"Accueil","item":"https:\/\/www.scott.fr\/"},{"@type":"ListItem","position":2,"name":"Produits","item":"https:\/\/www.scott.fr\/index.php\/shop\/"},{"@type":"ListItem","position":3,"name":"PANTALON CHINO BEIGE"}]},{"@type":"WebSite","@id":"https:\/\/www.scott.fr\/#website","url":"https:\/\/www.scott.fr\/","name":"SCOTT","description":"Boutique de V\u00eatement Homme Femme et Enfant","publisher":{"@id":"https:\/\/www.scott.fr\/#organization"},"potentialAction":[{"@type":"SearchAction","target":{"@type":"EntryPoint","urlTemplate":"https:\/\/www.scott.fr\/?s={search_term_string}"},"query-input":"required name=search_term_string"}],"inLanguage":"fr-FR"},{"@type":"Organization","@id":"https:\/\/www.scott.fr\/#organization","name":"Scott","url":"https:\/\/www.scott.fr\/","logo":{"@type":"ImageObject","inLanguage":"fr-FR","@id":"https:\/\/www.scott.fr\/#\/schema\/logo\/image\/","url":"https:\/\/www.scott.fr\/wp-content\/uploads\/2021\/06\/Logo-Scott.png","contentUrl":"https:\/\/www.scott.fr\/wp-content\/uploads\/2021\/06\/Logo-Scott.png","width":1080,"height":680,"caption":"Scott"},"image":{"@id":"https:\/\/www.scott.fr\/#\/schema\/logo\/image\/"},"sameAs":["https:\/\/www.facebook.com\/ScottBrandFr\/","https:\/\/www.instagram.com\/scottbrandfr\/"]}]}},"_links":{"self":[{"href":"https:\/\/www.scott.fr\/index.php\/wp-json\/wp\/v2\/product\/19924"}],"collection":[{"href":"https:\/\/www.scott.fr\/index.php\/wp-json\/wp\/v2\/product"}],"about":[{"href":"https:\/\/www.scott.fr\/index.php\/wp-json\/wp\/v2\/types\/product"}],"replies":[{"embeddable":true,"href":"https:\/\/www.scott.fr\/index.php\/wp-json\/wp\/v2\/comments?post=19924"}],"version-history":[{"count":2,"href":"https:\/\/www.scott.fr\/index.php\/wp-json\/wp\/v2\/product\/19924\/revisions"}],"predecessor-version":[{"id":20194,"href":"https:\/\/www.scott.fr\/index.php\/wp-json\/wp\/v2\/product\/19924\/revisions\/20194"}],"wp:featuredmedia":[{"embeddable":true,"href":"https:\/\/www.scott.fr\/index.php\/wp-json\/wp\/v2\/media\/20190"}],"wp:attachment":[{"href":"https:\/\/www.scott.fr\/index.php\/wp-json\/wp\/v2\/media?parent=19924"}],"wp:term":[{"taxonomy":"product_cat","embeddable":true,"href":"https:\/\/www.scott.fr\/index.php\/wp-json\/wp\/v2\/product_cat?post=19924"},{"taxonomy":"product_tag","embeddable":true,"href":"https:\/\/www.scott.fr\/index.php\/wp-json\/wp\/v2\/product_tag?post=19924"}],"curies":[{"name":"wp","href":"https:\/\/api.w.org\/{rel}","templated":true}]}}