{"id":19677,"date":"2023-09-20T12:19:25","date_gmt":"2023-09-20T10:19:25","guid":{"rendered":"https:\/\/www.scott.fr\/?post_type=product&#038;p=19677"},"modified":"2023-11-06T10:47:19","modified_gmt":"2023-11-06T09:47:19","slug":"pull-atlanta-bleu-ciel","status":"publish","type":"product","link":"https:\/\/www.scott.fr\/index.php\/produit\/pull-atlanta-bleu-ciel\/","title":{"rendered":"PULL ATLANTA BLEU CIEL"},"content":{"rendered":"<p>Plongez dans le confort absolu avec notre pull Atlanta bleu ciel col V, une pi\u00e8ce essentielle dans votre garde-robe. Sa douceur exceptionnelle et son toucher agr\u00e9able en font un incontournable pour les journ\u00e9es fra\u00eeches. La subtile broderie ton sur ton \u00e0 la poitrine ajoute une touche de sophistication discr\u00e8te \u00e0 ce pull polyvalent.<\/p>\n<p>Ce pull Atlanta bleu ciel col V est con\u00e7u pour vous offrir un confort in\u00e9gal\u00e9 tout en vous permettant d&#8217;afficher un style impeccable. Que ce soit pour une r\u00e9union professionnelle ou une soir\u00e9e d\u00e9contract\u00e9e entre amis, ce pull est le choix parfait pour vous sentir bien et \u00e9l\u00e9gant en toutes circonstances.<\/p>\n<p>Adoptez un look intemporel avec notre pull col V. Commandez le v\u00f4tre d\u00e8s maintenant et d\u00e9couvrez le mariage parfait entre le confort et le style.<\/p>\n","protected":false},"excerpt":{"rendered":"<p>Plongez dans le confort absolu avec notre pull Atlanta bleu ciel col V, une pi\u00e8ce essentielle dans votre garde-robe. Sa douceur exceptionnelle et son toucher agr\u00e9able en font un incontournable pour les journ\u00e9es fra\u00eeches. La subtile broderie ton sur ton \u00e0 la poitrine ajoute une touche de sophistication discr\u00e8te \u00e0 ce pull polyvalent.<\/p>\n<p>Composition: 50% viscose 28% polyester 22% \u00e9lasthanne<br \/>\nLavage: 30\u00b0 en machine<br \/>\nLogo: SCOTT<br \/>\nMannequin mesure 1m80 porte la taille L<\/p>\n","protected":false},"featured_media":20113,"comment_status":"open","ping_status":"closed","template":"","meta":{"_monsterinsights_skip_tracking":false,"_monsterinsights_sitenote_active":false,"_monsterinsights_sitenote_note":"","_monsterinsights_sitenote_category":0,"_themeisle_gutenberg_block_has_review":false,"_kad_post_transparent":"default","_kad_post_title":"","_kad_post_layout":"default","_kad_post_sidebar_id":"","_kad_post_content_style":"default","_kad_post_vertical_padding":"default","_kad_post_feature":"","_kad_post_feature_position":"","_kad_post_header":false,"_kad_post_footer":false},"product_cat":[16,82],"product_tag":[],"acf":[],"yoast_head":"<!-- This site is optimized with the Yoast SEO plugin v20.8 - https:\/\/yoast.com\/wordpress\/plugins\/seo\/ -->\n<title>PULL ATLANTA BLEU CIEL - SCOTT<\/title>\n<meta name=\"description\" content=\"Plongez dans le confort absolu avec notre pull Atlanta bleu ciel col V, une pi\u00e8ce essentielle dans votre garde-robe. Sa douceur exceptionnelle et son toucher agr\u00e9able en font un incontournable pour les journ\u00e9es fra\u00eeches. La subtile broderie ton sur ton \u00e0 la poitrine ajoute une touche de sophistication discr\u00e8te \u00e0 ce pull polyvalent.\" \/>\n<meta name=\"robots\" content=\"index, follow, max-snippet:-1, max-image-preview:large, max-video-preview:-1\" \/>\n<link rel=\"canonical\" href=\"https:\/\/www.scott.fr\/index.php\/produit\/pull-atlanta-bleu-ciel\/\" \/>\n<meta property=\"og:locale\" content=\"fr_FR\" \/>\n<meta property=\"og:type\" content=\"article\" \/>\n<meta property=\"og:title\" content=\"PULL ATLANTA BLEU CIEL - SCOTT\" \/>\n<meta property=\"og:description\" content=\"Plongez dans le confort absolu avec notre pull Atlanta bleu ciel col V, une pi\u00e8ce essentielle dans votre garde-robe. Sa douceur exceptionnelle et son toucher agr\u00e9able en font un incontournable pour les journ\u00e9es fra\u00eeches. La subtile broderie ton sur ton \u00e0 la poitrine ajoute une touche de sophistication discr\u00e8te \u00e0 ce pull polyvalent.\" \/>\n<meta property=\"og:url\" content=\"https:\/\/www.scott.fr\/index.php\/produit\/pull-atlanta-bleu-ciel\/\" \/>\n<meta property=\"og:site_name\" content=\"SCOTT\" \/>\n<meta property=\"article:publisher\" content=\"https:\/\/www.facebook.com\/ScottBrandFr\/\" \/>\n<meta property=\"article:modified_time\" content=\"2023-11-06T09:47:19+00:00\" \/>\n<meta property=\"og:image\" content=\"https:\/\/www.scott.fr\/wp-content\/uploads\/2023\/09\/ATLANTA-SKYBLUE-01-1.jpg\" \/>\n\t<meta property=\"og:image:width\" content=\"1280\" \/>\n\t<meta property=\"og:image:height\" content=\"1920\" \/>\n\t<meta property=\"og:image:type\" content=\"image\/jpeg\" \/>\n<meta name=\"twitter:card\" content=\"summary_large_image\" \/>\n<meta name=\"twitter:label1\" content=\"Dur\u00e9e de lecture estim\u00e9e\" \/>\n\t<meta name=\"twitter:data1\" content=\"1 minute\" \/>\n<script type=\"application\/ld+json\" class=\"yoast-schema-graph\">{\"@context\":\"https:\/\/schema.org\",\"@graph\":[{\"@type\":\"WebPage\",\"@id\":\"https:\/\/www.scott.fr\/index.php\/produit\/pull-atlanta-bleu-ciel\/\",\"url\":\"https:\/\/www.scott.fr\/index.php\/produit\/pull-atlanta-bleu-ciel\/\",\"name\":\"PULL ATLANTA BLEU CIEL - SCOTT\",\"isPartOf\":{\"@id\":\"https:\/\/www.scott.fr\/#website\"},\"datePublished\":\"2023-09-20T10:19:25+00:00\",\"dateModified\":\"2023-11-06T09:47:19+00:00\",\"description\":\"Plongez dans le confort absolu avec notre pull Atlanta bleu ciel col V, une pi\u00e8ce essentielle dans votre garde-robe. Sa douceur exceptionnelle et son toucher agr\u00e9able en font un incontournable pour les journ\u00e9es fra\u00eeches. La subtile broderie ton sur ton \u00e0 la poitrine ajoute une touche de sophistication discr\u00e8te \u00e0 ce pull polyvalent.\",\"breadcrumb\":{\"@id\":\"https:\/\/www.scott.fr\/index.php\/produit\/pull-atlanta-bleu-ciel\/#breadcrumb\"},\"inLanguage\":\"fr-FR\",\"potentialAction\":[{\"@type\":\"ReadAction\",\"target\":[\"https:\/\/www.scott.fr\/index.php\/produit\/pull-atlanta-bleu-ciel\/\"]}]},{\"@type\":\"BreadcrumbList\",\"@id\":\"https:\/\/www.scott.fr\/index.php\/produit\/pull-atlanta-bleu-ciel\/#breadcrumb\",\"itemListElement\":[{\"@type\":\"ListItem\",\"position\":1,\"name\":\"Accueil\",\"item\":\"https:\/\/www.scott.fr\/\"},{\"@type\":\"ListItem\",\"position\":2,\"name\":\"Produits\",\"item\":\"https:\/\/www.scott.fr\/index.php\/shop\/\"},{\"@type\":\"ListItem\",\"position\":3,\"name\":\"PULL ATLANTA BLEU CIEL\"}]},{\"@type\":\"WebSite\",\"@id\":\"https:\/\/www.scott.fr\/#website\",\"url\":\"https:\/\/www.scott.fr\/\",\"name\":\"SCOTT\",\"description\":\"Boutique de V\u00eatement Homme Femme et Enfant\",\"publisher\":{\"@id\":\"https:\/\/www.scott.fr\/#organization\"},\"potentialAction\":[{\"@type\":\"SearchAction\",\"target\":{\"@type\":\"EntryPoint\",\"urlTemplate\":\"https:\/\/www.scott.fr\/?s={search_term_string}\"},\"query-input\":\"required name=search_term_string\"}],\"inLanguage\":\"fr-FR\"},{\"@type\":\"Organization\",\"@id\":\"https:\/\/www.scott.fr\/#organization\",\"name\":\"Scott\",\"url\":\"https:\/\/www.scott.fr\/\",\"logo\":{\"@type\":\"ImageObject\",\"inLanguage\":\"fr-FR\",\"@id\":\"https:\/\/www.scott.fr\/#\/schema\/logo\/image\/\",\"url\":\"https:\/\/www.scott.fr\/wp-content\/uploads\/2021\/06\/Logo-Scott.png\",\"contentUrl\":\"https:\/\/www.scott.fr\/wp-content\/uploads\/2021\/06\/Logo-Scott.png\",\"width\":1080,\"height\":680,\"caption\":\"Scott\"},\"image\":{\"@id\":\"https:\/\/www.scott.fr\/#\/schema\/logo\/image\/\"},\"sameAs\":[\"https:\/\/www.facebook.com\/ScottBrandFr\/\",\"https:\/\/www.instagram.com\/scottbrandfr\/\"]}]}<\/script>\n<!-- \/ Yoast SEO plugin. -->","yoast_head_json":{"title":"PULL ATLANTA BLEU CIEL - SCOTT","description":"Plongez dans le confort absolu avec notre pull Atlanta bleu ciel col V, une pi\u00e8ce essentielle dans votre garde-robe. Sa douceur exceptionnelle et son toucher agr\u00e9able en font un incontournable pour les journ\u00e9es fra\u00eeches. La subtile broderie ton sur ton \u00e0 la poitrine ajoute une touche de sophistication discr\u00e8te \u00e0 ce pull polyvalent.","robots":{"index":"index","follow":"follow","max-snippet":"max-snippet:-1","max-image-preview":"max-image-preview:large","max-video-preview":"max-video-preview:-1"},"canonical":"https:\/\/www.scott.fr\/index.php\/produit\/pull-atlanta-bleu-ciel\/","og_locale":"fr_FR","og_type":"article","og_title":"PULL ATLANTA BLEU CIEL - SCOTT","og_description":"Plongez dans le confort absolu avec notre pull Atlanta bleu ciel col V, une pi\u00e8ce essentielle dans votre garde-robe. Sa douceur exceptionnelle et son toucher agr\u00e9able en font un incontournable pour les journ\u00e9es fra\u00eeches. La subtile broderie ton sur ton \u00e0 la poitrine ajoute une touche de sophistication discr\u00e8te \u00e0 ce pull polyvalent.","og_url":"https:\/\/www.scott.fr\/index.php\/produit\/pull-atlanta-bleu-ciel\/","og_site_name":"SCOTT","article_publisher":"https:\/\/www.facebook.com\/ScottBrandFr\/","article_modified_time":"2023-11-06T09:47:19+00:00","og_image":[{"width":1280,"height":1920,"url":"https:\/\/www.scott.fr\/wp-content\/uploads\/2023\/09\/ATLANTA-SKYBLUE-01-1.jpg","type":"image\/jpeg"}],"twitter_card":"summary_large_image","twitter_misc":{"Dur\u00e9e de lecture estim\u00e9e":"1 minute"},"schema":{"@context":"https:\/\/schema.org","@graph":[{"@type":"WebPage","@id":"https:\/\/www.scott.fr\/index.php\/produit\/pull-atlanta-bleu-ciel\/","url":"https:\/\/www.scott.fr\/index.php\/produit\/pull-atlanta-bleu-ciel\/","name":"PULL ATLANTA BLEU CIEL - SCOTT","isPartOf":{"@id":"https:\/\/www.scott.fr\/#website"},"datePublished":"2023-09-20T10:19:25+00:00","dateModified":"2023-11-06T09:47:19+00:00","description":"Plongez dans le confort absolu avec notre pull Atlanta bleu ciel col V, une pi\u00e8ce essentielle dans votre garde-robe. Sa douceur exceptionnelle et son toucher agr\u00e9able en font un incontournable pour les journ\u00e9es fra\u00eeches. La subtile broderie ton sur ton \u00e0 la poitrine ajoute une touche de sophistication discr\u00e8te \u00e0 ce pull polyvalent.","breadcrumb":{"@id":"https:\/\/www.scott.fr\/index.php\/produit\/pull-atlanta-bleu-ciel\/#breadcrumb"},"inLanguage":"fr-FR","potentialAction":[{"@type":"ReadAction","target":["https:\/\/www.scott.fr\/index.php\/produit\/pull-atlanta-bleu-ciel\/"]}]},{"@type":"BreadcrumbList","@id":"https:\/\/www.scott.fr\/index.php\/produit\/pull-atlanta-bleu-ciel\/#breadcrumb","itemListElement":[{"@type":"ListItem","position":1,"name":"Accueil","item":"https:\/\/www.scott.fr\/"},{"@type":"ListItem","position":2,"name":"Produits","item":"https:\/\/www.scott.fr\/index.php\/shop\/"},{"@type":"ListItem","position":3,"name":"PULL ATLANTA BLEU CIEL"}]},{"@type":"WebSite","@id":"https:\/\/www.scott.fr\/#website","url":"https:\/\/www.scott.fr\/","name":"SCOTT","description":"Boutique de V\u00eatement Homme Femme et Enfant","publisher":{"@id":"https:\/\/www.scott.fr\/#organization"},"potentialAction":[{"@type":"SearchAction","target":{"@type":"EntryPoint","urlTemplate":"https:\/\/www.scott.fr\/?s={search_term_string}"},"query-input":"required name=search_term_string"}],"inLanguage":"fr-FR"},{"@type":"Organization","@id":"https:\/\/www.scott.fr\/#organization","name":"Scott","url":"https:\/\/www.scott.fr\/","logo":{"@type":"ImageObject","inLanguage":"fr-FR","@id":"https:\/\/www.scott.fr\/#\/schema\/logo\/image\/","url":"https:\/\/www.scott.fr\/wp-content\/uploads\/2021\/06\/Logo-Scott.png","contentUrl":"https:\/\/www.scott.fr\/wp-content\/uploads\/2021\/06\/Logo-Scott.png","width":1080,"height":680,"caption":"Scott"},"image":{"@id":"https:\/\/www.scott.fr\/#\/schema\/logo\/image\/"},"sameAs":["https:\/\/www.facebook.com\/ScottBrandFr\/","https:\/\/www.instagram.com\/scottbrandfr\/"]}]}},"_links":{"self":[{"href":"https:\/\/www.scott.fr\/index.php\/wp-json\/wp\/v2\/product\/19677"}],"collection":[{"href":"https:\/\/www.scott.fr\/index.php\/wp-json\/wp\/v2\/product"}],"about":[{"href":"https:\/\/www.scott.fr\/index.php\/wp-json\/wp\/v2\/types\/product"}],"replies":[{"embeddable":true,"href":"https:\/\/www.scott.fr\/index.php\/wp-json\/wp\/v2\/comments?post=19677"}],"version-history":[{"count":4,"href":"https:\/\/www.scott.fr\/index.php\/wp-json\/wp\/v2\/product\/19677\/revisions"}],"predecessor-version":[{"id":20963,"href":"https:\/\/www.scott.fr\/index.php\/wp-json\/wp\/v2\/product\/19677\/revisions\/20963"}],"wp:featuredmedia":[{"embeddable":true,"href":"https:\/\/www.scott.fr\/index.php\/wp-json\/wp\/v2\/media\/20113"}],"wp:attachment":[{"href":"https:\/\/www.scott.fr\/index.php\/wp-json\/wp\/v2\/media?parent=19677"}],"wp:term":[{"taxonomy":"product_cat","embeddable":true,"href":"https:\/\/www.scott.fr\/index.php\/wp-json\/wp\/v2\/product_cat?post=19677"},{"taxonomy":"product_tag","embeddable":true,"href":"https:\/\/www.scott.fr\/index.php\/wp-json\/wp\/v2\/product_tag?post=19677"}],"curies":[{"name":"wp","href":"https:\/\/api.w.org\/{rel}","templated":true}]}}