{"id":19329,"date":"2023-10-16T09:54:58","date_gmt":"2023-10-16T07:54:58","guid":{"rendered":"https:\/\/www.scott.fr\/?post_type=product&#038;p=19329"},"modified":"2026-03-18T12:38:26","modified_gmt":"2026-03-18T11:38:26","slug":"doudoune-riko-bleu-marine","status":"publish","type":"product","link":"https:\/\/www.scott.fr\/index.php\/produit\/doudoune-riko-bleu-marine\/","title":{"rendered":"DOUDOUNE RIKO BLEU MARINE"},"content":{"rendered":"<p>D\u00e9couvrez notre doudoune Riko bleu marine sans manches, une pi\u00e8ce \u00e9l\u00e9gante et fonctionnelle. Avec son col montant et son zip central contrast\u00e9, elle offre un style distinctif. Les 2 poches lat\u00e9rales avec zip invisible et les 2 poches int\u00e9rieures ajoutent une touche pratique. Le col int\u00e9rieur doubl\u00e9 en sherpa vous garde confortablement au chaud. Compl\u00e9t\u00e9 par un logo patch sur la poitrine, cette doudoune est le choix parfait pour affronter le froid avec style. Fabriqu\u00e9e \u00e0 100% en polyamide de qualit\u00e9, elle combine confort et r\u00e9sistance pour une tenue exceptionnelle.<\/p>\n","protected":false},"excerpt":{"rendered":"<p>D\u00e9couvrez notre doudoune Riko bleu marine sans manches, une pi\u00e8ce \u00e9l\u00e9gante et fonctionnelle. Avec son col montant et son zip central contrast\u00e9, elle offre un style distinctif. Les 2 poches lat\u00e9rales avec zip invisible et les 2 poches int\u00e9rieures ajoutent une touche pratique. Le col int\u00e9rieur doubl\u00e9 en sherpa vous garde confortablement au chaud. Compl\u00e9t\u00e9 par un logo patch sur la poitrine, cette doudoune est le choix parfait pour affronter le froid avec style. Fabriqu\u00e9e \u00e0 100% en polyamide de qualit\u00e9, elle combine confort et r\u00e9sistance pour une tenue exceptionnelle.<\/p>\n<p>Composition: 100% polyamide<br \/>\nLavage: 30\u00b0 en machine<br \/>\nLogo: SCOTT<br \/>\nMannequin mesure 1m80 porte la taille L<\/p>\n","protected":false},"featured_media":20601,"comment_status":"open","ping_status":"closed","template":"","meta":{"_monsterinsights_skip_tracking":false,"_monsterinsights_sitenote_active":false,"_monsterinsights_sitenote_note":"","_monsterinsights_sitenote_category":0,"_themeisle_gutenberg_block_has_review":false,"_kad_post_transparent":"default","_kad_post_title":"","_kad_post_layout":"default","_kad_post_sidebar_id":"","_kad_post_content_style":"default","_kad_post_vertical_padding":"default","_kad_post_feature":"","_kad_post_feature_position":"","_kad_post_header":false,"_kad_post_footer":false},"product_cat":[25,16],"product_tag":[],"acf":[],"yoast_head":"<!-- This site is optimized with the Yoast SEO plugin v20.8 - https:\/\/yoast.com\/wordpress\/plugins\/seo\/ -->\n<title>DOUDOUNE RIKO BLEU MARINE SCOTT<\/title>\n<meta name=\"description\" content=\"D\u00e9couvrez notre doudoune Riko bleu marine sans manches, une pi\u00e8ce \u00e9l\u00e9gante et fonctionnelle. Avec son col montant et son zip central contrast\u00e9, elle offre un style distinctif. Les 2 poches lat\u00e9rales avec zip invisible et les 2 poches int\u00e9rieures ajoutent une touche pratique. Le col int\u00e9rieur doubl\u00e9 en sherpa vous garde confortablement au chaud. Compl\u00e9t\u00e9 par un logo patch sur la poitrine, cette doudoune est le choix parfait pour affronter le froid avec style. Fabriqu\u00e9e \u00e0 100% en polyamide de qualit\u00e9, elle combine confort et r\u00e9sistance pour une tenue exceptionnelle.\" \/>\n<meta name=\"robots\" content=\"index, follow, max-snippet:-1, max-image-preview:large, max-video-preview:-1\" \/>\n<link rel=\"canonical\" href=\"https:\/\/www.scott.fr\/index.php\/produit\/doudoune-riko-bleu-marine\/\" \/>\n<meta property=\"og:locale\" content=\"fr_FR\" \/>\n<meta property=\"og:type\" content=\"article\" \/>\n<meta property=\"og:title\" content=\"DOUDOUNE RIKO BLEU MARINE SCOTT\" \/>\n<meta property=\"og:description\" content=\"D\u00e9couvrez notre doudoune Riko bleu marine sans manches, une pi\u00e8ce \u00e9l\u00e9gante et fonctionnelle. Avec son col montant et son zip central contrast\u00e9, elle offre un style distinctif. Les 2 poches lat\u00e9rales avec zip invisible et les 2 poches int\u00e9rieures ajoutent une touche pratique. Le col int\u00e9rieur doubl\u00e9 en sherpa vous garde confortablement au chaud. Compl\u00e9t\u00e9 par un logo patch sur la poitrine, cette doudoune est le choix parfait pour affronter le froid avec style. Fabriqu\u00e9e \u00e0 100% en polyamide de qualit\u00e9, elle combine confort et r\u00e9sistance pour une tenue exceptionnelle.\" \/>\n<meta property=\"og:url\" content=\"https:\/\/www.scott.fr\/index.php\/produit\/doudoune-riko-bleu-marine\/\" \/>\n<meta property=\"og:site_name\" content=\"SCOTT\" \/>\n<meta property=\"article:publisher\" content=\"https:\/\/www.facebook.com\/ScottBrandFr\/\" \/>\n<meta property=\"article:modified_time\" content=\"2026-03-18T11:38:26+00:00\" \/>\n<meta property=\"og:image\" content=\"https:\/\/www.scott.fr\/wp-content\/uploads\/2023\/09\/RIKO-NAVY-01.jpg\" \/>\n\t<meta property=\"og:image:width\" content=\"1280\" \/>\n\t<meta property=\"og:image:height\" content=\"1920\" \/>\n\t<meta property=\"og:image:type\" content=\"image\/jpeg\" \/>\n<meta name=\"twitter:card\" content=\"summary_large_image\" \/>\n<meta name=\"twitter:label1\" content=\"Dur\u00e9e de lecture estim\u00e9e\" \/>\n\t<meta name=\"twitter:data1\" content=\"1 minute\" \/>\n<script type=\"application\/ld+json\" class=\"yoast-schema-graph\">{\"@context\":\"https:\/\/schema.org\",\"@graph\":[{\"@type\":\"WebPage\",\"@id\":\"https:\/\/www.scott.fr\/index.php\/produit\/doudoune-riko-bleu-marine\/\",\"url\":\"https:\/\/www.scott.fr\/index.php\/produit\/doudoune-riko-bleu-marine\/\",\"name\":\"DOUDOUNE RIKO BLEU MARINE SCOTT\",\"isPartOf\":{\"@id\":\"https:\/\/www.scott.fr\/#website\"},\"datePublished\":\"2023-10-16T07:54:58+00:00\",\"dateModified\":\"2026-03-18T11:38:26+00:00\",\"description\":\"D\u00e9couvrez notre doudoune Riko bleu marine sans manches, une pi\u00e8ce \u00e9l\u00e9gante et fonctionnelle. Avec son col montant et son zip central contrast\u00e9, elle offre un style distinctif. Les 2 poches lat\u00e9rales avec zip invisible et les 2 poches int\u00e9rieures ajoutent une touche pratique. Le col int\u00e9rieur doubl\u00e9 en sherpa vous garde confortablement au chaud. Compl\u00e9t\u00e9 par un logo patch sur la poitrine, cette doudoune est le choix parfait pour affronter le froid avec style. Fabriqu\u00e9e \u00e0 100% en polyamide de qualit\u00e9, elle combine confort et r\u00e9sistance pour une tenue exceptionnelle.\",\"breadcrumb\":{\"@id\":\"https:\/\/www.scott.fr\/index.php\/produit\/doudoune-riko-bleu-marine\/#breadcrumb\"},\"inLanguage\":\"fr-FR\",\"potentialAction\":[{\"@type\":\"ReadAction\",\"target\":[\"https:\/\/www.scott.fr\/index.php\/produit\/doudoune-riko-bleu-marine\/\"]}]},{\"@type\":\"BreadcrumbList\",\"@id\":\"https:\/\/www.scott.fr\/index.php\/produit\/doudoune-riko-bleu-marine\/#breadcrumb\",\"itemListElement\":[{\"@type\":\"ListItem\",\"position\":1,\"name\":\"Accueil\",\"item\":\"https:\/\/www.scott.fr\/\"},{\"@type\":\"ListItem\",\"position\":2,\"name\":\"Produits\",\"item\":\"https:\/\/www.scott.fr\/index.php\/shop\/\"},{\"@type\":\"ListItem\",\"position\":3,\"name\":\"DOUDOUNE RIKO BLEU MARINE\"}]},{\"@type\":\"WebSite\",\"@id\":\"https:\/\/www.scott.fr\/#website\",\"url\":\"https:\/\/www.scott.fr\/\",\"name\":\"SCOTT\",\"description\":\"Boutique de V\u00eatement Homme Femme et Enfant\",\"publisher\":{\"@id\":\"https:\/\/www.scott.fr\/#organization\"},\"potentialAction\":[{\"@type\":\"SearchAction\",\"target\":{\"@type\":\"EntryPoint\",\"urlTemplate\":\"https:\/\/www.scott.fr\/?s={search_term_string}\"},\"query-input\":\"required name=search_term_string\"}],\"inLanguage\":\"fr-FR\"},{\"@type\":\"Organization\",\"@id\":\"https:\/\/www.scott.fr\/#organization\",\"name\":\"Scott\",\"url\":\"https:\/\/www.scott.fr\/\",\"logo\":{\"@type\":\"ImageObject\",\"inLanguage\":\"fr-FR\",\"@id\":\"https:\/\/www.scott.fr\/#\/schema\/logo\/image\/\",\"url\":\"https:\/\/www.scott.fr\/wp-content\/uploads\/2021\/06\/Logo-Scott.png\",\"contentUrl\":\"https:\/\/www.scott.fr\/wp-content\/uploads\/2021\/06\/Logo-Scott.png\",\"width\":1080,\"height\":680,\"caption\":\"Scott\"},\"image\":{\"@id\":\"https:\/\/www.scott.fr\/#\/schema\/logo\/image\/\"},\"sameAs\":[\"https:\/\/www.facebook.com\/ScottBrandFr\/\",\"https:\/\/www.instagram.com\/scottbrandfr\/\"]}]}<\/script>\n<!-- \/ Yoast SEO plugin. -->","yoast_head_json":{"title":"DOUDOUNE RIKO BLEU MARINE SCOTT","description":"D\u00e9couvrez notre doudoune Riko bleu marine sans manches, une pi\u00e8ce \u00e9l\u00e9gante et fonctionnelle. Avec son col montant et son zip central contrast\u00e9, elle offre un style distinctif. Les 2 poches lat\u00e9rales avec zip invisible et les 2 poches int\u00e9rieures ajoutent une touche pratique. Le col int\u00e9rieur doubl\u00e9 en sherpa vous garde confortablement au chaud. Compl\u00e9t\u00e9 par un logo patch sur la poitrine, cette doudoune est le choix parfait pour affronter le froid avec style. Fabriqu\u00e9e \u00e0 100% en polyamide de qualit\u00e9, elle combine confort et r\u00e9sistance pour une tenue exceptionnelle.","robots":{"index":"index","follow":"follow","max-snippet":"max-snippet:-1","max-image-preview":"max-image-preview:large","max-video-preview":"max-video-preview:-1"},"canonical":"https:\/\/www.scott.fr\/index.php\/produit\/doudoune-riko-bleu-marine\/","og_locale":"fr_FR","og_type":"article","og_title":"DOUDOUNE RIKO BLEU MARINE SCOTT","og_description":"D\u00e9couvrez notre doudoune Riko bleu marine sans manches, une pi\u00e8ce \u00e9l\u00e9gante et fonctionnelle. Avec son col montant et son zip central contrast\u00e9, elle offre un style distinctif. Les 2 poches lat\u00e9rales avec zip invisible et les 2 poches int\u00e9rieures ajoutent une touche pratique. Le col int\u00e9rieur doubl\u00e9 en sherpa vous garde confortablement au chaud. Compl\u00e9t\u00e9 par un logo patch sur la poitrine, cette doudoune est le choix parfait pour affronter le froid avec style. Fabriqu\u00e9e \u00e0 100% en polyamide de qualit\u00e9, elle combine confort et r\u00e9sistance pour une tenue exceptionnelle.","og_url":"https:\/\/www.scott.fr\/index.php\/produit\/doudoune-riko-bleu-marine\/","og_site_name":"SCOTT","article_publisher":"https:\/\/www.facebook.com\/ScottBrandFr\/","article_modified_time":"2026-03-18T11:38:26+00:00","og_image":[{"width":1280,"height":1920,"url":"https:\/\/www.scott.fr\/wp-content\/uploads\/2023\/09\/RIKO-NAVY-01.jpg","type":"image\/jpeg"}],"twitter_card":"summary_large_image","twitter_misc":{"Dur\u00e9e de lecture estim\u00e9e":"1 minute"},"schema":{"@context":"https:\/\/schema.org","@graph":[{"@type":"WebPage","@id":"https:\/\/www.scott.fr\/index.php\/produit\/doudoune-riko-bleu-marine\/","url":"https:\/\/www.scott.fr\/index.php\/produit\/doudoune-riko-bleu-marine\/","name":"DOUDOUNE RIKO BLEU MARINE SCOTT","isPartOf":{"@id":"https:\/\/www.scott.fr\/#website"},"datePublished":"2023-10-16T07:54:58+00:00","dateModified":"2026-03-18T11:38:26+00:00","description":"D\u00e9couvrez notre doudoune Riko bleu marine sans manches, une pi\u00e8ce \u00e9l\u00e9gante et fonctionnelle. Avec son col montant et son zip central contrast\u00e9, elle offre un style distinctif. Les 2 poches lat\u00e9rales avec zip invisible et les 2 poches int\u00e9rieures ajoutent une touche pratique. Le col int\u00e9rieur doubl\u00e9 en sherpa vous garde confortablement au chaud. Compl\u00e9t\u00e9 par un logo patch sur la poitrine, cette doudoune est le choix parfait pour affronter le froid avec style. Fabriqu\u00e9e \u00e0 100% en polyamide de qualit\u00e9, elle combine confort et r\u00e9sistance pour une tenue exceptionnelle.","breadcrumb":{"@id":"https:\/\/www.scott.fr\/index.php\/produit\/doudoune-riko-bleu-marine\/#breadcrumb"},"inLanguage":"fr-FR","potentialAction":[{"@type":"ReadAction","target":["https:\/\/www.scott.fr\/index.php\/produit\/doudoune-riko-bleu-marine\/"]}]},{"@type":"BreadcrumbList","@id":"https:\/\/www.scott.fr\/index.php\/produit\/doudoune-riko-bleu-marine\/#breadcrumb","itemListElement":[{"@type":"ListItem","position":1,"name":"Accueil","item":"https:\/\/www.scott.fr\/"},{"@type":"ListItem","position":2,"name":"Produits","item":"https:\/\/www.scott.fr\/index.php\/shop\/"},{"@type":"ListItem","position":3,"name":"DOUDOUNE RIKO BLEU MARINE"}]},{"@type":"WebSite","@id":"https:\/\/www.scott.fr\/#website","url":"https:\/\/www.scott.fr\/","name":"SCOTT","description":"Boutique de V\u00eatement Homme Femme et Enfant","publisher":{"@id":"https:\/\/www.scott.fr\/#organization"},"potentialAction":[{"@type":"SearchAction","target":{"@type":"EntryPoint","urlTemplate":"https:\/\/www.scott.fr\/?s={search_term_string}"},"query-input":"required name=search_term_string"}],"inLanguage":"fr-FR"},{"@type":"Organization","@id":"https:\/\/www.scott.fr\/#organization","name":"Scott","url":"https:\/\/www.scott.fr\/","logo":{"@type":"ImageObject","inLanguage":"fr-FR","@id":"https:\/\/www.scott.fr\/#\/schema\/logo\/image\/","url":"https:\/\/www.scott.fr\/wp-content\/uploads\/2021\/06\/Logo-Scott.png","contentUrl":"https:\/\/www.scott.fr\/wp-content\/uploads\/2021\/06\/Logo-Scott.png","width":1080,"height":680,"caption":"Scott"},"image":{"@id":"https:\/\/www.scott.fr\/#\/schema\/logo\/image\/"},"sameAs":["https:\/\/www.facebook.com\/ScottBrandFr\/","https:\/\/www.instagram.com\/scottbrandfr\/"]}]}},"_links":{"self":[{"href":"https:\/\/www.scott.fr\/index.php\/wp-json\/wp\/v2\/product\/19329"}],"collection":[{"href":"https:\/\/www.scott.fr\/index.php\/wp-json\/wp\/v2\/product"}],"about":[{"href":"https:\/\/www.scott.fr\/index.php\/wp-json\/wp\/v2\/types\/product"}],"replies":[{"embeddable":true,"href":"https:\/\/www.scott.fr\/index.php\/wp-json\/wp\/v2\/comments?post=19329"}],"version-history":[{"count":3,"href":"https:\/\/www.scott.fr\/index.php\/wp-json\/wp\/v2\/product\/19329\/revisions"}],"predecessor-version":[{"id":20607,"href":"https:\/\/www.scott.fr\/index.php\/wp-json\/wp\/v2\/product\/19329\/revisions\/20607"}],"wp:featuredmedia":[{"embeddable":true,"href":"https:\/\/www.scott.fr\/index.php\/wp-json\/wp\/v2\/media\/20601"}],"wp:attachment":[{"href":"https:\/\/www.scott.fr\/index.php\/wp-json\/wp\/v2\/media?parent=19329"}],"wp:term":[{"taxonomy":"product_cat","embeddable":true,"href":"https:\/\/www.scott.fr\/index.php\/wp-json\/wp\/v2\/product_cat?post=19329"},{"taxonomy":"product_tag","embeddable":true,"href":"https:\/\/www.scott.fr\/index.php\/wp-json\/wp\/v2\/product_tag?post=19329"}],"curies":[{"name":"wp","href":"https:\/\/api.w.org\/{rel}","templated":true}]}}