{"id":19175,"date":"2023-09-20T12:04:05","date_gmt":"2023-09-20T10:04:05","guid":{"rendered":"https:\/\/www.scott.fr\/?post_type=product&#038;p=19175"},"modified":"2025-09-25T16:48:32","modified_gmt":"2025-09-25T14:48:32","slug":"pull-apply-noir","status":"publish","type":"product","link":"https:\/\/www.scott.fr\/index.php\/produit\/pull-apply-noir\/","title":{"rendered":"PULL APPLY NOIR"},"content":{"rendered":"<p>D\u00e9couvrez notre pull Apply noir col rond en maille fantaisie, une pi\u00e8ce de mode incontournable qui allie confort et style avec \u00e9l\u00e9gance. La maille douce de ce pull offre un toucher agr\u00e9able, tandis que le logo brod\u00e9 sur la poitrine ajoute une touche subtile de sophistication. De plus, une petite plaque logot\u00e9e m\u00e9tallique est soigneusement cousue \u00e0 la manche pour une finition raffin\u00e9e.<\/p>\n<p>Ce pull Apply noir est confectionn\u00e9 avec le plus grand soin, en utilisant une composition de haute qualit\u00e9 : 100% polyester, garantissant une durabilit\u00e9 exceptionnelle et un entretien facile. Que vous le portiez pour une journ\u00e9e d\u00e9contract\u00e9e ou pour une soir\u00e9e chic, ce pull est le choix parfait pour rester \u00e0 la fois confortable et \u00e9l\u00e9gant.<\/p>\n<p>Optez pour un style intemporel et une qualit\u00e9 in\u00e9gal\u00e9e en choisissant notre pull Apply col rond en maille fantaisie. Associez-le \u00e0 vos tenues pr\u00e9f\u00e9r\u00e9es pour un look qui fera tourner les t\u00eates. Commandez le v\u00f4tre d\u00e8s maintenant et ajoutez cette pi\u00e8ce polyvalente \u00e0 votre garde-robe !<\/p>\n","protected":false},"excerpt":{"rendered":"<p>D\u00e9couvrez notre pull Apply noir col rond en maille fantaisie, une pi\u00e8ce de mode incontournable qui allie confort et style avec \u00e9l\u00e9gance. La maille douce de ce pull offre un toucher agr\u00e9able, tandis que le logo brod\u00e9 sur la poitrine ajoute une touche subtile de sophistication. De plus, une petite plaque logot\u00e9e m\u00e9tallique est soigneusement cousue \u00e0 la manche pour une finition raffin\u00e9e.<\/p>\n<p>Composition: 100% polyester<br \/>\nLavage: 30\u00b0 en machine<br \/>\nLogo: SCOTT<br \/>\nMannequin mesure 1m80 porte la taille L<\/p>\n","protected":false},"featured_media":20076,"comment_status":"open","ping_status":"closed","template":"","meta":{"_monsterinsights_skip_tracking":false,"_monsterinsights_sitenote_active":false,"_monsterinsights_sitenote_note":"","_monsterinsights_sitenote_category":0,"_themeisle_gutenberg_block_has_review":false,"_kad_post_transparent":"default","_kad_post_title":"","_kad_post_layout":"default","_kad_post_sidebar_id":"","_kad_post_content_style":"default","_kad_post_vertical_padding":"default","_kad_post_feature":"","_kad_post_feature_position":"","_kad_post_header":false,"_kad_post_footer":false},"product_cat":[16,26],"product_tag":[],"acf":[],"yoast_head":"<!-- This site is optimized with the Yoast SEO plugin v20.8 - https:\/\/yoast.com\/wordpress\/plugins\/seo\/ -->\n<title>PULL APPLY NOIR SCOTT<\/title>\n<meta name=\"description\" content=\"D\u00e9couvrez notre pull Apply noir col rond en maille fantaisie, une pi\u00e8ce de mode incontournable qui allie confort et style avec \u00e9l\u00e9gance.\" \/>\n<meta name=\"robots\" content=\"index, follow, max-snippet:-1, max-image-preview:large, max-video-preview:-1\" \/>\n<link rel=\"canonical\" href=\"https:\/\/www.scott.fr\/index.php\/produit\/pull-apply-noir\/\" \/>\n<meta property=\"og:locale\" content=\"fr_FR\" \/>\n<meta property=\"og:type\" content=\"article\" \/>\n<meta property=\"og:title\" content=\"PULL APPLY NOIR SCOTT\" \/>\n<meta property=\"og:description\" content=\"D\u00e9couvrez notre pull Apply noir col rond en maille fantaisie, une pi\u00e8ce de mode incontournable qui allie confort et style avec \u00e9l\u00e9gance.\" \/>\n<meta property=\"og:url\" content=\"https:\/\/www.scott.fr\/index.php\/produit\/pull-apply-noir\/\" \/>\n<meta property=\"og:site_name\" content=\"SCOTT\" \/>\n<meta property=\"article:publisher\" content=\"https:\/\/www.facebook.com\/ScottBrandFr\/\" \/>\n<meta property=\"article:modified_time\" content=\"2025-09-25T14:48:32+00:00\" \/>\n<meta property=\"og:image\" content=\"https:\/\/www.scott.fr\/wp-content\/uploads\/2023\/07\/APPLY-BLACK-01.jpg\" \/>\n\t<meta property=\"og:image:width\" content=\"1280\" \/>\n\t<meta property=\"og:image:height\" content=\"1920\" \/>\n\t<meta property=\"og:image:type\" content=\"image\/jpeg\" \/>\n<meta name=\"twitter:card\" content=\"summary_large_image\" \/>\n<meta name=\"twitter:label1\" content=\"Dur\u00e9e de lecture estim\u00e9e\" \/>\n\t<meta name=\"twitter:data1\" content=\"1 minute\" \/>\n<script type=\"application\/ld+json\" class=\"yoast-schema-graph\">{\"@context\":\"https:\/\/schema.org\",\"@graph\":[{\"@type\":\"WebPage\",\"@id\":\"https:\/\/www.scott.fr\/index.php\/produit\/pull-apply-noir\/\",\"url\":\"https:\/\/www.scott.fr\/index.php\/produit\/pull-apply-noir\/\",\"name\":\"PULL APPLY NOIR SCOTT\",\"isPartOf\":{\"@id\":\"https:\/\/www.scott.fr\/#website\"},\"datePublished\":\"2023-09-20T10:04:05+00:00\",\"dateModified\":\"2025-09-25T14:48:32+00:00\",\"description\":\"D\u00e9couvrez notre pull Apply noir col rond en maille fantaisie, une pi\u00e8ce de mode incontournable qui allie confort et style avec \u00e9l\u00e9gance.\",\"breadcrumb\":{\"@id\":\"https:\/\/www.scott.fr\/index.php\/produit\/pull-apply-noir\/#breadcrumb\"},\"inLanguage\":\"fr-FR\",\"potentialAction\":[{\"@type\":\"ReadAction\",\"target\":[\"https:\/\/www.scott.fr\/index.php\/produit\/pull-apply-noir\/\"]}]},{\"@type\":\"BreadcrumbList\",\"@id\":\"https:\/\/www.scott.fr\/index.php\/produit\/pull-apply-noir\/#breadcrumb\",\"itemListElement\":[{\"@type\":\"ListItem\",\"position\":1,\"name\":\"Accueil\",\"item\":\"https:\/\/www.scott.fr\/\"},{\"@type\":\"ListItem\",\"position\":2,\"name\":\"Produits\",\"item\":\"https:\/\/www.scott.fr\/index.php\/shop\/\"},{\"@type\":\"ListItem\",\"position\":3,\"name\":\"PULL APPLY NOIR\"}]},{\"@type\":\"WebSite\",\"@id\":\"https:\/\/www.scott.fr\/#website\",\"url\":\"https:\/\/www.scott.fr\/\",\"name\":\"SCOTT\",\"description\":\"Boutique de V\u00eatement Homme Femme et Enfant\",\"publisher\":{\"@id\":\"https:\/\/www.scott.fr\/#organization\"},\"potentialAction\":[{\"@type\":\"SearchAction\",\"target\":{\"@type\":\"EntryPoint\",\"urlTemplate\":\"https:\/\/www.scott.fr\/?s={search_term_string}\"},\"query-input\":\"required name=search_term_string\"}],\"inLanguage\":\"fr-FR\"},{\"@type\":\"Organization\",\"@id\":\"https:\/\/www.scott.fr\/#organization\",\"name\":\"Scott\",\"url\":\"https:\/\/www.scott.fr\/\",\"logo\":{\"@type\":\"ImageObject\",\"inLanguage\":\"fr-FR\",\"@id\":\"https:\/\/www.scott.fr\/#\/schema\/logo\/image\/\",\"url\":\"https:\/\/www.scott.fr\/wp-content\/uploads\/2021\/06\/Logo-Scott.png\",\"contentUrl\":\"https:\/\/www.scott.fr\/wp-content\/uploads\/2021\/06\/Logo-Scott.png\",\"width\":1080,\"height\":680,\"caption\":\"Scott\"},\"image\":{\"@id\":\"https:\/\/www.scott.fr\/#\/schema\/logo\/image\/\"},\"sameAs\":[\"https:\/\/www.facebook.com\/ScottBrandFr\/\",\"https:\/\/www.instagram.com\/scottbrandfr\/\"]}]}<\/script>\n<!-- \/ Yoast SEO plugin. -->","yoast_head_json":{"title":"PULL APPLY NOIR SCOTT","description":"D\u00e9couvrez notre pull Apply noir col rond en maille fantaisie, une pi\u00e8ce de mode incontournable qui allie confort et style avec \u00e9l\u00e9gance.","robots":{"index":"index","follow":"follow","max-snippet":"max-snippet:-1","max-image-preview":"max-image-preview:large","max-video-preview":"max-video-preview:-1"},"canonical":"https:\/\/www.scott.fr\/index.php\/produit\/pull-apply-noir\/","og_locale":"fr_FR","og_type":"article","og_title":"PULL APPLY NOIR SCOTT","og_description":"D\u00e9couvrez notre pull Apply noir col rond en maille fantaisie, une pi\u00e8ce de mode incontournable qui allie confort et style avec \u00e9l\u00e9gance.","og_url":"https:\/\/www.scott.fr\/index.php\/produit\/pull-apply-noir\/","og_site_name":"SCOTT","article_publisher":"https:\/\/www.facebook.com\/ScottBrandFr\/","article_modified_time":"2025-09-25T14:48:32+00:00","og_image":[{"width":1280,"height":1920,"url":"https:\/\/www.scott.fr\/wp-content\/uploads\/2023\/07\/APPLY-BLACK-01.jpg","type":"image\/jpeg"}],"twitter_card":"summary_large_image","twitter_misc":{"Dur\u00e9e de lecture estim\u00e9e":"1 minute"},"schema":{"@context":"https:\/\/schema.org","@graph":[{"@type":"WebPage","@id":"https:\/\/www.scott.fr\/index.php\/produit\/pull-apply-noir\/","url":"https:\/\/www.scott.fr\/index.php\/produit\/pull-apply-noir\/","name":"PULL APPLY NOIR SCOTT","isPartOf":{"@id":"https:\/\/www.scott.fr\/#website"},"datePublished":"2023-09-20T10:04:05+00:00","dateModified":"2025-09-25T14:48:32+00:00","description":"D\u00e9couvrez notre pull Apply noir col rond en maille fantaisie, une pi\u00e8ce de mode incontournable qui allie confort et style avec \u00e9l\u00e9gance.","breadcrumb":{"@id":"https:\/\/www.scott.fr\/index.php\/produit\/pull-apply-noir\/#breadcrumb"},"inLanguage":"fr-FR","potentialAction":[{"@type":"ReadAction","target":["https:\/\/www.scott.fr\/index.php\/produit\/pull-apply-noir\/"]}]},{"@type":"BreadcrumbList","@id":"https:\/\/www.scott.fr\/index.php\/produit\/pull-apply-noir\/#breadcrumb","itemListElement":[{"@type":"ListItem","position":1,"name":"Accueil","item":"https:\/\/www.scott.fr\/"},{"@type":"ListItem","position":2,"name":"Produits","item":"https:\/\/www.scott.fr\/index.php\/shop\/"},{"@type":"ListItem","position":3,"name":"PULL APPLY NOIR"}]},{"@type":"WebSite","@id":"https:\/\/www.scott.fr\/#website","url":"https:\/\/www.scott.fr\/","name":"SCOTT","description":"Boutique de V\u00eatement Homme Femme et Enfant","publisher":{"@id":"https:\/\/www.scott.fr\/#organization"},"potentialAction":[{"@type":"SearchAction","target":{"@type":"EntryPoint","urlTemplate":"https:\/\/www.scott.fr\/?s={search_term_string}"},"query-input":"required name=search_term_string"}],"inLanguage":"fr-FR"},{"@type":"Organization","@id":"https:\/\/www.scott.fr\/#organization","name":"Scott","url":"https:\/\/www.scott.fr\/","logo":{"@type":"ImageObject","inLanguage":"fr-FR","@id":"https:\/\/www.scott.fr\/#\/schema\/logo\/image\/","url":"https:\/\/www.scott.fr\/wp-content\/uploads\/2021\/06\/Logo-Scott.png","contentUrl":"https:\/\/www.scott.fr\/wp-content\/uploads\/2021\/06\/Logo-Scott.png","width":1080,"height":680,"caption":"Scott"},"image":{"@id":"https:\/\/www.scott.fr\/#\/schema\/logo\/image\/"},"sameAs":["https:\/\/www.facebook.com\/ScottBrandFr\/","https:\/\/www.instagram.com\/scottbrandfr\/"]}]}},"_links":{"self":[{"href":"https:\/\/www.scott.fr\/index.php\/wp-json\/wp\/v2\/product\/19175"}],"collection":[{"href":"https:\/\/www.scott.fr\/index.php\/wp-json\/wp\/v2\/product"}],"about":[{"href":"https:\/\/www.scott.fr\/index.php\/wp-json\/wp\/v2\/types\/product"}],"replies":[{"embeddable":true,"href":"https:\/\/www.scott.fr\/index.php\/wp-json\/wp\/v2\/comments?post=19175"}],"version-history":[{"count":3,"href":"https:\/\/www.scott.fr\/index.php\/wp-json\/wp\/v2\/product\/19175\/revisions"}],"predecessor-version":[{"id":21239,"href":"https:\/\/www.scott.fr\/index.php\/wp-json\/wp\/v2\/product\/19175\/revisions\/21239"}],"wp:featuredmedia":[{"embeddable":true,"href":"https:\/\/www.scott.fr\/index.php\/wp-json\/wp\/v2\/media\/20076"}],"wp:attachment":[{"href":"https:\/\/www.scott.fr\/index.php\/wp-json\/wp\/v2\/media?parent=19175"}],"wp:term":[{"taxonomy":"product_cat","embeddable":true,"href":"https:\/\/www.scott.fr\/index.php\/wp-json\/wp\/v2\/product_cat?post=19175"},{"taxonomy":"product_tag","embeddable":true,"href":"https:\/\/www.scott.fr\/index.php\/wp-json\/wp\/v2\/product_tag?post=19175"}],"curies":[{"name":"wp","href":"https:\/\/api.w.org\/{rel}","templated":true}]}}