{"id":14776,"date":"2023-03-16T11:10:03","date_gmt":"2023-03-16T10:10:03","guid":{"rendered":"https:\/\/www.scott.fr\/?post_type=product&#038;p=14776"},"modified":"2025-09-25T14:57:05","modified_gmt":"2025-09-25T12:57:05","slug":"polo-kosan-bleu","status":"publish","type":"product","link":"https:\/\/www.scott.fr\/index.php\/produit\/polo-kosan-bleu\/","title":{"rendered":"POLO KOSAN BLEU MARINE"},"content":{"rendered":"<p>Avec ses manches longues et sa mati\u00e8re 100% coton, ce polo KOSAN interlock bleu marine promet confort et \u00e9l\u00e9gance \u00e0 la silhouette, le logo SCOTT brod\u00e9 \u00e0 la poitrine et la doublure \u00e0 rayures au niveau du col lui rajoutent ce look d\u00e9contract\u00e9 et chic \u00e0 la fois.<\/p>\n","protected":false},"excerpt":{"rendered":"<p>Avec ses manches longues et sa mati\u00e8re 100% coton, ce polo interlock bleu marine promet confort et \u00e9l\u00e9gance \u00e0 la silhouette. Le logo SCOTT brod\u00e9 \u00e0 la poitrine et la doublure \u00e0 rayures au niveau du col lui rajoutent ce look d\u00e9contract\u00e9 et chic \u00e0 la fois.<\/p>\n<p>Composition: 100% coton<br \/>\nLavage: en machine \u00e0 30\u00b0<br \/>\nLogo: SCOTT<br \/>\nMannequin mesure 1m80 porte la taille L<\/p>\n","protected":false},"featured_media":18653,"comment_status":"open","ping_status":"closed","template":"","meta":{"_monsterinsights_skip_tracking":false,"_monsterinsights_sitenote_active":false,"_monsterinsights_sitenote_note":"","_monsterinsights_sitenote_category":0,"_themeisle_gutenberg_block_has_review":false,"_kad_post_transparent":"default","_kad_post_title":"","_kad_post_layout":"default","_kad_post_sidebar_id":"","_kad_post_content_style":"default","_kad_post_vertical_padding":"default","_kad_post_feature":"","_kad_post_feature_position":"","_kad_post_header":false,"_kad_post_footer":false},"product_cat":[16,78,22],"product_tag":[],"acf":[],"yoast_head":"<!-- This site is optimized with the Yoast SEO plugin v20.8 - https:\/\/yoast.com\/wordpress\/plugins\/seo\/ -->\n<title>POLO KOSAN BLEU MARINE SCOTT<\/title>\n<meta name=\"description\" content=\"Avec ses manches longues et sa mati\u00e8re 100% coton, ce polo KOSAN interlock bleu marine promet confort et \u00e9l\u00e9gance \u00e0 la silhouette, le logo SCOTT brod\u00e9 \u00e0 la poitrine et la doublure \u00e0 rayures au niveau du col lui rajoutent ce look d\u00e9contract\u00e9 et chic \u00e0 la fois.\" \/>\n<meta name=\"robots\" content=\"index, follow, max-snippet:-1, max-image-preview:large, max-video-preview:-1\" \/>\n<link rel=\"canonical\" href=\"https:\/\/www.scott.fr\/index.php\/produit\/polo-kosan-bleu\/\" \/>\n<meta property=\"og:locale\" content=\"fr_FR\" \/>\n<meta property=\"og:type\" content=\"article\" \/>\n<meta property=\"og:title\" content=\"POLO KOSAN BLEU MARINE SCOTT\" \/>\n<meta property=\"og:description\" content=\"Avec ses manches longues et sa mati\u00e8re 100% coton, ce polo KOSAN interlock bleu marine promet confort et \u00e9l\u00e9gance \u00e0 la silhouette, le logo SCOTT brod\u00e9 \u00e0 la poitrine et la doublure \u00e0 rayures au niveau du col lui rajoutent ce look d\u00e9contract\u00e9 et chic \u00e0 la fois.\" \/>\n<meta property=\"og:url\" content=\"https:\/\/www.scott.fr\/index.php\/produit\/polo-kosan-bleu\/\" \/>\n<meta property=\"og:site_name\" content=\"SCOTT\" \/>\n<meta property=\"article:publisher\" content=\"https:\/\/www.facebook.com\/ScottBrandFr\/\" \/>\n<meta property=\"article:modified_time\" content=\"2025-09-25T12:57:05+00:00\" \/>\n<meta property=\"og:image\" content=\"https:\/\/www.scott.fr\/wp-content\/uploads\/2023\/03\/NaskoNavy01-removebg-preview.png\" \/>\n\t<meta property=\"og:image:width\" content=\"408\" \/>\n\t<meta property=\"og:image:height\" content=\"612\" \/>\n\t<meta property=\"og:image:type\" content=\"image\/png\" \/>\n<meta name=\"twitter:card\" content=\"summary_large_image\" \/>\n<meta name=\"twitter:label1\" content=\"Dur\u00e9e de lecture estim\u00e9e\" \/>\n\t<meta name=\"twitter:data1\" content=\"1 minute\" \/>\n<script type=\"application\/ld+json\" class=\"yoast-schema-graph\">{\"@context\":\"https:\/\/schema.org\",\"@graph\":[{\"@type\":\"WebPage\",\"@id\":\"https:\/\/www.scott.fr\/index.php\/produit\/polo-kosan-bleu\/\",\"url\":\"https:\/\/www.scott.fr\/index.php\/produit\/polo-kosan-bleu\/\",\"name\":\"POLO KOSAN BLEU MARINE SCOTT\",\"isPartOf\":{\"@id\":\"https:\/\/www.scott.fr\/#website\"},\"datePublished\":\"2023-03-16T10:10:03+00:00\",\"dateModified\":\"2025-09-25T12:57:05+00:00\",\"description\":\"Avec ses manches longues et sa mati\u00e8re 100% coton, ce polo KOSAN interlock bleu marine promet confort et \u00e9l\u00e9gance \u00e0 la silhouette, le logo SCOTT brod\u00e9 \u00e0 la poitrine et la doublure \u00e0 rayures au niveau du col lui rajoutent ce look d\u00e9contract\u00e9 et chic \u00e0 la fois.\",\"breadcrumb\":{\"@id\":\"https:\/\/www.scott.fr\/index.php\/produit\/polo-kosan-bleu\/#breadcrumb\"},\"inLanguage\":\"fr-FR\",\"potentialAction\":[{\"@type\":\"ReadAction\",\"target\":[\"https:\/\/www.scott.fr\/index.php\/produit\/polo-kosan-bleu\/\"]}]},{\"@type\":\"BreadcrumbList\",\"@id\":\"https:\/\/www.scott.fr\/index.php\/produit\/polo-kosan-bleu\/#breadcrumb\",\"itemListElement\":[{\"@type\":\"ListItem\",\"position\":1,\"name\":\"Accueil\",\"item\":\"https:\/\/www.scott.fr\/\"},{\"@type\":\"ListItem\",\"position\":2,\"name\":\"Produits\",\"item\":\"https:\/\/www.scott.fr\/index.php\/shop\/\"},{\"@type\":\"ListItem\",\"position\":3,\"name\":\"POLO KOSAN BLEU MARINE\"}]},{\"@type\":\"WebSite\",\"@id\":\"https:\/\/www.scott.fr\/#website\",\"url\":\"https:\/\/www.scott.fr\/\",\"name\":\"SCOTT\",\"description\":\"Boutique de V\u00eatement Homme Femme et Enfant\",\"publisher\":{\"@id\":\"https:\/\/www.scott.fr\/#organization\"},\"potentialAction\":[{\"@type\":\"SearchAction\",\"target\":{\"@type\":\"EntryPoint\",\"urlTemplate\":\"https:\/\/www.scott.fr\/?s={search_term_string}\"},\"query-input\":\"required name=search_term_string\"}],\"inLanguage\":\"fr-FR\"},{\"@type\":\"Organization\",\"@id\":\"https:\/\/www.scott.fr\/#organization\",\"name\":\"Scott\",\"url\":\"https:\/\/www.scott.fr\/\",\"logo\":{\"@type\":\"ImageObject\",\"inLanguage\":\"fr-FR\",\"@id\":\"https:\/\/www.scott.fr\/#\/schema\/logo\/image\/\",\"url\":\"https:\/\/www.scott.fr\/wp-content\/uploads\/2021\/06\/Logo-Scott.png\",\"contentUrl\":\"https:\/\/www.scott.fr\/wp-content\/uploads\/2021\/06\/Logo-Scott.png\",\"width\":1080,\"height\":680,\"caption\":\"Scott\"},\"image\":{\"@id\":\"https:\/\/www.scott.fr\/#\/schema\/logo\/image\/\"},\"sameAs\":[\"https:\/\/www.facebook.com\/ScottBrandFr\/\",\"https:\/\/www.instagram.com\/scottbrandfr\/\"]}]}<\/script>\n<!-- \/ Yoast SEO plugin. -->","yoast_head_json":{"title":"POLO KOSAN BLEU MARINE SCOTT","description":"Avec ses manches longues et sa mati\u00e8re 100% coton, ce polo KOSAN interlock bleu marine promet confort et \u00e9l\u00e9gance \u00e0 la silhouette, le logo SCOTT brod\u00e9 \u00e0 la poitrine et la doublure \u00e0 rayures au niveau du col lui rajoutent ce look d\u00e9contract\u00e9 et chic \u00e0 la fois.","robots":{"index":"index","follow":"follow","max-snippet":"max-snippet:-1","max-image-preview":"max-image-preview:large","max-video-preview":"max-video-preview:-1"},"canonical":"https:\/\/www.scott.fr\/index.php\/produit\/polo-kosan-bleu\/","og_locale":"fr_FR","og_type":"article","og_title":"POLO KOSAN BLEU MARINE SCOTT","og_description":"Avec ses manches longues et sa mati\u00e8re 100% coton, ce polo KOSAN interlock bleu marine promet confort et \u00e9l\u00e9gance \u00e0 la silhouette, le logo SCOTT brod\u00e9 \u00e0 la poitrine et la doublure \u00e0 rayures au niveau du col lui rajoutent ce look d\u00e9contract\u00e9 et chic \u00e0 la fois.","og_url":"https:\/\/www.scott.fr\/index.php\/produit\/polo-kosan-bleu\/","og_site_name":"SCOTT","article_publisher":"https:\/\/www.facebook.com\/ScottBrandFr\/","article_modified_time":"2025-09-25T12:57:05+00:00","og_image":[{"width":408,"height":612,"url":"https:\/\/www.scott.fr\/wp-content\/uploads\/2023\/03\/NaskoNavy01-removebg-preview.png","type":"image\/png"}],"twitter_card":"summary_large_image","twitter_misc":{"Dur\u00e9e de lecture estim\u00e9e":"1 minute"},"schema":{"@context":"https:\/\/schema.org","@graph":[{"@type":"WebPage","@id":"https:\/\/www.scott.fr\/index.php\/produit\/polo-kosan-bleu\/","url":"https:\/\/www.scott.fr\/index.php\/produit\/polo-kosan-bleu\/","name":"POLO KOSAN BLEU MARINE SCOTT","isPartOf":{"@id":"https:\/\/www.scott.fr\/#website"},"datePublished":"2023-03-16T10:10:03+00:00","dateModified":"2025-09-25T12:57:05+00:00","description":"Avec ses manches longues et sa mati\u00e8re 100% coton, ce polo KOSAN interlock bleu marine promet confort et \u00e9l\u00e9gance \u00e0 la silhouette, le logo SCOTT brod\u00e9 \u00e0 la poitrine et la doublure \u00e0 rayures au niveau du col lui rajoutent ce look d\u00e9contract\u00e9 et chic \u00e0 la fois.","breadcrumb":{"@id":"https:\/\/www.scott.fr\/index.php\/produit\/polo-kosan-bleu\/#breadcrumb"},"inLanguage":"fr-FR","potentialAction":[{"@type":"ReadAction","target":["https:\/\/www.scott.fr\/index.php\/produit\/polo-kosan-bleu\/"]}]},{"@type":"BreadcrumbList","@id":"https:\/\/www.scott.fr\/index.php\/produit\/polo-kosan-bleu\/#breadcrumb","itemListElement":[{"@type":"ListItem","position":1,"name":"Accueil","item":"https:\/\/www.scott.fr\/"},{"@type":"ListItem","position":2,"name":"Produits","item":"https:\/\/www.scott.fr\/index.php\/shop\/"},{"@type":"ListItem","position":3,"name":"POLO KOSAN BLEU MARINE"}]},{"@type":"WebSite","@id":"https:\/\/www.scott.fr\/#website","url":"https:\/\/www.scott.fr\/","name":"SCOTT","description":"Boutique de V\u00eatement Homme Femme et Enfant","publisher":{"@id":"https:\/\/www.scott.fr\/#organization"},"potentialAction":[{"@type":"SearchAction","target":{"@type":"EntryPoint","urlTemplate":"https:\/\/www.scott.fr\/?s={search_term_string}"},"query-input":"required name=search_term_string"}],"inLanguage":"fr-FR"},{"@type":"Organization","@id":"https:\/\/www.scott.fr\/#organization","name":"Scott","url":"https:\/\/www.scott.fr\/","logo":{"@type":"ImageObject","inLanguage":"fr-FR","@id":"https:\/\/www.scott.fr\/#\/schema\/logo\/image\/","url":"https:\/\/www.scott.fr\/wp-content\/uploads\/2021\/06\/Logo-Scott.png","contentUrl":"https:\/\/www.scott.fr\/wp-content\/uploads\/2021\/06\/Logo-Scott.png","width":1080,"height":680,"caption":"Scott"},"image":{"@id":"https:\/\/www.scott.fr\/#\/schema\/logo\/image\/"},"sameAs":["https:\/\/www.facebook.com\/ScottBrandFr\/","https:\/\/www.instagram.com\/scottbrandfr\/"]}]}},"_links":{"self":[{"href":"https:\/\/www.scott.fr\/index.php\/wp-json\/wp\/v2\/product\/14776"}],"collection":[{"href":"https:\/\/www.scott.fr\/index.php\/wp-json\/wp\/v2\/product"}],"about":[{"href":"https:\/\/www.scott.fr\/index.php\/wp-json\/wp\/v2\/types\/product"}],"replies":[{"embeddable":true,"href":"https:\/\/www.scott.fr\/index.php\/wp-json\/wp\/v2\/comments?post=14776"}],"version-history":[{"count":8,"href":"https:\/\/www.scott.fr\/index.php\/wp-json\/wp\/v2\/product\/14776\/revisions"}],"predecessor-version":[{"id":23456,"href":"https:\/\/www.scott.fr\/index.php\/wp-json\/wp\/v2\/product\/14776\/revisions\/23456"}],"wp:featuredmedia":[{"embeddable":true,"href":"https:\/\/www.scott.fr\/index.php\/wp-json\/wp\/v2\/media\/18653"}],"wp:attachment":[{"href":"https:\/\/www.scott.fr\/index.php\/wp-json\/wp\/v2\/media?parent=14776"}],"wp:term":[{"taxonomy":"product_cat","embeddable":true,"href":"https:\/\/www.scott.fr\/index.php\/wp-json\/wp\/v2\/product_cat?post=14776"},{"taxonomy":"product_tag","embeddable":true,"href":"https:\/\/www.scott.fr\/index.php\/wp-json\/wp\/v2\/product_tag?post=14776"}],"curies":[{"name":"wp","href":"https:\/\/api.w.org\/{rel}","templated":true}]}}