{"id":31,"date":"2019-05-24T15:05:24","date_gmt":"2019-05-24T13:05:24","guid":{"rendered":"http:\/\/www.scott.fr\/?page_id=31"},"modified":"2021-10-13T17:39:19","modified_gmt":"2021-10-13T15:39:19","slug":"notre-histoire","status":"publish","type":"page","link":"https:\/\/www.scott.fr\/index.php\/notre-histoire\/","title":{"rendered":"Notre histoire"},"content":{"rendered":"\t\t<div data-elementor-type=\"wp-post\" data-elementor-id=\"31\" class=\"elementor elementor-31\">\n\t\t\t\t\t\t<div class=\"elementor-inner\">\n\t\t\t\t<div class=\"elementor-section-wrap\">\n\t\t\t\t\t\t\t\t\t<section class=\"elementor-section elementor-top-section elementor-element elementor-element-e1551ac elementor-section-boxed elementor-section-height-default elementor-section-height-default\" data-id=\"e1551ac\" data-element_type=\"section\">\n\t\t\t\t\t\t<div class=\"elementor-container elementor-column-gap-default\">\n\t\t\t\t\t\t\t<div class=\"elementor-row\">\n\t\t\t\t\t<div class=\"elementor-column elementor-col-100 elementor-top-column elementor-element elementor-element-ba8df16\" data-id=\"ba8df16\" data-element_type=\"column\">\n\t\t\t<div class=\"elementor-column-wrap elementor-element-populated\">\n\t\t\t\t\t\t\t<div class=\"elementor-widget-wrap\">\n\t\t\t\t\t\t<div class=\"elementor-element elementor-element-f3917d5 elementor-widget elementor-widget-text-editor\" data-id=\"f3917d5\" data-element_type=\"widget\" data-widget_type=\"text-editor.default\">\n\t\t\t\t<div class=\"elementor-widget-container\">\n\t\t\t\t\t\t\t\t<div class=\"elementor-text-editor elementor-clearfix\">\n\t\t\t\t<p>SCOTT est une marque Fran\u00e7aise d\u00e9pos\u00e9 en 1977.<\/p><p>A l&#8217;origine cr\u00e9e par un tailleur pour proposer des costumes et chemises \u00e9l\u00e9gants de qualit\u00e9 \u00e0 des prix abordables.<\/p><p>C\u2019est lors d\u2019une randonn\u00e9e en Alaska, que l\u2019id\u00e9e est n\u00e9e de de faire \u00e9voluer la marque en proposant des v\u00eatements pratiques, fonctionnels sport et de qualit\u00e9.<\/p><p>C\u2019est ainsi qu\u2019en 1987\u00a0 SCOTT a fait peau neuve, avec la volont\u00e9 de proposer des v\u00eatements adapt\u00e9s aux activit\u00e9s outdoor.<\/p><p>Tr\u00e8s vite la passion est devenue une destination exceptionnelle pour ceux qui sont \u00e0 la recherche de v\u00eatements et accessoires pouvant refl\u00e9ter leur style, leurs passions et leur mode de vie.<\/p><p>Aujourd\u2019hui nos \u00e9quipes \u00e9tudient les contraintes de chaque environnement outdoor pour proposer \u00e0 notre client\u00e8le les produits id\u00e9aux pour des excursions occasionnelles en montagne, \u00e0 la mer ou en milieu urbain, sans oublier l&#8217;\u00e9l\u00e9gance originelle de la marque.<\/p><p>Le r\u00e9sultat : un assortiment unique compos\u00e9 de v\u00eatements pour tous allant du simple tee-shirt \u00e0 la doudoune technique en passant par des pulls, des polaires, des sweats, des polos \u2026. Dans un style tendance outdoor, le tout design\u00e9 en France\u00a0!<\/p><p>Cr\u00e9ativit\u00e9, passion et sens du d\u00e9tail sont les ma\u00eetres mots de nos engagements, afin de b\u00e2tir notre succ\u00e8s en pla\u00e7ant notre client\u00e8le au centre de tous nos projets.<\/p><p>C\u2019est pourquoi SCOTT est en mesure de vous offrir une gamme tr\u00e8s large et vari\u00e9e de produit de haute qualit\u00e9 \u00e0 des prix comp\u00e9titifs, tout en garantissant \u00e0 nos consommateurs une totale transparence au sujet de la conception de nos produits.<\/p><p>L\u2019\u00e9quipe SCOTT<\/p>\t\t\t\t\t<\/div>\n\t\t\t\t\t\t<\/div>\n\t\t\t\t<\/div>\n\t\t\t\t\t\t<\/div>\n\t\t\t\t\t<\/div>\n\t\t<\/div>\n\t\t\t\t\t\t\t\t<\/div>\n\t\t\t\t\t<\/div>\n\t\t<\/section>\n\t\t\t\t<section class=\"elementor-section elementor-top-section elementor-element elementor-element-2565ebc elementor-section-boxed elementor-section-height-default elementor-section-height-default\" data-id=\"2565ebc\" data-element_type=\"section\">\n\t\t\t\t\t\t<div class=\"elementor-container elementor-column-gap-default\">\n\t\t\t\t\t\t\t<div class=\"elementor-row\">\n\t\t\t\t\t<div class=\"elementor-column elementor-col-100 elementor-top-column elementor-element elementor-element-14576e1\" data-id=\"14576e1\" data-element_type=\"column\">\n\t\t\t<div class=\"elementor-column-wrap elementor-element-populated\">\n\t\t\t\t\t\t\t<div class=\"elementor-widget-wrap\">\n\t\t\t\t\t\t<div class=\"elementor-element elementor-element-a031452 elementor-widget elementor-widget-video\" data-id=\"a031452\" data-element_type=\"widget\" data-settings=\"{&quot;video_type&quot;:&quot;hosted&quot;,&quot;autoplay&quot;:&quot;yes&quot;,&quot;mute&quot;:&quot;yes&quot;,&quot;loop&quot;:&quot;yes&quot;}\" data-widget_type=\"video.default\">\n\t\t\t\t<div class=\"elementor-widget-container\">\n\t\t\t\t\t<div class=\"e-hosted-video elementor-wrapper elementor-open-inline\">\n\t\t\t\t\t<video class=\"elementor-video\" src=\"https:\/\/www.scott.fr\/wp-content\/uploads\/2021\/10\/VID_20210920_144720.mp4\" autoplay=\"\" loop=\"\" muted=\"muted\" controlsList=\"nodownload\"><\/video>\n\t\t\t\t<\/div>\n\t\t\t\t<\/div>\n\t\t\t\t<\/div>\n\t\t\t\t\t\t<\/div>\n\t\t\t\t\t<\/div>\n\t\t<\/div>\n\t\t\t\t\t\t\t\t<\/div>\n\t\t\t\t\t<\/div>\n\t\t<\/section>\n\t\t\t\t\t\t\t\t\t<\/div>\n\t\t\t<\/div>\n\t\t\t\t\t<\/div>\n\t\t","protected":false},"excerpt":{"rendered":"<p>SCOTT est une marque Fran\u00e7aise d\u00e9pos\u00e9 en 1977. A l&#8217;origine cr\u00e9e par un tailleur pour proposer des costumes et chemises \u00e9l\u00e9gants de qualit\u00e9 \u00e0 des prix abordables. C\u2019est lors d\u2019une randonn\u00e9e en Alaska, que l\u2019id\u00e9e est n\u00e9e de de faire \u00e9voluer la marque en proposant des v\u00eatements pratiques, fonctionnels sport et de qualit\u00e9. C\u2019est ainsi&#8230;<\/p>\n","protected":false},"author":1,"featured_media":0,"parent":0,"menu_order":0,"comment_status":"closed","ping_status":"closed","template":"","meta":{"_monsterinsights_skip_tracking":false,"_monsterinsights_sitenote_active":false,"_monsterinsights_sitenote_note":"","_monsterinsights_sitenote_category":0,"_themeisle_gutenberg_block_has_review":false,"_kad_post_transparent":"","_kad_post_title":"","_kad_post_layout":"","_kad_post_sidebar_id":"","_kad_post_content_style":"","_kad_post_vertical_padding":"","_kad_post_feature":"","_kad_post_feature_position":"","_kad_post_header":false,"_kad_post_footer":false},"acf":[],"yoast_head":"<!-- This site is optimized with the Yoast SEO plugin v20.8 - https:\/\/yoast.com\/wordpress\/plugins\/seo\/ -->\n<title>Notre histoire - SCOTT<\/title>\n<meta name=\"description\" content=\"v\u00eatements, Homme, Femme, Enfants, veste, blouson, Jacket, polo, t-shirt, pull, trench, outoor, casual, scott\" \/>\n<meta name=\"robots\" content=\"index, follow, max-snippet:-1, max-image-preview:large, max-video-preview:-1\" \/>\n<link rel=\"canonical\" href=\"https:\/\/www.scott.fr\/index.php\/notre-histoire\/\" \/>\n<meta property=\"og:locale\" content=\"fr_FR\" \/>\n<meta property=\"og:type\" content=\"article\" \/>\n<meta property=\"og:title\" content=\"Notre histoire - SCOTT\" \/>\n<meta property=\"og:description\" content=\"v\u00eatements, Homme, Femme, Enfants, veste, blouson, Jacket, polo, t-shirt, pull, trench, outoor, casual, scott\" \/>\n<meta property=\"og:url\" content=\"https:\/\/www.scott.fr\/index.php\/notre-histoire\/\" \/>\n<meta property=\"og:site_name\" content=\"SCOTT\" \/>\n<meta property=\"article:publisher\" content=\"https:\/\/www.facebook.com\/ScottBrandFr\/\" \/>\n<meta property=\"article:modified_time\" content=\"2021-10-13T15:39:19+00:00\" \/>\n<meta name=\"twitter:card\" content=\"summary_large_image\" \/>\n<meta name=\"twitter:label1\" content=\"Dur\u00e9e de lecture estim\u00e9e\" \/>\n\t<meta name=\"twitter:data1\" content=\"1 minute\" \/>\n<script type=\"application\/ld+json\" class=\"yoast-schema-graph\">{\"@context\":\"https:\/\/schema.org\",\"@graph\":[{\"@type\":\"WebPage\",\"@id\":\"https:\/\/www.scott.fr\/index.php\/notre-histoire\/\",\"url\":\"https:\/\/www.scott.fr\/index.php\/notre-histoire\/\",\"name\":\"Notre histoire - SCOTT\",\"isPartOf\":{\"@id\":\"https:\/\/www.scott.fr\/#website\"},\"datePublished\":\"2019-05-24T13:05:24+00:00\",\"dateModified\":\"2021-10-13T15:39:19+00:00\",\"description\":\"v\u00eatements, Homme, Femme, Enfants, veste, blouson, Jacket, polo, t-shirt, pull, trench, outoor, casual, scott\",\"breadcrumb\":{\"@id\":\"https:\/\/www.scott.fr\/index.php\/notre-histoire\/#breadcrumb\"},\"inLanguage\":\"fr-FR\",\"potentialAction\":[{\"@type\":\"ReadAction\",\"target\":[\"https:\/\/www.scott.fr\/index.php\/notre-histoire\/\"]}]},{\"@type\":\"BreadcrumbList\",\"@id\":\"https:\/\/www.scott.fr\/index.php\/notre-histoire\/#breadcrumb\",\"itemListElement\":[{\"@type\":\"ListItem\",\"position\":1,\"name\":\"Accueil\",\"item\":\"https:\/\/www.scott.fr\/\"},{\"@type\":\"ListItem\",\"position\":2,\"name\":\"Notre histoire\"}]},{\"@type\":\"WebSite\",\"@id\":\"https:\/\/www.scott.fr\/#website\",\"url\":\"https:\/\/www.scott.fr\/\",\"name\":\"SCOTT\",\"description\":\"Boutique de V\u00eatement Homme Femme et Enfant\",\"publisher\":{\"@id\":\"https:\/\/www.scott.fr\/#organization\"},\"potentialAction\":[{\"@type\":\"SearchAction\",\"target\":{\"@type\":\"EntryPoint\",\"urlTemplate\":\"https:\/\/www.scott.fr\/?s={search_term_string}\"},\"query-input\":\"required name=search_term_string\"}],\"inLanguage\":\"fr-FR\"},{\"@type\":\"Organization\",\"@id\":\"https:\/\/www.scott.fr\/#organization\",\"name\":\"Scott\",\"url\":\"https:\/\/www.scott.fr\/\",\"logo\":{\"@type\":\"ImageObject\",\"inLanguage\":\"fr-FR\",\"@id\":\"https:\/\/www.scott.fr\/#\/schema\/logo\/image\/\",\"url\":\"https:\/\/www.scott.fr\/wp-content\/uploads\/2021\/06\/Logo-Scott.png\",\"contentUrl\":\"https:\/\/www.scott.fr\/wp-content\/uploads\/2021\/06\/Logo-Scott.png\",\"width\":1080,\"height\":680,\"caption\":\"Scott\"},\"image\":{\"@id\":\"https:\/\/www.scott.fr\/#\/schema\/logo\/image\/\"},\"sameAs\":[\"https:\/\/www.facebook.com\/ScottBrandFr\/\",\"https:\/\/www.instagram.com\/scottbrandfr\/\"]}]}<\/script>\n<!-- \/ Yoast SEO plugin. -->","yoast_head_json":{"title":"Notre histoire - SCOTT","description":"v\u00eatements, Homme, Femme, Enfants, veste, blouson, Jacket, polo, t-shirt, pull, trench, outoor, casual, scott","robots":{"index":"index","follow":"follow","max-snippet":"max-snippet:-1","max-image-preview":"max-image-preview:large","max-video-preview":"max-video-preview:-1"},"canonical":"https:\/\/www.scott.fr\/index.php\/notre-histoire\/","og_locale":"fr_FR","og_type":"article","og_title":"Notre histoire - SCOTT","og_description":"v\u00eatements, Homme, Femme, Enfants, veste, blouson, Jacket, polo, t-shirt, pull, trench, outoor, casual, scott","og_url":"https:\/\/www.scott.fr\/index.php\/notre-histoire\/","og_site_name":"SCOTT","article_publisher":"https:\/\/www.facebook.com\/ScottBrandFr\/","article_modified_time":"2021-10-13T15:39:19+00:00","twitter_card":"summary_large_image","twitter_misc":{"Dur\u00e9e de lecture estim\u00e9e":"1 minute"},"schema":{"@context":"https:\/\/schema.org","@graph":[{"@type":"WebPage","@id":"https:\/\/www.scott.fr\/index.php\/notre-histoire\/","url":"https:\/\/www.scott.fr\/index.php\/notre-histoire\/","name":"Notre histoire - SCOTT","isPartOf":{"@id":"https:\/\/www.scott.fr\/#website"},"datePublished":"2019-05-24T13:05:24+00:00","dateModified":"2021-10-13T15:39:19+00:00","description":"v\u00eatements, Homme, Femme, Enfants, veste, blouson, Jacket, polo, t-shirt, pull, trench, outoor, casual, scott","breadcrumb":{"@id":"https:\/\/www.scott.fr\/index.php\/notre-histoire\/#breadcrumb"},"inLanguage":"fr-FR","potentialAction":[{"@type":"ReadAction","target":["https:\/\/www.scott.fr\/index.php\/notre-histoire\/"]}]},{"@type":"BreadcrumbList","@id":"https:\/\/www.scott.fr\/index.php\/notre-histoire\/#breadcrumb","itemListElement":[{"@type":"ListItem","position":1,"name":"Accueil","item":"https:\/\/www.scott.fr\/"},{"@type":"ListItem","position":2,"name":"Notre histoire"}]},{"@type":"WebSite","@id":"https:\/\/www.scott.fr\/#website","url":"https:\/\/www.scott.fr\/","name":"SCOTT","description":"Boutique de V\u00eatement Homme Femme et Enfant","publisher":{"@id":"https:\/\/www.scott.fr\/#organization"},"potentialAction":[{"@type":"SearchAction","target":{"@type":"EntryPoint","urlTemplate":"https:\/\/www.scott.fr\/?s={search_term_string}"},"query-input":"required name=search_term_string"}],"inLanguage":"fr-FR"},{"@type":"Organization","@id":"https:\/\/www.scott.fr\/#organization","name":"Scott","url":"https:\/\/www.scott.fr\/","logo":{"@type":"ImageObject","inLanguage":"fr-FR","@id":"https:\/\/www.scott.fr\/#\/schema\/logo\/image\/","url":"https:\/\/www.scott.fr\/wp-content\/uploads\/2021\/06\/Logo-Scott.png","contentUrl":"https:\/\/www.scott.fr\/wp-content\/uploads\/2021\/06\/Logo-Scott.png","width":1080,"height":680,"caption":"Scott"},"image":{"@id":"https:\/\/www.scott.fr\/#\/schema\/logo\/image\/"},"sameAs":["https:\/\/www.facebook.com\/ScottBrandFr\/","https:\/\/www.instagram.com\/scottbrandfr\/"]}]}},"_links":{"self":[{"href":"https:\/\/www.scott.fr\/index.php\/wp-json\/wp\/v2\/pages\/31"}],"collection":[{"href":"https:\/\/www.scott.fr\/index.php\/wp-json\/wp\/v2\/pages"}],"about":[{"href":"https:\/\/www.scott.fr\/index.php\/wp-json\/wp\/v2\/types\/page"}],"author":[{"embeddable":true,"href":"https:\/\/www.scott.fr\/index.php\/wp-json\/wp\/v2\/users\/1"}],"replies":[{"embeddable":true,"href":"https:\/\/www.scott.fr\/index.php\/wp-json\/wp\/v2\/comments?post=31"}],"version-history":[{"count":16,"href":"https:\/\/www.scott.fr\/index.php\/wp-json\/wp\/v2\/pages\/31\/revisions"}],"predecessor-version":[{"id":10948,"href":"https:\/\/www.scott.fr\/index.php\/wp-json\/wp\/v2\/pages\/31\/revisions\/10948"}],"wp:attachment":[{"href":"https:\/\/www.scott.fr\/index.php\/wp-json\/wp\/v2\/media?parent=31"}],"curies":[{"name":"wp","href":"https:\/\/api.w.org\/{rel}","templated":true}]}}