{"id":3,"date":"2019-05-24T11:45:32","date_gmt":"2019-05-24T09:45:32","guid":{"rendered":"http:\/\/www.scott.fr\/?page_id=3"},"modified":"2019-05-28T13:23:46","modified_gmt":"2019-05-28T11:23:46","slug":"politique-de-confidentialite","status":"publish","type":"page","link":"https:\/\/www.scott.fr\/index.php\/politique-de-confidentialite\/","title":{"rendered":"Politique de confidentialit\u00e9"},"content":{"rendered":"\n<p>Bifratex responsable du traitement de vos Donn\u00e9es Personnelles prend tr\u00e8s au s\u00e9rieux la vie priv\u00e9e de toute personne qui visite notre boutique en ligne et plus largement de toute personne qui nous transmet des Donn\u00e9es Personnelles (terme d\u00e9fini ci-apr\u00e8s) la concernant, \u00e0 l\u2019occasion d\u2019un contact avec notre marque.<\/p>\n\n\n\n<p>Nous\ntraiterons toujours vos Donn\u00e9es Personnelles conform\u00e9ment \u00e0 la\nr\u00e9glementation applicable en France et dans l\u2019Union europ\u00e9enne\ndans le domaine de la protection des donn\u00e9es \u00e0 caract\u00e8re personnel\n(\u00ab r\u00e9glementation Informatique et libert\u00e9s \u00bb), incluant notamment\n:<\/p>\n\n\n\n<p>la\nloi relative \u00e0 l\u2019informatique, aux fichiers et aux libert\u00e9s n\u00b0\n78-17 du 6 janvier 1978 modifi\u00e9e et ses \u00e9ventuelles mises \u00e0 jour ;<\/p>\n\n\n\n<p>la\nDirective 95\/46\/CE du Parlement europ\u00e9en et du Conseil, du 24\noctobre 1995, relative \u00e0 la protection des personnes physiques \u00e0\nl\u2019\u00e9gard du traitement des donn\u00e9es \u00e0 caract\u00e8re personnel et \u00e0\nla libre circulation de ces donn\u00e9es, applicable jusqu\u2019au 25 mai\n2018 ;<\/p>\n\n\n\n<p>le\nR\u00e8glement (UE) 2016\/679 du Parlement europ\u00e9en et du Conseil du 27\navril 2016 (r\u00e8glement g\u00e9n\u00e9ral sur la protection des donn\u00e9es)\nabrogeant la Directive 95\/46\/CE, applicable \u00e0 partir du 25 mai 2018\n;<\/p>\n\n\n\n<p>le\ncas \u00e9ch\u00e9ant, les textes adopt\u00e9s au sein de l\u2019Union europ\u00e9enne\net les lois locales susceptibles de s\u2019appliquer aux donn\u00e9es \u00e0\ncaract\u00e8re personnel trait\u00e9es dans le cadre du Contrat ;<\/p>\n\n\n\n<p>les\ntextes et d\u00e9cisions \u00e9manant d\u2019autorit\u00e9s de contr\u00f4le, notamment\nde la Commission nationale de l\u2019Informatique et des libert\u00e9s\n(Cnil) ;<\/p>\n\n\n\n<p>La\npr\u00e9sente politique de protection de la vie priv\u00e9e fait partie\nint\u00e9grante de nos Conditions G\u00e9n\u00e9rales de Vente qui peuvent \u00eatre\nconsult\u00e9es en cliquant ici. En utilisant le Site Web, en passant des\ncommandes, en achetant dans les Boutiques, en contactant notre\nservice clients ou en vous inscrivant dans notre base de prospects,\nvous acceptez explicitement l\u2019utilisation de vos Donn\u00e9es\nPersonnelles en accord avec cette politique de protection de la vie\npriv\u00e9e. Cette m\u00eame politique de protection de la vie priv\u00e9e\ns\u2019applique \u00e0 chaque fois que vous nous transmettez vos Donn\u00e9es\nPersonnelles et \u00e0 tous les traitements que nous pouvons r\u00e9aliser\nsur ces derni\u00e8res.<\/p>\n\n\n\n<p>#1\nVos donn\u00e9es personnelles<\/p>\n\n\n\n<p>Le\nterme \u00ab Donn\u00e9es Personnelles \u00bb d\u00e9signe toute information vous\nconcernant qui vous rend directement ou indirectement personnellement\nidentifiable, notamment vos nom, pr\u00e9nom, adresse, num\u00e9ro de\nt\u00e9l\u00e9phone, adresse de courriel, donn\u00e9es bancaires, identifiant,\nmot de passe, cookies, adresse IP et autres informations qui\npermettent votre identification et que vous mettez \u00e0 notre\ndisposition \u00e0 tout moment.<\/p>\n\n\n\n<p>#2\nLa collecte de vos donn\u00e9es personnelles<\/p>\n\n\n\n<p>Nous\npouvons collecter vos Donn\u00e9es Personnelles lorsque :<\/p>\n\n\n\n<p>vous visitez le Site Web ;<\/p>\n\n\n\n<p>vous cr\u00e9ez un compte client sur le Site Web ;<\/p>\n\n\n\n<p>vous\npassez une commande sur e Site Web par vos propres moyens ;<\/p>\n\n\n\n<p>vous\npassez une commande par t\u00e9l\u00e9phone ;<\/p>\n\n\n\n<p>vous\nvous inscrivez \u00e0 la Newsletter Scott ;<\/p>\n\n\n\n<p>vous\nenvoyez une r\u00e9clamation, posez une question ou nous faites parvenir\ntoute autre remarque ;<\/p>\n\n\n\n<p>vous\nnous communiquez vos Donn\u00e9es Personnelles sur le Site Web ou de\nquelque fa\u00e7on que ce soit.<\/p>\n\n\n\n<p>Nous\nutilisons par ailleurs des \u00ab Cookies \u00bb (t\u00e9moins), tel que cela est\nexpliqu\u00e9 \u00e0 la Section 8 ci-apr\u00e8s. Lorsque la collecte de certaines\nDonn\u00e9es Personnelles est n\u00e9cessaire pour les finalit\u00e9s figurant \u00e0\nla Section 3 ci-apr\u00e8s, nous vous le ferons savoir, \u00e9tant entendu\nque si vous ne nous fournissez pas ces renseignements, nous ne serons\npas en mesure de r\u00e9pondre \u00e0 ces finalit\u00e9s.<\/p>\n\n\n\n<p>#3\nLe traitement de vos donn\u00e9es personnelles<\/p>\n\n\n\n<p>Nous\npouvons \u00eatre amen\u00e9s \u00e0 traiter vos Donn\u00e9es Personnelles pour\nsatisfaire aux finalit\u00e9s suivantes :<\/p>\n\n\n\n<p>traiter\net ex\u00e9cuter les commandes que vous passez par le Site Web y compris\nla gestion de vos paiements ;<\/p>\n\n\n\n<p>traiter\net r\u00e9soudre toutes vos r\u00e9clamations ou questions relatives \u00e0 vos\ncommandes pass\u00e9es ou futures, \u00e0 votre compte client ou \u00e0 notre\nmarque ;<\/p>\n\n\n\n<p>suivre,\nd\u00e9velopper et am\u00e9liorer le Site Web et votre utilisation du Site\nWeb ;<\/p>\n\n\n\n<p>g\u00e9rer\nla cr\u00e9ation et la maintenance de votre compte client, notamment en\nvous proposant de nouvelles fonctionnalit\u00e9s ou de nouveaux services\n;<\/p>\n\n\n\n<p>vous\nenvoyer des informations et des offres commerciales, concernant des\nproduits et services existants ou nouveaux en relation avec la marque\nScott et son univers ;<\/p>\n\n\n\n<p>vous\nproposer un service et des offres personnalis\u00e9s, par e-mail et sur\nle Site Web.<\/p>\n\n\n\n<p>#4\nNewsletters<\/p>\n\n\n\n<p>Vous\npouvez vous inscrire \u00e0 la Newsletter Scott et ainsi choisir d\u2019\u00eatre\ninform\u00e9s, \u00e0 intervalle r\u00e9gulier des offres propos\u00e9es sur le Site\nWeb, et \/ ou par nos partenaires.<\/p>\n\n\n\n<p>Vous\navez \u00e0 tout moment la possibilit\u00e9 de vous d\u00e9sabonner en cliquant\nsur le lien pr\u00e9vu \u00e0 cet effet situ\u00e9 en haut de chacune des\nnewsletters.<\/p>\n\n\n\n<p>#5\nLa transmission de vos donn\u00e9es personnelles<\/p>\n\n\n\n<p>Nous\npouvons \u00eatre amen\u00e9s \u00e0 transmettre vos Donn\u00e9es Personnelles :<\/p>\n\n\n\n<p>aux\ndiff\u00e9rents prestataires de la soci\u00e9t\u00e9 Bifratex qui pourront\nutiliser vos Donn\u00e9es Personnelles pour vous envoyer des informations\net des offres commerciales, concernant des produits Scott existants\nou nouveaux ;<\/p>\n\n\n\n<p>\u00e0\ncertains de nos prestataires qui nous aident \u00e0 ex\u00e9cuter votre\ncommande, livrer vos produits, percevoir votre paiement, vous envoyer\ndes informations et des offres commerciales, et analyser votre\nutilisation du Site Web, en vue d\u2019am\u00e9liorer la qualit\u00e9 et\nl\u2019efficacit\u00e9 du Site Web , \u00e9tant entendu que lesdits prestataires\nsont tenus par contrat \u00e0 la confidentialit\u00e9 ainsi qu\u2019au respect\ndes lois en vigueur concernant la protection de vos Donn\u00e9es\nPersonnelles.<\/p>\n\n\n\n<p>#6\nVos droits<\/p>\n\n\n\n<p>En\napplication de la l\u00e9gislation en vigueur, vous disposez d\u2019un droit\nd\u2019acc\u00e8s, de rectification ou d\u2019effacement, de limitation du\ntraitement de vos donn\u00e9es, d\u2019un droit d\u2019opposition, d\u2019un droit\n\u00e0 la portabilit\u00e9 de vos donn\u00e9es ainsi que du droit de d\u00e9finir des\ndirectives relatives au sort de vos donn\u00e9es apr\u00e8s votre d\u00e9c\u00e8s,\nqui s\u2019exercent par courrier \u00e9lectronique \u00e0 contact@scott.fr .<\/p>\n\n\n\n<p>#7\nLa s\u00e9curit\u00e9 des donn\u00e9es<\/p>\n\n\n\n<p>Nous\navons mis en place et assurons la maintenance de toutes les\nprotections adapt\u00e9es garantissant que nos proc\u00e9dures internes en\nmati\u00e8re de s\u00e9curit\u00e9 de vos Donn\u00e9es Personnelles sont conformes\naux r\u00e9glementations en vigueur. Nous faisons \u00e9galement tous les\nefforts n\u00e9cessaires pour assurer que les tiers qui travaillent avec\nnous, sous contrat, en tant que prestataires, pour rendre ce Site Web\net son contenu disponibles pour vous et pour ex\u00e9cuter vos commandes,\nassurent une protection ad\u00e9quate des Donn\u00e9es Personnelles\nauxquelles ils ont acc\u00e8s. Nous limitons l\u2019acc\u00e8s aux Donn\u00e9es\nPersonnelles vous concernant \u00e0 des employ\u00e9s soumis \u00e0 des\nobligations de confidentialit\u00e9 adapt\u00e9es, et dont nous pensons que\nleur contact avec ces Donn\u00e9es Personnelles est justifi\u00e9 dans le\ncadre de leurs attributions et\/ou pour vous fournir des produits et\nservices.<\/p>\n\n\n\n<p>Nous\nproc\u00e9derons \u00e0 toutes les d\u00e9marches n\u00e9cessaires pour assurer le\ntraitement s\u00e9curis\u00e9 de vos Donn\u00e9es Personnelles. Nous prendrons\nplus particuli\u00e8rement des mesures de pr\u00e9caution pour prot\u00e9ger vos\nDonn\u00e9es Personnelles contre des pertes ou abus, et nous utiliserons\ndes proc\u00e9dures de s\u00e9curit\u00e9 pour emp\u00eacher tout acc\u00e8s non autoris\u00e9\n\u00e0 ces Donn\u00e9es Personnelles. Toutes les Donn\u00e9es Personnelles que\nnous collectons sont stock\u00e9es sur un serveur offrant toutes les\ngaranties de s\u00e9curit\u00e9 et sont conserv\u00e9es pendant une dur\u00e9e\nn\u2019exc\u00e9dant pas la dur\u00e9e n\u00e9cessaire \u00e0 la r\u00e9alisation des\nobjectifs figurant \u00e0 la Section 3 ci-avant.<\/p>\n\n\n\n<p>#8\nCookies (t\u00e9moins)<\/p>\n\n\n\n<p>Lorsque\nvous visitez le Site Web, nous placerons \u00e9ventuellement de petites\ninformations sur votre ordinateur connues sous le nom de \u00ab cookies\n\u00bb, qui seront stock\u00e9es par votre navigateur sur votre disque dur.\nLes cookies nous aident de diff\u00e9rentes fa\u00e7ons. Nous utilisons des\ncookies pour nous permettre de mieux agencer le Site Web ou\nl\u2019information concernant nos produits et pour rendre cette\ninformation plus pertinente au regard de vos int\u00e9r\u00eats ou de vos\npr\u00e9f\u00e9rences.<\/p>\n\n\n\n<p>Nous\npouvons utiliser les quatre types de cookies suivants:<\/p>\n\n\n\n<p>Des\ncookies techniques relatifs aux fonctionnalit\u00e9s du Site Web : Ces\ncookies vous permettent de parcourir le Site Web, d\u2019utiliser ses\nfonctionnalit\u00e9s et d\u2019enregistrer vos pr\u00e9f\u00e9rences (ex : ajouter\nun article \u00e0 votre panier).<\/p>\n\n\n\n<p>Des\ncookies d\u2019analyse du Site Web : Ces cookies nous permettent de\nmesurer la fr\u00e9quentation du Site Web et vos r\u00e9actions face aux\nproduits que nous proposons. Ils nous permettent d\u2019am\u00e9liorer le\nSite Web.<\/p>\n\n\n\n<p>Des\ncookies relatifs \u00e0 vos pr\u00e9f\u00e9rences : Lorsque vous naviguez ou\neffectuez des achats en ligne, le Site Web m\u00e9morise vos pr\u00e9f\u00e9rences\n(par exemple, votre nom d\u2019utilisateur, votre langue ou votre\nemplacement g\u00e9ographique). Cela simplifie, facilite et personnalise\nvotre exp\u00e9rience de navigation.<\/p>\n\n\n\n<p>Des\ncookies de ciblage ou des cookies publicitaires : Ces cookies sont\nutilis\u00e9s pour diffuser des annonces qui vous int\u00e9ressent. En outre,\nils limitent le nombre de fois o\u00f9 vous voyez une annonce et nous\naident \u00e0 mesurer l\u2019efficacit\u00e9 de nos campagnes publicitaires.<\/p>\n\n\n\n<p>La\nplupart des navigateurs acceptent automatiquement les cookies, mais\nce n\u2019est pas une obligation. En poursuivant votre navigation sur le\nSite Web, vous acceptez l\u2019utilisation de ces cookies. Si vous\nvoulez d\u00e9sactiver les cookies, il vous suffira d\u2019adapter les\nr\u00e9glages de votre navigateur en cons\u00e9quence, mais vous devez savoir\nqu\u2019en d\u00e9sactivant les cookies, vous risquez de ne pas pouvoir\ncr\u00e9er de compte en ligne ou utiliser toutes les fonctionnalit\u00e9s du\nSite Web. Vous trouverez ci-apr\u00e8s quelques informations concernant\nla fa\u00e7on de d\u00e9sactiver les cookies pour certains navigateurs web.<\/p>\n\n\n\n<p>Firefox:<\/p>\n\n\n\n<p>1.\nCliquez sur le bouton Menu \u2261\net s\u00e9lectionnez Options<\/p>\n\n\n\n<p>2.\nS\u00e9lectionnez le panneau Vie priv\u00e9e et s\u00e9curit\u00e9.<\/p>\n\n\n\n<p>3.\nDans la zone Historique, pour l\u2019option R\u00e8gles de conservation,\ns\u00e9lectionnez Ne jamais conserver l\u2019historique. Cliquez sur\nRed\u00e9marrer Firefox maintenant.<\/p>\n\n\n\n<p>4.\nRevenez sur le Menu \u2261\net s\u00e9lectionnez Options. Enfin s\u00e9lectionnez le panneau Vie Priv\u00e9e\net s\u00e9curit\u00e9.<\/p>\n\n\n\n<p>5.\nDans la section Protection contre le pistage s\u00e9lectionnez Toujours\nou Uniquement dans les fen\u00eatres priv\u00e9es. Puis cliquez modifiez les\nlistes de blocage. Choisissez une des deux options \u00ab Protection\nbasique \u00bb ou \u00ab Protection Stricte \u00bb. Attention, \u00ab protection\nstricte \u00bb peut emp\u00eacher certains sites de fonctionner<\/p>\n\n\n\n<p>Note\n: Si apr\u00e8s exploration de ce param\u00e8tre, vous constatez que vous ne\npouvez plus voir correctement certains de vos sites web, une solution\nimm\u00e9diate est de le positionner sur depuis les sites visit\u00e9s pour\nautoriser les cookies provenant de sites d\u00e9j\u00e0 visit\u00e9s.<\/p>\n\n\n\n<p>6.\nCliquez sur OK pour fermer la fen\u00eatre \u00ab Options \u00bb.\n(<a href=\"https:\/\/support.mozilla.org\/fr\/kb\/desactiver-cookies-tiers\">https:\/\/support.mozilla.org\/fr\/kb\/desactiver-cookies-tiers<\/a>)<\/p>\n\n\n\n<p>Internet\nExplorer:<\/p>\n\n\n\n<p>1.\nCliquez sur le bouton Outils, puis sur Options Internet.<\/p>\n\n\n\n<p>2.\nCliquez sur l\u2019onglet Confidentialit\u00e9, puis sous Param\u00e8tres,\nd\u00e9placez le curseur vers le haut pour bloquer tous les cookies ou\nvers le bas pour autoriser tous les cookies, puis cliquez sur OK.<\/p>\n\n\n\n<p><a href=\"http:\/\/windows.microsoft.com\/fr-fr\/windows7\/block-enable-or-allow-cookies\">http:\/\/windows.microsoft.com\/fr-fr\/windows7\/block-enable-or-allow-cookies<\/a><\/p>\n\n\n\n<p>Google\nChrome:<\/p>\n\n\n\n<p>1.\nDans l\u2019angle sup\u00e9rieur droit, cliquez sur Plus puis Param\u00e8tres.<\/p>\n\n\n\n<p>2.\nEn bas, cliquez sur Param\u00e8tres avanc\u00e9s.<\/p>\n\n\n\n<p>3.\nDans la section \u201cConfidentialit\u00e9\u201d, cliquez sur le bouton\nParam\u00e8tres de contenu.<\/p>\n\n\n\n<p>4.\nCliquez sur Cookies.<\/p>\n\n\n\n<p>5.\nD\u00e9sactivez Autoriser les sites \u00e0 enregistrer\/lire les donn\u00e9es des\ncookies.<\/p>\n\n\n\n<p>6.\nCliquez sur OK.<\/p>\n\n\n\n<p><a href=\"https:\/\/support.google.com\/chrome\/answer\/95647?hl=fr\">https:\/\/support.google.com\/chrome\/answer\/95647?hl=fr<\/a><\/p>\n\n\n\n<p>Safari:<\/p>\n\n\n\n<p>1.\nDans la barre de menu en haut, cliquez sur \u00ab Safari \u00bb, puis \u00ab\nPr\u00e9f\u00e9rences \u00bb<\/p>\n\n\n\n<p>2.\nS\u00e9lectionnez l\u2019ic\u00f4ne \u00ab Confidentialit\u00e9 \u00bb<\/p>\n\n\n\n<p>3.\n\u00c0 c\u00f4t\u00e9 de \u00ab Bloquer les cookies \u00bb, cochez \u00ab Toujours \u00bb<\/p>\n\n\n\n<p><a href=\"http:\/\/support.apple.com\/kb\/ht1677?viewlocale=fr_FR&amp;locale=fr_FR\">http:\/\/support.apple.com\/kb\/ht1677?viewlocale=fr_FR&amp;locale=fr_FR<\/a><\/p>\n\n\n\n<p>Veuillez\nnoter que nous ne contr\u00f4lons pas l\u2019utilisation de cookies par des\ntiers.<\/p>\n\n\n\n<p>#9\nDur\u00e9e de conservation de vos donn\u00e9es<\/p>\n\n\n\n<p>Pour\nles traitements de donn\u00e9es personnelles relatifs \u00e0 la gestion des\nclients e-commerce, des prospects, incluant notamment la gestion de\nla relation clients, la gestion des campagnes marketing, la gestion\ndes produits d\u00e9fectueux et le suivi des colis, nous appliquerons les\ndur\u00e9es de conservation suivantes :<\/p>\n\n\n\n<p>Les\nDonn\u00e9es Personnelles relatives aux clients : dur\u00e9e de la relation\ncontractuelle augment\u00e9e des dur\u00e9es de prescription l\u00e9gales soit 5\nans<\/p>\n\n\n\n<p>Les\ndonn\u00e9es relatives aux prospects non clients : 3 ans \u00e0 compter du\ndernier contact actif avec notre marque<\/p>\n\n\n\n<p>Cookies\nhistoriques d\u2019achat et de navigation : 13 mois<\/p>\n\n\n\n<p>Num\u00e9ro\net date de validit\u00e9 d\u2019une carte bancaire : 15 mois suivant la date\nde d\u00e9bit<\/p>\n\n\n\n<p>Le\ncryptogramme visuel de carte bancaire : Le temps de la transaction<\/p>\n\n\n\n<p>#10\nLien avec d\u2019autres sites<\/p>\n\n\n\n<p>Nous\npourrons vous offrir des liens avec d\u2019autres sites web. N\u00e9anmoins,\nnous ne serons pas responsables du contenu ou des politiques de\ncollecte d\u2019information sur ces sites web. Si vous visitez les sites\nweb de tierces personnes, nous vous recommandons de v\u00e9rifier leurs\npolitiques en mati\u00e8re de collecte d\u2019information et de protection\nde la vie priv\u00e9e. Nous n\u2019acceptons aucune responsabilit\u00e9 \u00e0 cet\n\u00e9gard. Veuillez v\u00e9rifier ces politiques avant de communiquer vos\ndonn\u00e9es personnelles \u00e0 ces sites web.<\/p>\n\n\n\n<p>#11\nModification de notre politique de confidentialit\u00e9<\/p>\n\n\n\n<p>Nous\nnous r\u00e9servons le droit de modifier notre politique de protection de\nla vie priv\u00e9e, dans le respect des lois en vigueur en mati\u00e8re de\nprotection des donn\u00e9es personnelles. Dans cette hypoth\u00e8se, les\nmodifications de notre politique de protection de la vie priv\u00e9e\nseront indiqu\u00e9es ici m\u00eame.<\/p>\n\n\n\n<p>#12\nNous contacter<\/p>\n\n\n\n<p>Si\nvous avez des questions concernant notre politique de protection de\nla vie priv\u00e9e ou la fa\u00e7on dont nous utilisons vos Donn\u00e9es\nPersonnelles, veuillez contacter la la soci\u00e9t\u00e9 Bifratex,\nresponsable du traitement de vos Donn\u00e9es Personnelles dans le cadre\nde l\u2019activit\u00e9 du Site Web en utilisant ce formulaire et en\npr\u00e9cisant l\u2019objet \u00ab donn\u00e9es personnelles \u00bb.<\/p>\n","protected":false},"excerpt":{"rendered":"<p>Bifratex responsable du traitement de vos Donn\u00e9es Personnelles prend tr\u00e8s au s\u00e9rieux la vie priv\u00e9e de toute personne qui visite notre boutique en ligne et plus largement de toute personne qui nous transmet des Donn\u00e9es Personnelles (terme d\u00e9fini ci-apr\u00e8s) la concernant, \u00e0 l\u2019occasion d\u2019un contact avec notre marque. Nous traiterons toujours vos Donn\u00e9es Personnelles conform\u00e9ment&#8230;<\/p>\n","protected":false},"author":1,"featured_media":0,"parent":0,"menu_order":0,"comment_status":"closed","ping_status":"open","template":"","meta":{"_monsterinsights_skip_tracking":false,"_monsterinsights_sitenote_active":false,"_monsterinsights_sitenote_note":"","_monsterinsights_sitenote_category":0,"_themeisle_gutenberg_block_has_review":false,"_kad_post_transparent":"","_kad_post_title":"","_kad_post_layout":"","_kad_post_sidebar_id":"","_kad_post_content_style":"","_kad_post_vertical_padding":"","_kad_post_feature":"","_kad_post_feature_position":"","_kad_post_header":false,"_kad_post_footer":false},"acf":[],"yoast_head":"<!-- This site is optimized with the Yoast SEO plugin v20.8 - https:\/\/yoast.com\/wordpress\/plugins\/seo\/ -->\n<title>Politique de confidentialit\u00e9 - SCOTT<\/title>\n<meta name=\"description\" content=\"v\u00eatements, Homme, Femme, Enfants, veste, blouson, Jacket, polo, t-shirt, pull, trench, outoor, casual, scott\" \/>\n<meta name=\"robots\" content=\"index, follow, max-snippet:-1, max-image-preview:large, max-video-preview:-1\" \/>\n<link rel=\"canonical\" href=\"https:\/\/www.scott.fr\/index.php\/politique-de-confidentialite\/\" \/>\n<meta property=\"og:locale\" content=\"fr_FR\" \/>\n<meta property=\"og:type\" content=\"article\" \/>\n<meta property=\"og:title\" content=\"Politique de confidentialit\u00e9 - SCOTT\" \/>\n<meta property=\"og:description\" content=\"v\u00eatements, Homme, Femme, Enfants, veste, blouson, Jacket, polo, t-shirt, pull, trench, outoor, casual, scott\" \/>\n<meta property=\"og:url\" content=\"https:\/\/www.scott.fr\/index.php\/politique-de-confidentialite\/\" \/>\n<meta property=\"og:site_name\" content=\"SCOTT\" \/>\n<meta property=\"article:publisher\" content=\"https:\/\/www.facebook.com\/ScottBrandFr\/\" \/>\n<meta property=\"article:modified_time\" content=\"2019-05-28T11:23:46+00:00\" \/>\n<meta name=\"twitter:card\" content=\"summary_large_image\" \/>\n<meta name=\"twitter:label1\" content=\"Dur\u00e9e de lecture estim\u00e9e\" \/>\n\t<meta name=\"twitter:data1\" content=\"11 minutes\" \/>\n<script type=\"application\/ld+json\" class=\"yoast-schema-graph\">{\"@context\":\"https:\/\/schema.org\",\"@graph\":[{\"@type\":\"WebPage\",\"@id\":\"https:\/\/www.scott.fr\/index.php\/politique-de-confidentialite\/\",\"url\":\"https:\/\/www.scott.fr\/index.php\/politique-de-confidentialite\/\",\"name\":\"Politique de confidentialit\u00e9 - SCOTT\",\"isPartOf\":{\"@id\":\"https:\/\/www.scott.fr\/#website\"},\"datePublished\":\"2019-05-24T09:45:32+00:00\",\"dateModified\":\"2019-05-28T11:23:46+00:00\",\"description\":\"v\u00eatements, Homme, Femme, Enfants, veste, blouson, Jacket, polo, t-shirt, pull, trench, outoor, casual, scott\",\"breadcrumb\":{\"@id\":\"https:\/\/www.scott.fr\/index.php\/politique-de-confidentialite\/#breadcrumb\"},\"inLanguage\":\"fr-FR\",\"potentialAction\":[{\"@type\":\"ReadAction\",\"target\":[\"https:\/\/www.scott.fr\/index.php\/politique-de-confidentialite\/\"]}]},{\"@type\":\"BreadcrumbList\",\"@id\":\"https:\/\/www.scott.fr\/index.php\/politique-de-confidentialite\/#breadcrumb\",\"itemListElement\":[{\"@type\":\"ListItem\",\"position\":1,\"name\":\"Accueil\",\"item\":\"https:\/\/www.scott.fr\/\"},{\"@type\":\"ListItem\",\"position\":2,\"name\":\"Politique de confidentialit\u00e9\"}]},{\"@type\":\"WebSite\",\"@id\":\"https:\/\/www.scott.fr\/#website\",\"url\":\"https:\/\/www.scott.fr\/\",\"name\":\"SCOTT\",\"description\":\"Boutique de V\u00eatement Homme Femme et Enfant\",\"publisher\":{\"@id\":\"https:\/\/www.scott.fr\/#organization\"},\"potentialAction\":[{\"@type\":\"SearchAction\",\"target\":{\"@type\":\"EntryPoint\",\"urlTemplate\":\"https:\/\/www.scott.fr\/?s={search_term_string}\"},\"query-input\":\"required name=search_term_string\"}],\"inLanguage\":\"fr-FR\"},{\"@type\":\"Organization\",\"@id\":\"https:\/\/www.scott.fr\/#organization\",\"name\":\"Scott\",\"url\":\"https:\/\/www.scott.fr\/\",\"logo\":{\"@type\":\"ImageObject\",\"inLanguage\":\"fr-FR\",\"@id\":\"https:\/\/www.scott.fr\/#\/schema\/logo\/image\/\",\"url\":\"https:\/\/www.scott.fr\/wp-content\/uploads\/2021\/06\/Logo-Scott.png\",\"contentUrl\":\"https:\/\/www.scott.fr\/wp-content\/uploads\/2021\/06\/Logo-Scott.png\",\"width\":1080,\"height\":680,\"caption\":\"Scott\"},\"image\":{\"@id\":\"https:\/\/www.scott.fr\/#\/schema\/logo\/image\/\"},\"sameAs\":[\"https:\/\/www.facebook.com\/ScottBrandFr\/\",\"https:\/\/www.instagram.com\/scottbrandfr\/\"]}]}<\/script>\n<!-- \/ Yoast SEO plugin. -->","yoast_head_json":{"title":"Politique de confidentialit\u00e9 - SCOTT","description":"v\u00eatements, Homme, Femme, Enfants, veste, blouson, Jacket, polo, t-shirt, pull, trench, outoor, casual, scott","robots":{"index":"index","follow":"follow","max-snippet":"max-snippet:-1","max-image-preview":"max-image-preview:large","max-video-preview":"max-video-preview:-1"},"canonical":"https:\/\/www.scott.fr\/index.php\/politique-de-confidentialite\/","og_locale":"fr_FR","og_type":"article","og_title":"Politique de confidentialit\u00e9 - SCOTT","og_description":"v\u00eatements, Homme, Femme, Enfants, veste, blouson, Jacket, polo, t-shirt, pull, trench, outoor, casual, scott","og_url":"https:\/\/www.scott.fr\/index.php\/politique-de-confidentialite\/","og_site_name":"SCOTT","article_publisher":"https:\/\/www.facebook.com\/ScottBrandFr\/","article_modified_time":"2019-05-28T11:23:46+00:00","twitter_card":"summary_large_image","twitter_misc":{"Dur\u00e9e de lecture estim\u00e9e":"11 minutes"},"schema":{"@context":"https:\/\/schema.org","@graph":[{"@type":"WebPage","@id":"https:\/\/www.scott.fr\/index.php\/politique-de-confidentialite\/","url":"https:\/\/www.scott.fr\/index.php\/politique-de-confidentialite\/","name":"Politique de confidentialit\u00e9 - SCOTT","isPartOf":{"@id":"https:\/\/www.scott.fr\/#website"},"datePublished":"2019-05-24T09:45:32+00:00","dateModified":"2019-05-28T11:23:46+00:00","description":"v\u00eatements, Homme, Femme, Enfants, veste, blouson, Jacket, polo, t-shirt, pull, trench, outoor, casual, scott","breadcrumb":{"@id":"https:\/\/www.scott.fr\/index.php\/politique-de-confidentialite\/#breadcrumb"},"inLanguage":"fr-FR","potentialAction":[{"@type":"ReadAction","target":["https:\/\/www.scott.fr\/index.php\/politique-de-confidentialite\/"]}]},{"@type":"BreadcrumbList","@id":"https:\/\/www.scott.fr\/index.php\/politique-de-confidentialite\/#breadcrumb","itemListElement":[{"@type":"ListItem","position":1,"name":"Accueil","item":"https:\/\/www.scott.fr\/"},{"@type":"ListItem","position":2,"name":"Politique de confidentialit\u00e9"}]},{"@type":"WebSite","@id":"https:\/\/www.scott.fr\/#website","url":"https:\/\/www.scott.fr\/","name":"SCOTT","description":"Boutique de V\u00eatement Homme Femme et Enfant","publisher":{"@id":"https:\/\/www.scott.fr\/#organization"},"potentialAction":[{"@type":"SearchAction","target":{"@type":"EntryPoint","urlTemplate":"https:\/\/www.scott.fr\/?s={search_term_string}"},"query-input":"required name=search_term_string"}],"inLanguage":"fr-FR"},{"@type":"Organization","@id":"https:\/\/www.scott.fr\/#organization","name":"Scott","url":"https:\/\/www.scott.fr\/","logo":{"@type":"ImageObject","inLanguage":"fr-FR","@id":"https:\/\/www.scott.fr\/#\/schema\/logo\/image\/","url":"https:\/\/www.scott.fr\/wp-content\/uploads\/2021\/06\/Logo-Scott.png","contentUrl":"https:\/\/www.scott.fr\/wp-content\/uploads\/2021\/06\/Logo-Scott.png","width":1080,"height":680,"caption":"Scott"},"image":{"@id":"https:\/\/www.scott.fr\/#\/schema\/logo\/image\/"},"sameAs":["https:\/\/www.facebook.com\/ScottBrandFr\/","https:\/\/www.instagram.com\/scottbrandfr\/"]}]}},"_links":{"self":[{"href":"https:\/\/www.scott.fr\/index.php\/wp-json\/wp\/v2\/pages\/3"}],"collection":[{"href":"https:\/\/www.scott.fr\/index.php\/wp-json\/wp\/v2\/pages"}],"about":[{"href":"https:\/\/www.scott.fr\/index.php\/wp-json\/wp\/v2\/types\/page"}],"author":[{"embeddable":true,"href":"https:\/\/www.scott.fr\/index.php\/wp-json\/wp\/v2\/users\/1"}],"replies":[{"embeddable":true,"href":"https:\/\/www.scott.fr\/index.php\/wp-json\/wp\/v2\/comments?post=3"}],"version-history":[{"count":3,"href":"https:\/\/www.scott.fr\/index.php\/wp-json\/wp\/v2\/pages\/3\/revisions"}],"predecessor-version":[{"id":1775,"href":"https:\/\/www.scott.fr\/index.php\/wp-json\/wp\/v2\/pages\/3\/revisions\/1775"}],"wp:attachment":[{"href":"https:\/\/www.scott.fr\/index.php\/wp-json\/wp\/v2\/media?parent=3"}],"curies":[{"name":"wp","href":"https:\/\/api.w.org\/{rel}","templated":true}]}}